{"id":12609,"date":"2023-08-21T11:16:43","date_gmt":"2023-08-21T09:16:43","guid":{"rendered":"https:\/\/capefoxx.com\/product\/ms-sharepoint-server\/"},"modified":"2025-09-18T13:32:57","modified_gmt":"2025-09-18T11:32:57","slug":"ms-sharepoint-server","status":"publish","type":"product","link":"https:\/\/capefoxx.com\/fr\/product\/ms-sharepoint-server\/","title":{"rendered":"MS SharePoint Server"},"content":{"rendered":"<p>Capefoxx propose une large gamme de logiciels Microsoft sous licence, qui vous permet de r\u00e9aliser des \u00e9conomies allant jusqu&rsquo;\u00e0 30 % par rapport \u00e0 la derni\u00e8re version de Microsoft.<\/p>\n<p>Nous garantissons la pleine conformit\u00e9 l\u00e9gale de toutes les transactions et fournissons une preuve compl\u00e8te de propri\u00e9t\u00e9 pour chaque achat.<\/p>\n<p>Il est important de noter qu&rsquo;avec un logiciel en relicence, vous acqu\u00e9rez les droits d&rsquo;utilisation, conform\u00e9ment \u00e0 l&rsquo;arr\u00eat de la Cour de justice des Communaut\u00e9s europ\u00e9ennes.<\/p>\n<p>Pour obtenir des informations sur les prix, veuillez s\u00e9lectionner le produit et la quantit\u00e9 souhait\u00e9s et nous envoyer une demande de renseignements. Nos experts vous contacteront pour vous donner tous les d\u00e9tails.<\/p>\n","protected":false},"excerpt":{"rendered":"<p>MS SharePoint est une plateforme de collaboration en ligne qui permet aux utilisateurs de partager et de g\u00e9rer du contenu, des documents et des informations. Il fournit une plateforme s\u00e9curis\u00e9e et conviviale permettant aux \u00e9quipes de communiquer, de collaborer et de partager des documents et des informations, ainsi que de g\u00e9rer des projets et des t\u00e2ches. SharePoint fournit \u00e9galement une plateforme pour des applications et des solutions personnalis\u00e9es.<\/p>\n","protected":false},"featured_media":10103,"comment_status":"closed","ping_status":"closed","template":"","meta":{"_acf_changed":false,"site-sidebar-layout":"default","site-content-layout":"","ast-site-content-layout":"default","site-content-style":"default","site-sidebar-style":"default","ast-global-header-display":"","ast-banner-title-visibility":"","ast-main-header-display":"","ast-hfb-above-header-display":"","ast-hfb-below-header-display":"","ast-hfb-mobile-header-display":"","site-post-title":"","ast-breadcrumbs-content":"","ast-featured-img":"","footer-sml-layout":"","theme-transparent-header-meta":"default","adv-header-id-meta":"","stick-header-meta":"","header-above-stick-meta":"","header-main-stick-meta":"","header-below-stick-meta":"","astra-migrate-meta-layouts":"default","ast-page-background-enabled":"default","ast-page-background-meta":{"desktop":{"background-color":"var(--ast-global-color-4)","background-image":"","background-repeat":"repeat","background-position":"center center","background-size":"auto","background-attachment":"scroll","background-type":"","background-media":"","overlay-type":"","overlay-color":"","overlay-opacity":"","overlay-gradient":""},"tablet":{"background-color":"","background-image":"","background-repeat":"repeat","background-position":"center center","background-size":"auto","background-attachment":"scroll","background-type":"","background-media":"","overlay-type":"","overlay-color":"","overlay-opacity":"","overlay-gradient":""},"mobile":{"background-color":"","background-image":"","background-repeat":"repeat","background-position":"center center","background-size":"auto","background-attachment":"scroll","background-type":"","background-media":"","overlay-type":"","overlay-color":"","overlay-opacity":"","overlay-gradient":""}},"ast-content-background-meta":{"desktop":{"background-color":"var(--ast-global-color-5)","background-image":"","background-repeat":"repeat","background-position":"center center","background-size":"auto","background-attachment":"scroll","background-type":"","background-media":"","overlay-type":"","overlay-color":"","overlay-opacity":"","overlay-gradient":""},"tablet":{"background-color":"var(--ast-global-color-5)","background-image":"","background-repeat":"repeat","background-position":"center center","background-size":"auto","background-attachment":"scroll","background-type":"","background-media":"","overlay-type":"","overlay-color":"","overlay-opacity":"","overlay-gradient":""},"mobile":{"background-color":"var(--ast-global-color-5)","background-image":"","background-repeat":"repeat","background-position":"center center","background-size":"auto","background-attachment":"scroll","background-type":"","background-media":"","overlay-type":"","overlay-color":"","overlay-opacity":"","overlay-gradient":""}}},"product_brand":[],"product_cat":[204,231],"product_tag":[],"class_list":{"0":"post-12609","1":"product","2":"type-product","3":"status-publish","4":"has-post-thumbnail","6":"product_cat-produits-serveur","7":"product_cat-sharepoint-server-fr","8":"desktop-align-left","9":"tablet-align-left","10":"mobile-align-left","12":"first","13":"instock","14":"shipping-taxable","15":"product-type-simple"},"acf":[],"yoast_head":"<!-- This site is optimized with the Yoast SEO plugin v26.0 - https:\/\/yoast.com\/wordpress\/plugins\/seo\/ -->\n<title>MS SharePoint Server - Capefoxx AG<\/title>\n<meta name=\"robots\" content=\"noindex, follow\" \/>\n<meta property=\"og:locale\" content=\"fr_FR\" \/>\n<meta property=\"og:type\" content=\"article\" \/>\n<meta property=\"og:title\" content=\"MS SharePoint Server - Capefoxx AG\" \/>\n<meta property=\"og:description\" content=\"MS SharePoint est une plateforme de collaboration en ligne qui permet aux utilisateurs de partager et de g\u00e9rer du contenu, des documents et des informations. Il fournit une plateforme s\u00e9curis\u00e9e et conviviale permettant aux \u00e9quipes de communiquer, de collaborer et de partager des documents et des informations, ainsi que de g\u00e9rer des projets et des t\u00e2ches. SharePoint fournit \u00e9galement une plateforme pour des applications et des solutions personnalis\u00e9es.\" \/>\n<meta property=\"og:url\" content=\"https:\/\/capefoxx.com\/fr\/product\/ms-sharepoint-server\/\" \/>\n<meta property=\"og:site_name\" content=\"Capefoxx AG\" \/>\n<meta property=\"article:modified_time\" content=\"2025-09-18T11:32:57+00:00\" \/>\n<meta property=\"og:image\" content=\"https:\/\/capefoxx.com\/wp-content\/uploads\/2023\/08\/MS_SharePoint_Server.png\" \/>\n\t<meta property=\"og:image:width\" content=\"250\" \/>\n\t<meta property=\"og:image:height\" content=\"358\" \/>\n\t<meta property=\"og:image:type\" content=\"image\/png\" \/>\n<meta name=\"twitter:card\" content=\"summary_large_image\" \/>\n<meta name=\"twitter:label1\" content=\"Dur\u00e9e de lecture estim\u00e9e\" \/>\n\t<meta name=\"twitter:data1\" content=\"1 minute\" \/>\n<script type=\"application\/ld+json\" class=\"yoast-schema-graph\">{\"@context\":\"https:\/\/schema.org\",\"@graph\":[{\"@type\":\"WebPage\",\"@id\":\"https:\/\/capefoxx.com\/fr\/product\/ms-sharepoint-server\/\",\"url\":\"https:\/\/capefoxx.com\/fr\/product\/ms-sharepoint-server\/\",\"name\":\"MS SharePoint Server - Capefoxx AG\",\"isPartOf\":{\"@id\":\"https:\/\/capefoxx.com\/fr\/#website\"},\"primaryImageOfPage\":{\"@id\":\"https:\/\/capefoxx.com\/fr\/product\/ms-sharepoint-server\/#primaryimage\"},\"image\":{\"@id\":\"https:\/\/capefoxx.com\/fr\/product\/ms-sharepoint-server\/#primaryimage\"},\"thumbnailUrl\":\"https:\/\/capefoxx.com\/wp-content\/uploads\/2023\/08\/MS_SharePoint_Server.png\",\"datePublished\":\"2023-08-21T09:16:43+00:00\",\"dateModified\":\"2025-09-18T11:32:57+00:00\",\"breadcrumb\":{\"@id\":\"https:\/\/capefoxx.com\/fr\/product\/ms-sharepoint-server\/#breadcrumb\"},\"inLanguage\":\"fr-FR\",\"potentialAction\":[{\"@type\":\"ReadAction\",\"target\":[\"https:\/\/capefoxx.com\/fr\/product\/ms-sharepoint-server\/\"]}]},{\"@type\":\"ImageObject\",\"inLanguage\":\"fr-FR\",\"@id\":\"https:\/\/capefoxx.com\/fr\/product\/ms-sharepoint-server\/#primaryimage\",\"url\":\"https:\/\/capefoxx.com\/wp-content\/uploads\/2023\/08\/MS_SharePoint_Server.png\",\"contentUrl\":\"https:\/\/capefoxx.com\/wp-content\/uploads\/2023\/08\/MS_SharePoint_Server.png\",\"width\":250,\"height\":358},{\"@type\":\"BreadcrumbList\",\"@id\":\"https:\/\/capefoxx.com\/fr\/product\/ms-sharepoint-server\/#breadcrumb\",\"itemListElement\":[{\"@type\":\"ListItem\",\"position\":1,\"name\":\"Accueil\",\"item\":\"https:\/\/capefoxx.com\/fr\/\"},{\"@type\":\"ListItem\",\"position\":2,\"name\":\"Software Catalogue\",\"item\":\"https:\/\/capefoxx.com\/used-software-catalogue\/\"},{\"@type\":\"ListItem\",\"position\":3,\"name\":\"MS SharePoint Server\"}]},{\"@type\":\"WebSite\",\"@id\":\"https:\/\/capefoxx.com\/fr\/#website\",\"url\":\"https:\/\/capefoxx.com\/fr\/\",\"name\":\"Capefoxx AG\",\"description\":\"We sell and buy used software licences\",\"publisher\":{\"@id\":\"https:\/\/capefoxx.com\/fr\/#organization\"},\"potentialAction\":[{\"@type\":\"SearchAction\",\"target\":{\"@type\":\"EntryPoint\",\"urlTemplate\":\"https:\/\/capefoxx.com\/fr\/?s={search_term_string}\"},\"query-input\":{\"@type\":\"PropertyValueSpecification\",\"valueRequired\":true,\"valueName\":\"search_term_string\"}}],\"inLanguage\":\"fr-FR\"},{\"@type\":\"Organization\",\"@id\":\"https:\/\/capefoxx.com\/fr\/#organization\",\"name\":\"Capefoxx AG\",\"url\":\"https:\/\/capefoxx.com\/fr\/\",\"logo\":{\"@type\":\"ImageObject\",\"inLanguage\":\"fr-FR\",\"@id\":\"https:\/\/capefoxx.com\/fr\/#\/schema\/logo\/image\/\",\"url\":\"https:\/\/capefoxx.com\/wp-content\/uploads\/2023\/05\/logo.png\",\"contentUrl\":\"https:\/\/capefoxx.com\/wp-content\/uploads\/2023\/05\/logo.png\",\"width\":130,\"height\":130,\"caption\":\"Capefoxx AG\"},\"image\":{\"@id\":\"https:\/\/capefoxx.com\/fr\/#\/schema\/logo\/image\/\"}}]}<\/script>\n<!-- \/ Yoast SEO plugin. -->","yoast_head_json":{"title":"MS SharePoint Server - Capefoxx AG","robots":{"index":"noindex","follow":"follow"},"og_locale":"fr_FR","og_type":"article","og_title":"MS SharePoint Server - Capefoxx AG","og_description":"MS SharePoint est une plateforme de collaboration en ligne qui permet aux utilisateurs de partager et de g\u00e9rer du contenu, des documents et des informations. Il fournit une plateforme s\u00e9curis\u00e9e et conviviale permettant aux \u00e9quipes de communiquer, de collaborer et de partager des documents et des informations, ainsi que de g\u00e9rer des projets et des t\u00e2ches. SharePoint fournit \u00e9galement une plateforme pour des applications et des solutions personnalis\u00e9es.","og_url":"https:\/\/capefoxx.com\/fr\/product\/ms-sharepoint-server\/","og_site_name":"Capefoxx AG","article_modified_time":"2025-09-18T11:32:57+00:00","og_image":[{"width":250,"height":358,"url":"https:\/\/capefoxx.com\/wp-content\/uploads\/2023\/08\/MS_SharePoint_Server.png","type":"image\/png"}],"twitter_card":"summary_large_image","twitter_misc":{"Dur\u00e9e de lecture estim\u00e9e":"1 minute"},"schema":{"@context":"https:\/\/schema.org","@graph":[{"@type":"WebPage","@id":"https:\/\/capefoxx.com\/fr\/product\/ms-sharepoint-server\/","url":"https:\/\/capefoxx.com\/fr\/product\/ms-sharepoint-server\/","name":"MS SharePoint Server - Capefoxx AG","isPartOf":{"@id":"https:\/\/capefoxx.com\/fr\/#website"},"primaryImageOfPage":{"@id":"https:\/\/capefoxx.com\/fr\/product\/ms-sharepoint-server\/#primaryimage"},"image":{"@id":"https:\/\/capefoxx.com\/fr\/product\/ms-sharepoint-server\/#primaryimage"},"thumbnailUrl":"https:\/\/capefoxx.com\/wp-content\/uploads\/2023\/08\/MS_SharePoint_Server.png","datePublished":"2023-08-21T09:16:43+00:00","dateModified":"2025-09-18T11:32:57+00:00","breadcrumb":{"@id":"https:\/\/capefoxx.com\/fr\/product\/ms-sharepoint-server\/#breadcrumb"},"inLanguage":"fr-FR","potentialAction":[{"@type":"ReadAction","target":["https:\/\/capefoxx.com\/fr\/product\/ms-sharepoint-server\/"]}]},{"@type":"ImageObject","inLanguage":"fr-FR","@id":"https:\/\/capefoxx.com\/fr\/product\/ms-sharepoint-server\/#primaryimage","url":"https:\/\/capefoxx.com\/wp-content\/uploads\/2023\/08\/MS_SharePoint_Server.png","contentUrl":"https:\/\/capefoxx.com\/wp-content\/uploads\/2023\/08\/MS_SharePoint_Server.png","width":250,"height":358},{"@type":"BreadcrumbList","@id":"https:\/\/capefoxx.com\/fr\/product\/ms-sharepoint-server\/#breadcrumb","itemListElement":[{"@type":"ListItem","position":1,"name":"Accueil","item":"https:\/\/capefoxx.com\/fr\/"},{"@type":"ListItem","position":2,"name":"Software Catalogue","item":"https:\/\/capefoxx.com\/used-software-catalogue\/"},{"@type":"ListItem","position":3,"name":"MS SharePoint Server"}]},{"@type":"WebSite","@id":"https:\/\/capefoxx.com\/fr\/#website","url":"https:\/\/capefoxx.com\/fr\/","name":"Capefoxx AG","description":"We sell and buy used software licences","publisher":{"@id":"https:\/\/capefoxx.com\/fr\/#organization"},"potentialAction":[{"@type":"SearchAction","target":{"@type":"EntryPoint","urlTemplate":"https:\/\/capefoxx.com\/fr\/?s={search_term_string}"},"query-input":{"@type":"PropertyValueSpecification","valueRequired":true,"valueName":"search_term_string"}}],"inLanguage":"fr-FR"},{"@type":"Organization","@id":"https:\/\/capefoxx.com\/fr\/#organization","name":"Capefoxx AG","url":"https:\/\/capefoxx.com\/fr\/","logo":{"@type":"ImageObject","inLanguage":"fr-FR","@id":"https:\/\/capefoxx.com\/fr\/#\/schema\/logo\/image\/","url":"https:\/\/capefoxx.com\/wp-content\/uploads\/2023\/05\/logo.png","contentUrl":"https:\/\/capefoxx.com\/wp-content\/uploads\/2023\/05\/logo.png","width":130,"height":130,"caption":"Capefoxx AG"},"image":{"@id":"https:\/\/capefoxx.com\/fr\/#\/schema\/logo\/image\/"}}]}},"_links":{"self":[{"href":"https:\/\/capefoxx.com\/fr\/wp-json\/wp\/v2\/product\/12609","targetHints":{"allow":["GET"]}}],"collection":[{"href":"https:\/\/capefoxx.com\/fr\/wp-json\/wp\/v2\/product"}],"about":[{"href":"https:\/\/capefoxx.com\/fr\/wp-json\/wp\/v2\/types\/product"}],"replies":[{"embeddable":true,"href":"https:\/\/capefoxx.com\/fr\/wp-json\/wp\/v2\/comments?post=12609"}],"wp:featuredmedia":[{"embeddable":true,"href":"https:\/\/capefoxx.com\/fr\/wp-json\/wp\/v2\/media\/10103"}],"wp:attachment":[{"href":"https:\/\/capefoxx.com\/fr\/wp-json\/wp\/v2\/media?parent=12609"}],"wp:term":[{"taxonomy":"product_brand","embeddable":true,"href":"https:\/\/capefoxx.com\/fr\/wp-json\/wp\/v2\/product_brand?post=12609"},{"taxonomy":"product_cat","embeddable":true,"href":"https:\/\/capefoxx.com\/fr\/wp-json\/wp\/v2\/product_cat?post=12609"},{"taxonomy":"product_tag","embeddable":true,"href":"https:\/\/capefoxx.com\/fr\/wp-json\/wp\/v2\/product_tag?post=12609"}],"curies":[{"name":"wp","href":"https:\/\/api.w.org\/{rel}","templated":true}]}}