{"id":12604,"date":"2023-08-21T11:15:37","date_gmt":"2023-08-21T09:15:37","guid":{"rendered":"https:\/\/capefoxx.com\/product\/ms-windows-10-professional-upgrade\/"},"modified":"2025-09-18T13:40:33","modified_gmt":"2025-09-18T11:40:33","slug":"ms-windows-10-professional-upgrade","status":"publish","type":"product","link":"https:\/\/capefoxx.com\/fr\/product\/ms-windows-10-professional-upgrade\/","title":{"rendered":"MS Windows 10 Professional Upgrade"},"content":{"rendered":"<p>Capefoxx propose une large gamme de logiciels Microsoft sous licence, qui vous permet de r\u00e9aliser des \u00e9conomies allant jusqu&rsquo;\u00e0 30 % par rapport \u00e0 la derni\u00e8re version de Microsoft.<\/p>\n<p>Nous garantissons la conformit\u00e9 l\u00e9gale de toutes les transactions et fournissons une preuve compl\u00e8te de propri\u00e9t\u00e9 pour chaque achat.<\/p>\n<p>Il est important de noter qu&rsquo;avec un logiciel sous licence, vous acqu\u00e9rez les droits d&rsquo;utilisation, conform\u00e9ment \u00e0 l&rsquo;arr\u00eat de la Cour europ\u00e9enne de justice.<\/p>\n<p>Pour obtenir des informations sur les prix, veuillez s\u00e9lectionner le produit et la quantit\u00e9 souhait\u00e9s, puis envoyez-nous une demande. Nos experts vous contacteront pour vous donner tous les d\u00e9tails. \u00ab\u00a0<\/p>\n","protected":false},"excerpt":{"rendered":"<p>MS Windows 10 Professional est un syst\u00e8me d&rsquo;exploitation puissant de Microsoft, optimis\u00e9 pour les environnements d&rsquo;entreprise. Il est dot\u00e9 des derni\u00e8res fonctions de s\u00e9curit\u00e9, d&rsquo;une interface utilisateur repens\u00e9e et d&rsquo;une prise en charge du mat\u00e9riel et des logiciels les plus r\u00e9cents. <\/p>\n","protected":false},"featured_media":10139,"comment_status":"closed","ping_status":"closed","template":"","meta":{"_acf_changed":false,"site-sidebar-layout":"default","site-content-layout":"","ast-site-content-layout":"default","site-content-style":"default","site-sidebar-style":"default","ast-global-header-display":"","ast-banner-title-visibility":"","ast-main-header-display":"","ast-hfb-above-header-display":"","ast-hfb-below-header-display":"","ast-hfb-mobile-header-display":"","site-post-title":"","ast-breadcrumbs-content":"","ast-featured-img":"","footer-sml-layout":"","theme-transparent-header-meta":"default","adv-header-id-meta":"","stick-header-meta":"","header-above-stick-meta":"","header-main-stick-meta":"","header-below-stick-meta":"","astra-migrate-meta-layouts":"default","ast-page-background-enabled":"default","ast-page-background-meta":{"desktop":{"background-color":"var(--ast-global-color-4)","background-image":"","background-repeat":"repeat","background-position":"center center","background-size":"auto","background-attachment":"scroll","background-type":"","background-media":"","overlay-type":"","overlay-color":"","overlay-opacity":"","overlay-gradient":""},"tablet":{"background-color":"","background-image":"","background-repeat":"repeat","background-position":"center center","background-size":"auto","background-attachment":"scroll","background-type":"","background-media":"","overlay-type":"","overlay-color":"","overlay-opacity":"","overlay-gradient":""},"mobile":{"background-color":"","background-image":"","background-repeat":"repeat","background-position":"center center","background-size":"auto","background-attachment":"scroll","background-type":"","background-media":"","overlay-type":"","overlay-color":"","overlay-opacity":"","overlay-gradient":""}},"ast-content-background-meta":{"desktop":{"background-color":"var(--ast-global-color-5)","background-image":"","background-repeat":"repeat","background-position":"center center","background-size":"auto","background-attachment":"scroll","background-type":"","background-media":"","overlay-type":"","overlay-color":"","overlay-opacity":"","overlay-gradient":""},"tablet":{"background-color":"var(--ast-global-color-5)","background-image":"","background-repeat":"repeat","background-position":"center center","background-size":"auto","background-attachment":"scroll","background-type":"","background-media":"","overlay-type":"","overlay-color":"","overlay-opacity":"","overlay-gradient":""},"mobile":{"background-color":"var(--ast-global-color-5)","background-image":"","background-repeat":"repeat","background-position":"center center","background-size":"auto","background-attachment":"scroll","background-type":"","background-media":"","overlay-type":"","overlay-color":"","overlay-opacity":"","overlay-gradient":""}}},"product_brand":[],"product_cat":[115,116],"product_tag":[],"class_list":{"0":"post-12604","1":"product","2":"type-product","3":"status-publish","4":"has-post-thumbnail","6":"product_cat-operating-system","7":"product_cat-windows","8":"desktop-align-left","9":"tablet-align-left","10":"mobile-align-left","12":"first","13":"instock","14":"shipping-taxable","15":"product-type-simple"},"acf":[],"yoast_head":"<!-- This site is optimized with the Yoast SEO plugin v26.0 - https:\/\/yoast.com\/wordpress\/plugins\/seo\/ -->\n<title>MS Windows 10 Professional Upgrade - Capefoxx AG<\/title>\n<meta name=\"robots\" content=\"noindex, follow\" \/>\n<meta property=\"og:locale\" content=\"fr_FR\" \/>\n<meta property=\"og:type\" content=\"article\" \/>\n<meta property=\"og:title\" content=\"MS Windows 10 Professional Upgrade - Capefoxx AG\" \/>\n<meta property=\"og:description\" content=\"MS Windows 10 Professional est un syst\u00e8me d&#039;exploitation puissant de Microsoft, optimis\u00e9 pour les environnements d&#039;entreprise. Il est dot\u00e9 des derni\u00e8res fonctions de s\u00e9curit\u00e9, d&#039;une interface utilisateur repens\u00e9e et d&#039;une prise en charge du mat\u00e9riel et des logiciels les plus r\u00e9cents.\" \/>\n<meta property=\"og:url\" content=\"https:\/\/capefoxx.com\/fr\/product\/ms-windows-10-professional-upgrade\/\" \/>\n<meta property=\"og:site_name\" content=\"Capefoxx AG\" \/>\n<meta property=\"article:modified_time\" content=\"2025-09-18T11:40:33+00:00\" \/>\n<meta property=\"og:image\" content=\"https:\/\/capefoxx.com\/wp-content\/uploads\/2024\/05\/MS_Windows_10_Professional_Upgrade.png\" \/>\n\t<meta property=\"og:image:width\" content=\"250\" \/>\n\t<meta property=\"og:image:height\" content=\"358\" \/>\n\t<meta property=\"og:image:type\" content=\"image\/png\" \/>\n<meta name=\"twitter:card\" content=\"summary_large_image\" \/>\n<meta name=\"twitter:label1\" content=\"Dur\u00e9e de lecture estim\u00e9e\" \/>\n\t<meta name=\"twitter:data1\" content=\"1 minute\" \/>\n<script type=\"application\/ld+json\" class=\"yoast-schema-graph\">{\"@context\":\"https:\/\/schema.org\",\"@graph\":[{\"@type\":\"WebPage\",\"@id\":\"https:\/\/capefoxx.com\/fr\/product\/ms-windows-10-professional-upgrade\/\",\"url\":\"https:\/\/capefoxx.com\/fr\/product\/ms-windows-10-professional-upgrade\/\",\"name\":\"MS Windows 10 Professional Upgrade - Capefoxx AG\",\"isPartOf\":{\"@id\":\"https:\/\/capefoxx.com\/fr\/#website\"},\"primaryImageOfPage\":{\"@id\":\"https:\/\/capefoxx.com\/fr\/product\/ms-windows-10-professional-upgrade\/#primaryimage\"},\"image\":{\"@id\":\"https:\/\/capefoxx.com\/fr\/product\/ms-windows-10-professional-upgrade\/#primaryimage\"},\"thumbnailUrl\":\"https:\/\/capefoxx.com\/wp-content\/uploads\/2024\/05\/MS_Windows_10_Professional_Upgrade.png\",\"datePublished\":\"2023-08-21T09:15:37+00:00\",\"dateModified\":\"2025-09-18T11:40:33+00:00\",\"breadcrumb\":{\"@id\":\"https:\/\/capefoxx.com\/fr\/product\/ms-windows-10-professional-upgrade\/#breadcrumb\"},\"inLanguage\":\"fr-FR\",\"potentialAction\":[{\"@type\":\"ReadAction\",\"target\":[\"https:\/\/capefoxx.com\/fr\/product\/ms-windows-10-professional-upgrade\/\"]}]},{\"@type\":\"ImageObject\",\"inLanguage\":\"fr-FR\",\"@id\":\"https:\/\/capefoxx.com\/fr\/product\/ms-windows-10-professional-upgrade\/#primaryimage\",\"url\":\"https:\/\/capefoxx.com\/wp-content\/uploads\/2024\/05\/MS_Windows_10_Professional_Upgrade.png\",\"contentUrl\":\"https:\/\/capefoxx.com\/wp-content\/uploads\/2024\/05\/MS_Windows_10_Professional_Upgrade.png\",\"width\":250,\"height\":358},{\"@type\":\"BreadcrumbList\",\"@id\":\"https:\/\/capefoxx.com\/fr\/product\/ms-windows-10-professional-upgrade\/#breadcrumb\",\"itemListElement\":[{\"@type\":\"ListItem\",\"position\":1,\"name\":\"Accueil\",\"item\":\"https:\/\/capefoxx.com\/fr\/\"},{\"@type\":\"ListItem\",\"position\":2,\"name\":\"Software Catalogue\",\"item\":\"https:\/\/capefoxx.com\/used-software-catalogue\/\"},{\"@type\":\"ListItem\",\"position\":3,\"name\":\"MS Windows 10 Professional Upgrade\"}]},{\"@type\":\"WebSite\",\"@id\":\"https:\/\/capefoxx.com\/fr\/#website\",\"url\":\"https:\/\/capefoxx.com\/fr\/\",\"name\":\"Capefoxx AG\",\"description\":\"We sell and buy used software licences\",\"publisher\":{\"@id\":\"https:\/\/capefoxx.com\/fr\/#organization\"},\"potentialAction\":[{\"@type\":\"SearchAction\",\"target\":{\"@type\":\"EntryPoint\",\"urlTemplate\":\"https:\/\/capefoxx.com\/fr\/?s={search_term_string}\"},\"query-input\":{\"@type\":\"PropertyValueSpecification\",\"valueRequired\":true,\"valueName\":\"search_term_string\"}}],\"inLanguage\":\"fr-FR\"},{\"@type\":\"Organization\",\"@id\":\"https:\/\/capefoxx.com\/fr\/#organization\",\"name\":\"Capefoxx AG\",\"url\":\"https:\/\/capefoxx.com\/fr\/\",\"logo\":{\"@type\":\"ImageObject\",\"inLanguage\":\"fr-FR\",\"@id\":\"https:\/\/capefoxx.com\/fr\/#\/schema\/logo\/image\/\",\"url\":\"https:\/\/capefoxx.com\/wp-content\/uploads\/2023\/05\/logo.png\",\"contentUrl\":\"https:\/\/capefoxx.com\/wp-content\/uploads\/2023\/05\/logo.png\",\"width\":130,\"height\":130,\"caption\":\"Capefoxx AG\"},\"image\":{\"@id\":\"https:\/\/capefoxx.com\/fr\/#\/schema\/logo\/image\/\"}}]}<\/script>\n<!-- \/ Yoast SEO plugin. -->","yoast_head_json":{"title":"MS Windows 10 Professional Upgrade - Capefoxx AG","robots":{"index":"noindex","follow":"follow"},"og_locale":"fr_FR","og_type":"article","og_title":"MS Windows 10 Professional Upgrade - Capefoxx AG","og_description":"MS Windows 10 Professional est un syst\u00e8me d'exploitation puissant de Microsoft, optimis\u00e9 pour les environnements d'entreprise. Il est dot\u00e9 des derni\u00e8res fonctions de s\u00e9curit\u00e9, d'une interface utilisateur repens\u00e9e et d'une prise en charge du mat\u00e9riel et des logiciels les plus r\u00e9cents.","og_url":"https:\/\/capefoxx.com\/fr\/product\/ms-windows-10-professional-upgrade\/","og_site_name":"Capefoxx AG","article_modified_time":"2025-09-18T11:40:33+00:00","og_image":[{"width":250,"height":358,"url":"https:\/\/capefoxx.com\/wp-content\/uploads\/2024\/05\/MS_Windows_10_Professional_Upgrade.png","type":"image\/png"}],"twitter_card":"summary_large_image","twitter_misc":{"Dur\u00e9e de lecture estim\u00e9e":"1 minute"},"schema":{"@context":"https:\/\/schema.org","@graph":[{"@type":"WebPage","@id":"https:\/\/capefoxx.com\/fr\/product\/ms-windows-10-professional-upgrade\/","url":"https:\/\/capefoxx.com\/fr\/product\/ms-windows-10-professional-upgrade\/","name":"MS Windows 10 Professional Upgrade - Capefoxx AG","isPartOf":{"@id":"https:\/\/capefoxx.com\/fr\/#website"},"primaryImageOfPage":{"@id":"https:\/\/capefoxx.com\/fr\/product\/ms-windows-10-professional-upgrade\/#primaryimage"},"image":{"@id":"https:\/\/capefoxx.com\/fr\/product\/ms-windows-10-professional-upgrade\/#primaryimage"},"thumbnailUrl":"https:\/\/capefoxx.com\/wp-content\/uploads\/2024\/05\/MS_Windows_10_Professional_Upgrade.png","datePublished":"2023-08-21T09:15:37+00:00","dateModified":"2025-09-18T11:40:33+00:00","breadcrumb":{"@id":"https:\/\/capefoxx.com\/fr\/product\/ms-windows-10-professional-upgrade\/#breadcrumb"},"inLanguage":"fr-FR","potentialAction":[{"@type":"ReadAction","target":["https:\/\/capefoxx.com\/fr\/product\/ms-windows-10-professional-upgrade\/"]}]},{"@type":"ImageObject","inLanguage":"fr-FR","@id":"https:\/\/capefoxx.com\/fr\/product\/ms-windows-10-professional-upgrade\/#primaryimage","url":"https:\/\/capefoxx.com\/wp-content\/uploads\/2024\/05\/MS_Windows_10_Professional_Upgrade.png","contentUrl":"https:\/\/capefoxx.com\/wp-content\/uploads\/2024\/05\/MS_Windows_10_Professional_Upgrade.png","width":250,"height":358},{"@type":"BreadcrumbList","@id":"https:\/\/capefoxx.com\/fr\/product\/ms-windows-10-professional-upgrade\/#breadcrumb","itemListElement":[{"@type":"ListItem","position":1,"name":"Accueil","item":"https:\/\/capefoxx.com\/fr\/"},{"@type":"ListItem","position":2,"name":"Software Catalogue","item":"https:\/\/capefoxx.com\/used-software-catalogue\/"},{"@type":"ListItem","position":3,"name":"MS Windows 10 Professional Upgrade"}]},{"@type":"WebSite","@id":"https:\/\/capefoxx.com\/fr\/#website","url":"https:\/\/capefoxx.com\/fr\/","name":"Capefoxx AG","description":"We sell and buy used software licences","publisher":{"@id":"https:\/\/capefoxx.com\/fr\/#organization"},"potentialAction":[{"@type":"SearchAction","target":{"@type":"EntryPoint","urlTemplate":"https:\/\/capefoxx.com\/fr\/?s={search_term_string}"},"query-input":{"@type":"PropertyValueSpecification","valueRequired":true,"valueName":"search_term_string"}}],"inLanguage":"fr-FR"},{"@type":"Organization","@id":"https:\/\/capefoxx.com\/fr\/#organization","name":"Capefoxx AG","url":"https:\/\/capefoxx.com\/fr\/","logo":{"@type":"ImageObject","inLanguage":"fr-FR","@id":"https:\/\/capefoxx.com\/fr\/#\/schema\/logo\/image\/","url":"https:\/\/capefoxx.com\/wp-content\/uploads\/2023\/05\/logo.png","contentUrl":"https:\/\/capefoxx.com\/wp-content\/uploads\/2023\/05\/logo.png","width":130,"height":130,"caption":"Capefoxx AG"},"image":{"@id":"https:\/\/capefoxx.com\/fr\/#\/schema\/logo\/image\/"}}]}},"_links":{"self":[{"href":"https:\/\/capefoxx.com\/fr\/wp-json\/wp\/v2\/product\/12604","targetHints":{"allow":["GET"]}}],"collection":[{"href":"https:\/\/capefoxx.com\/fr\/wp-json\/wp\/v2\/product"}],"about":[{"href":"https:\/\/capefoxx.com\/fr\/wp-json\/wp\/v2\/types\/product"}],"replies":[{"embeddable":true,"href":"https:\/\/capefoxx.com\/fr\/wp-json\/wp\/v2\/comments?post=12604"}],"wp:featuredmedia":[{"embeddable":true,"href":"https:\/\/capefoxx.com\/fr\/wp-json\/wp\/v2\/media\/10139"}],"wp:attachment":[{"href":"https:\/\/capefoxx.com\/fr\/wp-json\/wp\/v2\/media?parent=12604"}],"wp:term":[{"taxonomy":"product_brand","embeddable":true,"href":"https:\/\/capefoxx.com\/fr\/wp-json\/wp\/v2\/product_brand?post=12604"},{"taxonomy":"product_cat","embeddable":true,"href":"https:\/\/capefoxx.com\/fr\/wp-json\/wp\/v2\/product_cat?post=12604"},{"taxonomy":"product_tag","embeddable":true,"href":"https:\/\/capefoxx.com\/fr\/wp-json\/wp\/v2\/product_tag?post=12604"}],"curies":[{"name":"wp","href":"https:\/\/api.w.org\/{rel}","templated":true}]}}