{"id":12529,"date":"2025-04-01T10:37:48","date_gmt":"2025-04-01T08:37:48","guid":{"rendered":"https:\/\/capefoxx.com\/product\/vmware-vrealize-operations-8-standard-1-cpu\/"},"modified":"2025-04-01T10:37:48","modified_gmt":"2025-04-01T08:37:48","slug":"vmware-vrealize-operations-8-standard-1-cpu","status":"publish","type":"product","link":"https:\/\/capefoxx.com\/fr\/product\/vmware-vrealize-operations-8-standard-1-cpu\/","title":{"rendered":"<span style=\"color: #ff0000;\">VMware*<\/span> vRealize Operations 8 Standard (1 CPU)"},"content":{"rendered":"","protected":false},"excerpt":{"rendered":"<p>VMware vRealize Operations 8 Standard est une solution robuste de gestion des op\u00e9rations qui assure la visibilit\u00e9, la surveillance et l&rsquo;optimisation de vos environnements virtuels et de cloud computing. Il vous aide \u00e0 am\u00e9liorer l&rsquo;efficacit\u00e9, \u00e0 r\u00e9soudre les probl\u00e8mes et \u00e0 garantir la sant\u00e9 de votre infrastructure.<\/p>\n<h4><strong>Principales caract\u00e9ristiques et avantages :<\/strong><\/h4>\n<ul>\n<li>Surveillance et analyse compl\u00e8tes<\/li>\n<li>Optimisation des performances et d\u00e9pannage<\/li>\n<li>Planification des capacit\u00e9s et gestion des ressources<\/li>\n<li>Gestion simplifi\u00e9e des op\u00e9rations<\/li>\n<li>Int\u00e9gration transparente avec les solutions VMware<\/li>\n<\/ul>\n<h4><strong>D\u00e9tails de la licence :<\/strong><\/h4>\n<ul>\n<li>Edition : VMware vRealize Operations 8 Standard &#8211; d&rsquo;occasion<\/li>\n<li>Type de licence : Par CPU (1 CPU)<\/li>\n<\/ul>\n<h4><strong>Pourquoi choisir VMware vRealize Operations 8 Standard ?<\/strong><\/h4>\n<p>Cette \u00e9dition est id\u00e9ale pour les organisations qui cherchent \u00e0 am\u00e9liorer la visibilit\u00e9 et le contr\u00f4le de leurs environnements virtuels et en nuage. Avec vRealize Operations 8 Standard, vous pouvez rationaliser les op\u00e9rations, am\u00e9liorer l&rsquo;utilisation des ressources et garantir la fiabilit\u00e9 de votre infrastructure.<\/p>\n","protected":false},"featured_media":11760,"comment_status":"closed","ping_status":"closed","template":"","meta":{"_acf_changed":false,"site-sidebar-layout":"default","site-content-layout":"","ast-site-content-layout":"default","site-content-style":"default","site-sidebar-style":"default","ast-global-header-display":"","ast-banner-title-visibility":"","ast-main-header-display":"","ast-hfb-above-header-display":"","ast-hfb-below-header-display":"","ast-hfb-mobile-header-display":"","site-post-title":"","ast-breadcrumbs-content":"","ast-featured-img":"","footer-sml-layout":"","theme-transparent-header-meta":"default","adv-header-id-meta":"","stick-header-meta":"","header-above-stick-meta":"","header-main-stick-meta":"","header-below-stick-meta":"","astra-migrate-meta-layouts":"default","ast-page-background-enabled":"default","ast-page-background-meta":{"desktop":{"background-color":"var(--ast-global-color-4)","background-image":"","background-repeat":"repeat","background-position":"center center","background-size":"auto","background-attachment":"scroll","background-type":"","background-media":"","overlay-type":"","overlay-color":"","overlay-opacity":"","overlay-gradient":""},"tablet":{"background-color":"","background-image":"","background-repeat":"repeat","background-position":"center center","background-size":"auto","background-attachment":"scroll","background-type":"","background-media":"","overlay-type":"","overlay-color":"","overlay-opacity":"","overlay-gradient":""},"mobile":{"background-color":"","background-image":"","background-repeat":"repeat","background-position":"center center","background-size":"auto","background-attachment":"scroll","background-type":"","background-media":"","overlay-type":"","overlay-color":"","overlay-opacity":"","overlay-gradient":""}},"ast-content-background-meta":{"desktop":{"background-color":"var(--ast-global-color-5)","background-image":"","background-repeat":"repeat","background-position":"center center","background-size":"auto","background-attachment":"scroll","background-type":"","background-media":"","overlay-type":"","overlay-color":"","overlay-opacity":"","overlay-gradient":""},"tablet":{"background-color":"var(--ast-global-color-5)","background-image":"","background-repeat":"repeat","background-position":"center center","background-size":"auto","background-attachment":"scroll","background-type":"","background-media":"","overlay-type":"","overlay-color":"","overlay-opacity":"","overlay-gradient":""},"mobile":{"background-color":"var(--ast-global-color-5)","background-image":"","background-repeat":"repeat","background-position":"center center","background-size":"auto","background-attachment":"scroll","background-type":"","background-media":"","overlay-type":"","overlay-color":"","overlay-opacity":"","overlay-gradient":""}}},"product_brand":[],"product_cat":[241],"product_tag":[],"class_list":{"0":"post-12529","1":"product","2":"type-product","3":"status-publish","4":"has-post-thumbnail","6":"product_cat-vmware-de","7":"desktop-align-left","8":"tablet-align-left","9":"mobile-align-left","11":"first","12":"instock","13":"shipping-taxable","14":"product-type-simple"},"acf":[],"yoast_head":"<!-- This site is optimized with the Yoast SEO plugin v26.0 - https:\/\/yoast.com\/wordpress\/plugins\/seo\/ -->\n<title>VMware* vRealize Operations 8 Standard (1 CPU) - Capefoxx AG<\/title>\n<meta name=\"robots\" content=\"noindex, follow\" \/>\n<meta property=\"og:locale\" content=\"fr_FR\" \/>\n<meta property=\"og:type\" content=\"article\" \/>\n<meta property=\"og:title\" content=\"VMware* vRealize Operations 8 Standard (1 CPU) - Capefoxx AG\" \/>\n<meta property=\"og:description\" content=\"VMware vRealize Operations 8 Standard est une solution robuste de gestion des op\u00e9rations qui assure la visibilit\u00e9, la surveillance et l&#039;optimisation de vos environnements virtuels et de cloud computing. Il vous aide \u00e0 am\u00e9liorer l&#039;efficacit\u00e9, \u00e0 r\u00e9soudre les probl\u00e8mes et \u00e0 garantir la sant\u00e9 de votre infrastructure. Principales caract\u00e9ristiques et avantages :  Surveillance et analyse compl\u00e8tes  Optimisation des performances et d\u00e9pannage  Planification des capacit\u00e9s et gestion des ressources  Gestion simplifi\u00e9e des op\u00e9rations  Int\u00e9gration transparente avec les solutions VMware D\u00e9tails de la licence :  Edition : VMware vRealize Operations 8 Standard - d&#039;occasion  Type de licence : Par CPU (1 CPU) Pourquoi choisir VMware vRealize Operations 8 Standard ? Cette \u00e9dition est id\u00e9ale pour les organisations qui cherchent \u00e0 am\u00e9liorer la visibilit\u00e9 et le contr\u00f4le de leurs environnements virtuels et en nuage. Avec vRealize Operations 8 Standard, vous pouvez rationaliser les op\u00e9rations, am\u00e9liorer l&#039;utilisation des ressources et garantir la fiabilit\u00e9 de votre infrastructure.\" \/>\n<meta property=\"og:url\" content=\"https:\/\/capefoxx.com\/fr\/product\/vmware-vrealize-operations-8-standard-1-cpu\/\" \/>\n<meta property=\"og:site_name\" content=\"Capefoxx AG\" \/>\n<meta property=\"og:image\" content=\"https:\/\/capefoxx.com\/wp-content\/uploads\/2025\/04\/VMware-vRealize-Operations-8-Std-1-CPU.png\" \/>\n\t<meta property=\"og:image:width\" content=\"140\" \/>\n\t<meta property=\"og:image:height\" content=\"200\" \/>\n\t<meta property=\"og:image:type\" content=\"image\/png\" \/>\n<meta name=\"twitter:card\" content=\"summary_large_image\" \/>\n<script type=\"application\/ld+json\" class=\"yoast-schema-graph\">{\"@context\":\"https:\/\/schema.org\",\"@graph\":[{\"@type\":\"WebPage\",\"@id\":\"https:\/\/capefoxx.com\/fr\/product\/vmware-vrealize-operations-8-standard-1-cpu\/\",\"url\":\"https:\/\/capefoxx.com\/fr\/product\/vmware-vrealize-operations-8-standard-1-cpu\/\",\"name\":\"VMware* vRealize Operations 8 Standard (1 CPU) - Capefoxx AG\",\"isPartOf\":{\"@id\":\"https:\/\/capefoxx.com\/fr\/#website\"},\"primaryImageOfPage\":{\"@id\":\"https:\/\/capefoxx.com\/fr\/product\/vmware-vrealize-operations-8-standard-1-cpu\/#primaryimage\"},\"image\":{\"@id\":\"https:\/\/capefoxx.com\/fr\/product\/vmware-vrealize-operations-8-standard-1-cpu\/#primaryimage\"},\"thumbnailUrl\":\"https:\/\/capefoxx.com\/wp-content\/uploads\/2025\/04\/VMware-vRealize-Operations-8-Std-1-CPU.png\",\"datePublished\":\"2025-04-01T08:37:48+00:00\",\"breadcrumb\":{\"@id\":\"https:\/\/capefoxx.com\/fr\/product\/vmware-vrealize-operations-8-standard-1-cpu\/#breadcrumb\"},\"inLanguage\":\"fr-FR\",\"potentialAction\":[{\"@type\":\"ReadAction\",\"target\":[\"https:\/\/capefoxx.com\/fr\/product\/vmware-vrealize-operations-8-standard-1-cpu\/\"]}]},{\"@type\":\"ImageObject\",\"inLanguage\":\"fr-FR\",\"@id\":\"https:\/\/capefoxx.com\/fr\/product\/vmware-vrealize-operations-8-standard-1-cpu\/#primaryimage\",\"url\":\"https:\/\/capefoxx.com\/wp-content\/uploads\/2025\/04\/VMware-vRealize-Operations-8-Std-1-CPU.png\",\"contentUrl\":\"https:\/\/capefoxx.com\/wp-content\/uploads\/2025\/04\/VMware-vRealize-Operations-8-Std-1-CPU.png\",\"width\":140,\"height\":200},{\"@type\":\"BreadcrumbList\",\"@id\":\"https:\/\/capefoxx.com\/fr\/product\/vmware-vrealize-operations-8-standard-1-cpu\/#breadcrumb\",\"itemListElement\":[{\"@type\":\"ListItem\",\"position\":1,\"name\":\"Accueil\",\"item\":\"https:\/\/capefoxx.com\/fr\/\"},{\"@type\":\"ListItem\",\"position\":2,\"name\":\"Software Catalogue\",\"item\":\"https:\/\/capefoxx.com\/used-software-catalogue\/\"},{\"@type\":\"ListItem\",\"position\":3,\"name\":\"VMware* vRealize Operations 8 Standard (1 CPU)\"}]},{\"@type\":\"WebSite\",\"@id\":\"https:\/\/capefoxx.com\/fr\/#website\",\"url\":\"https:\/\/capefoxx.com\/fr\/\",\"name\":\"Capefoxx AG\",\"description\":\"We sell and buy used software licences\",\"publisher\":{\"@id\":\"https:\/\/capefoxx.com\/fr\/#organization\"},\"potentialAction\":[{\"@type\":\"SearchAction\",\"target\":{\"@type\":\"EntryPoint\",\"urlTemplate\":\"https:\/\/capefoxx.com\/fr\/?s={search_term_string}\"},\"query-input\":{\"@type\":\"PropertyValueSpecification\",\"valueRequired\":true,\"valueName\":\"search_term_string\"}}],\"inLanguage\":\"fr-FR\"},{\"@type\":\"Organization\",\"@id\":\"https:\/\/capefoxx.com\/fr\/#organization\",\"name\":\"Capefoxx AG\",\"url\":\"https:\/\/capefoxx.com\/fr\/\",\"logo\":{\"@type\":\"ImageObject\",\"inLanguage\":\"fr-FR\",\"@id\":\"https:\/\/capefoxx.com\/fr\/#\/schema\/logo\/image\/\",\"url\":\"https:\/\/capefoxx.com\/wp-content\/uploads\/2023\/05\/logo.png\",\"contentUrl\":\"https:\/\/capefoxx.com\/wp-content\/uploads\/2023\/05\/logo.png\",\"width\":130,\"height\":130,\"caption\":\"Capefoxx AG\"},\"image\":{\"@id\":\"https:\/\/capefoxx.com\/fr\/#\/schema\/logo\/image\/\"}}]}<\/script>\n<!-- \/ Yoast SEO plugin. -->","yoast_head_json":{"title":"VMware* vRealize Operations 8 Standard (1 CPU) - Capefoxx AG","robots":{"index":"noindex","follow":"follow"},"og_locale":"fr_FR","og_type":"article","og_title":"VMware* vRealize Operations 8 Standard (1 CPU) - Capefoxx AG","og_description":"VMware vRealize Operations 8 Standard est une solution robuste de gestion des op\u00e9rations qui assure la visibilit\u00e9, la surveillance et l'optimisation de vos environnements virtuels et de cloud computing. Il vous aide \u00e0 am\u00e9liorer l'efficacit\u00e9, \u00e0 r\u00e9soudre les probl\u00e8mes et \u00e0 garantir la sant\u00e9 de votre infrastructure. Principales caract\u00e9ristiques et avantages :  Surveillance et analyse compl\u00e8tes  Optimisation des performances et d\u00e9pannage  Planification des capacit\u00e9s et gestion des ressources  Gestion simplifi\u00e9e des op\u00e9rations  Int\u00e9gration transparente avec les solutions VMware D\u00e9tails de la licence :  Edition : VMware vRealize Operations 8 Standard - d'occasion  Type de licence : Par CPU (1 CPU) Pourquoi choisir VMware vRealize Operations 8 Standard ? Cette \u00e9dition est id\u00e9ale pour les organisations qui cherchent \u00e0 am\u00e9liorer la visibilit\u00e9 et le contr\u00f4le de leurs environnements virtuels et en nuage. Avec vRealize Operations 8 Standard, vous pouvez rationaliser les op\u00e9rations, am\u00e9liorer l'utilisation des ressources et garantir la fiabilit\u00e9 de votre infrastructure.","og_url":"https:\/\/capefoxx.com\/fr\/product\/vmware-vrealize-operations-8-standard-1-cpu\/","og_site_name":"Capefoxx AG","og_image":[{"width":140,"height":200,"url":"https:\/\/capefoxx.com\/wp-content\/uploads\/2025\/04\/VMware-vRealize-Operations-8-Std-1-CPU.png","type":"image\/png"}],"twitter_card":"summary_large_image","schema":{"@context":"https:\/\/schema.org","@graph":[{"@type":"WebPage","@id":"https:\/\/capefoxx.com\/fr\/product\/vmware-vrealize-operations-8-standard-1-cpu\/","url":"https:\/\/capefoxx.com\/fr\/product\/vmware-vrealize-operations-8-standard-1-cpu\/","name":"VMware* vRealize Operations 8 Standard (1 CPU) - Capefoxx AG","isPartOf":{"@id":"https:\/\/capefoxx.com\/fr\/#website"},"primaryImageOfPage":{"@id":"https:\/\/capefoxx.com\/fr\/product\/vmware-vrealize-operations-8-standard-1-cpu\/#primaryimage"},"image":{"@id":"https:\/\/capefoxx.com\/fr\/product\/vmware-vrealize-operations-8-standard-1-cpu\/#primaryimage"},"thumbnailUrl":"https:\/\/capefoxx.com\/wp-content\/uploads\/2025\/04\/VMware-vRealize-Operations-8-Std-1-CPU.png","datePublished":"2025-04-01T08:37:48+00:00","breadcrumb":{"@id":"https:\/\/capefoxx.com\/fr\/product\/vmware-vrealize-operations-8-standard-1-cpu\/#breadcrumb"},"inLanguage":"fr-FR","potentialAction":[{"@type":"ReadAction","target":["https:\/\/capefoxx.com\/fr\/product\/vmware-vrealize-operations-8-standard-1-cpu\/"]}]},{"@type":"ImageObject","inLanguage":"fr-FR","@id":"https:\/\/capefoxx.com\/fr\/product\/vmware-vrealize-operations-8-standard-1-cpu\/#primaryimage","url":"https:\/\/capefoxx.com\/wp-content\/uploads\/2025\/04\/VMware-vRealize-Operations-8-Std-1-CPU.png","contentUrl":"https:\/\/capefoxx.com\/wp-content\/uploads\/2025\/04\/VMware-vRealize-Operations-8-Std-1-CPU.png","width":140,"height":200},{"@type":"BreadcrumbList","@id":"https:\/\/capefoxx.com\/fr\/product\/vmware-vrealize-operations-8-standard-1-cpu\/#breadcrumb","itemListElement":[{"@type":"ListItem","position":1,"name":"Accueil","item":"https:\/\/capefoxx.com\/fr\/"},{"@type":"ListItem","position":2,"name":"Software Catalogue","item":"https:\/\/capefoxx.com\/used-software-catalogue\/"},{"@type":"ListItem","position":3,"name":"VMware* vRealize Operations 8 Standard (1 CPU)"}]},{"@type":"WebSite","@id":"https:\/\/capefoxx.com\/fr\/#website","url":"https:\/\/capefoxx.com\/fr\/","name":"Capefoxx AG","description":"We sell and buy used software licences","publisher":{"@id":"https:\/\/capefoxx.com\/fr\/#organization"},"potentialAction":[{"@type":"SearchAction","target":{"@type":"EntryPoint","urlTemplate":"https:\/\/capefoxx.com\/fr\/?s={search_term_string}"},"query-input":{"@type":"PropertyValueSpecification","valueRequired":true,"valueName":"search_term_string"}}],"inLanguage":"fr-FR"},{"@type":"Organization","@id":"https:\/\/capefoxx.com\/fr\/#organization","name":"Capefoxx AG","url":"https:\/\/capefoxx.com\/fr\/","logo":{"@type":"ImageObject","inLanguage":"fr-FR","@id":"https:\/\/capefoxx.com\/fr\/#\/schema\/logo\/image\/","url":"https:\/\/capefoxx.com\/wp-content\/uploads\/2023\/05\/logo.png","contentUrl":"https:\/\/capefoxx.com\/wp-content\/uploads\/2023\/05\/logo.png","width":130,"height":130,"caption":"Capefoxx AG"},"image":{"@id":"https:\/\/capefoxx.com\/fr\/#\/schema\/logo\/image\/"}}]}},"_links":{"self":[{"href":"https:\/\/capefoxx.com\/fr\/wp-json\/wp\/v2\/product\/12529","targetHints":{"allow":["GET"]}}],"collection":[{"href":"https:\/\/capefoxx.com\/fr\/wp-json\/wp\/v2\/product"}],"about":[{"href":"https:\/\/capefoxx.com\/fr\/wp-json\/wp\/v2\/types\/product"}],"replies":[{"embeddable":true,"href":"https:\/\/capefoxx.com\/fr\/wp-json\/wp\/v2\/comments?post=12529"}],"wp:featuredmedia":[{"embeddable":true,"href":"https:\/\/capefoxx.com\/fr\/wp-json\/wp\/v2\/media\/11760"}],"wp:attachment":[{"href":"https:\/\/capefoxx.com\/fr\/wp-json\/wp\/v2\/media?parent=12529"}],"wp:term":[{"taxonomy":"product_brand","embeddable":true,"href":"https:\/\/capefoxx.com\/fr\/wp-json\/wp\/v2\/product_brand?post=12529"},{"taxonomy":"product_cat","embeddable":true,"href":"https:\/\/capefoxx.com\/fr\/wp-json\/wp\/v2\/product_cat?post=12529"},{"taxonomy":"product_tag","embeddable":true,"href":"https:\/\/capefoxx.com\/fr\/wp-json\/wp\/v2\/product_tag?post=12529"}],"curies":[{"name":"wp","href":"https:\/\/api.w.org\/{rel}","templated":true}]}}