{"id":12526,"date":"2025-04-01T10:37:43","date_gmt":"2025-04-01T08:37:43","guid":{"rendered":"https:\/\/capefoxx.com\/product\/vmware-vcenter-8-server-standard\/"},"modified":"2025-04-01T10:37:43","modified_gmt":"2025-04-01T08:37:43","slug":"vmware-vcenter-8-server-standard","status":"publish","type":"product","link":"https:\/\/capefoxx.com\/fr\/product\/vmware-vcenter-8-server-standard\/","title":{"rendered":"<span style=\"color: #ff0000;\">VMware*<\/span> vCenter 8 Server Standard"},"content":{"rendered":"","protected":false},"excerpt":{"rendered":"<p>VMware vCenter 8 Server Standard est la plate-forme de gestion centrale des environnements VMware vSphere, qui offre un contr\u00f4le rationalis\u00e9, une automatisation et une visibilit\u00e9 sur l&rsquo;ensemble de votre infrastructure virtuelle. Elle simplifie les op\u00e9rations, am\u00e9liore l&rsquo;utilisation des ressources et garantit une gestion coh\u00e9rente de votre environnement virtualis\u00e9. <\/p>\n<h4><strong>Principales caract\u00e9ristiques et avantages :<\/strong><\/h4>\n<ul>\n<li>Gestion centralis\u00e9e des environnements vSphere<\/li>\n<li>Automatisation et efficacit\u00e9 op\u00e9rationnelle accrues<\/li>\n<li>Suivi et rapports complets<\/li>\n<li>Allocation des ressources et optimisation simplifi\u00e9es<\/li>\n<li>Int\u00e9gration transparente \u00e0 l&rsquo;\u00e9cosyst\u00e8me VMware<\/li>\n<\/ul>\n<h4><strong>D\u00e9tails de la licence :<\/strong><\/h4>\n<ul>\n<li>Edition : VMware vCenter 8 Server Standard<\/li>\n<li>Type de licence : Par instance<\/li>\n<\/ul>\n<h4><strong>Pourquoi choisir VMware vCenter 8 Server Standard ?<\/strong><\/h4>\n<p>Cette \u00e9dition est id\u00e9ale pour les organisations qui cherchent \u00e0 simplifier la gestion de leur infrastructure virtualis\u00e9e tout en am\u00e9liorant leur efficacit\u00e9 op\u00e9rationnelle. Avec vCenter 8 Server Standard, vous disposez des outils n\u00e9cessaires pour g\u00e9rer des environnements \u00e0 grande \u00e9chelle avec facilit\u00e9 et pr\u00e9cision. <\/p>\n","protected":false},"featured_media":11752,"comment_status":"closed","ping_status":"closed","template":"","meta":{"_acf_changed":false,"site-sidebar-layout":"default","site-content-layout":"","ast-site-content-layout":"default","site-content-style":"default","site-sidebar-style":"default","ast-global-header-display":"","ast-banner-title-visibility":"","ast-main-header-display":"","ast-hfb-above-header-display":"","ast-hfb-below-header-display":"","ast-hfb-mobile-header-display":"","site-post-title":"","ast-breadcrumbs-content":"","ast-featured-img":"","footer-sml-layout":"","theme-transparent-header-meta":"default","adv-header-id-meta":"","stick-header-meta":"","header-above-stick-meta":"","header-main-stick-meta":"","header-below-stick-meta":"","astra-migrate-meta-layouts":"default","ast-page-background-enabled":"default","ast-page-background-meta":{"desktop":{"background-color":"var(--ast-global-color-4)","background-image":"","background-repeat":"repeat","background-position":"center center","background-size":"auto","background-attachment":"scroll","background-type":"","background-media":"","overlay-type":"","overlay-color":"","overlay-opacity":"","overlay-gradient":""},"tablet":{"background-color":"","background-image":"","background-repeat":"repeat","background-position":"center center","background-size":"auto","background-attachment":"scroll","background-type":"","background-media":"","overlay-type":"","overlay-color":"","overlay-opacity":"","overlay-gradient":""},"mobile":{"background-color":"","background-image":"","background-repeat":"repeat","background-position":"center center","background-size":"auto","background-attachment":"scroll","background-type":"","background-media":"","overlay-type":"","overlay-color":"","overlay-opacity":"","overlay-gradient":""}},"ast-content-background-meta":{"desktop":{"background-color":"var(--ast-global-color-5)","background-image":"","background-repeat":"repeat","background-position":"center center","background-size":"auto","background-attachment":"scroll","background-type":"","background-media":"","overlay-type":"","overlay-color":"","overlay-opacity":"","overlay-gradient":""},"tablet":{"background-color":"var(--ast-global-color-5)","background-image":"","background-repeat":"repeat","background-position":"center center","background-size":"auto","background-attachment":"scroll","background-type":"","background-media":"","overlay-type":"","overlay-color":"","overlay-opacity":"","overlay-gradient":""},"mobile":{"background-color":"var(--ast-global-color-5)","background-image":"","background-repeat":"repeat","background-position":"center center","background-size":"auto","background-attachment":"scroll","background-type":"","background-media":"","overlay-type":"","overlay-color":"","overlay-opacity":"","overlay-gradient":""}}},"product_brand":[],"product_cat":[193],"product_tag":[],"class_list":{"0":"post-12526","1":"product","2":"type-product","3":"status-publish","4":"has-post-thumbnail","6":"product_cat-vmware","7":"desktop-align-left","8":"tablet-align-left","9":"mobile-align-left","11":"first","12":"instock","13":"shipping-taxable","14":"product-type-simple"},"acf":[],"yoast_head":"<!-- This site is optimized with the Yoast SEO plugin v26.0 - https:\/\/yoast.com\/wordpress\/plugins\/seo\/ -->\n<title>VMware* vCenter 8 Server Standard - Capefoxx AG<\/title>\n<meta name=\"robots\" content=\"noindex, follow\" \/>\n<meta property=\"og:locale\" content=\"fr_FR\" \/>\n<meta property=\"og:type\" content=\"article\" \/>\n<meta property=\"og:title\" content=\"VMware* vCenter 8 Server Standard - Capefoxx AG\" \/>\n<meta property=\"og:description\" content=\"VMware vCenter 8 Server Standard est la plate-forme de gestion centrale des environnements VMware vSphere, qui offre un contr\u00f4le rationalis\u00e9, une automatisation et une visibilit\u00e9 sur l&#039;ensemble de votre infrastructure virtuelle. Elle simplifie les op\u00e9rations, am\u00e9liore l&#039;utilisation des ressources et garantit une gestion coh\u00e9rente de votre environnement virtualis\u00e9. Principales caract\u00e9ristiques et avantages :  Gestion centralis\u00e9e des environnements vSphere  Automatisation et efficacit\u00e9 op\u00e9rationnelle accrues  Suivi et rapports complets  Allocation des ressources et optimisation simplifi\u00e9es  Int\u00e9gration transparente \u00e0 l&#039;\u00e9cosyst\u00e8me VMware D\u00e9tails de la licence :  Edition : VMware vCenter 8 Server Standard  Type de licence : Par instance Pourquoi choisir VMware vCenter 8 Server Standard ? Cette \u00e9dition est id\u00e9ale pour les organisations qui cherchent \u00e0 simplifier la gestion de leur infrastructure virtualis\u00e9e tout en am\u00e9liorant leur efficacit\u00e9 op\u00e9rationnelle. Avec vCenter 8 Server Standard, vous disposez des outils n\u00e9cessaires pour g\u00e9rer des environnements \u00e0 grande \u00e9chelle avec facilit\u00e9 et pr\u00e9cision.\" \/>\n<meta property=\"og:url\" content=\"https:\/\/capefoxx.com\/fr\/product\/vmware-vcenter-8-server-standard\/\" \/>\n<meta property=\"og:site_name\" content=\"Capefoxx AG\" \/>\n<meta property=\"og:image\" content=\"https:\/\/capefoxx.com\/wp-content\/uploads\/2025\/04\/VMWare-VCenter-8-Server-Standard.png\" \/>\n\t<meta property=\"og:image:width\" content=\"140\" \/>\n\t<meta property=\"og:image:height\" content=\"200\" \/>\n\t<meta property=\"og:image:type\" content=\"image\/png\" \/>\n<meta name=\"twitter:card\" content=\"summary_large_image\" \/>\n<script type=\"application\/ld+json\" class=\"yoast-schema-graph\">{\"@context\":\"https:\/\/schema.org\",\"@graph\":[{\"@type\":\"WebPage\",\"@id\":\"https:\/\/capefoxx.com\/fr\/product\/vmware-vcenter-8-server-standard\/\",\"url\":\"https:\/\/capefoxx.com\/fr\/product\/vmware-vcenter-8-server-standard\/\",\"name\":\"VMware* vCenter 8 Server Standard - Capefoxx AG\",\"isPartOf\":{\"@id\":\"https:\/\/capefoxx.com\/fr\/#website\"},\"primaryImageOfPage\":{\"@id\":\"https:\/\/capefoxx.com\/fr\/product\/vmware-vcenter-8-server-standard\/#primaryimage\"},\"image\":{\"@id\":\"https:\/\/capefoxx.com\/fr\/product\/vmware-vcenter-8-server-standard\/#primaryimage\"},\"thumbnailUrl\":\"https:\/\/capefoxx.com\/wp-content\/uploads\/2025\/04\/VMWare-VCenter-8-Server-Standard.png\",\"datePublished\":\"2025-04-01T08:37:43+00:00\",\"breadcrumb\":{\"@id\":\"https:\/\/capefoxx.com\/fr\/product\/vmware-vcenter-8-server-standard\/#breadcrumb\"},\"inLanguage\":\"fr-FR\",\"potentialAction\":[{\"@type\":\"ReadAction\",\"target\":[\"https:\/\/capefoxx.com\/fr\/product\/vmware-vcenter-8-server-standard\/\"]}]},{\"@type\":\"ImageObject\",\"inLanguage\":\"fr-FR\",\"@id\":\"https:\/\/capefoxx.com\/fr\/product\/vmware-vcenter-8-server-standard\/#primaryimage\",\"url\":\"https:\/\/capefoxx.com\/wp-content\/uploads\/2025\/04\/VMWare-VCenter-8-Server-Standard.png\",\"contentUrl\":\"https:\/\/capefoxx.com\/wp-content\/uploads\/2025\/04\/VMWare-VCenter-8-Server-Standard.png\",\"width\":140,\"height\":200},{\"@type\":\"BreadcrumbList\",\"@id\":\"https:\/\/capefoxx.com\/fr\/product\/vmware-vcenter-8-server-standard\/#breadcrumb\",\"itemListElement\":[{\"@type\":\"ListItem\",\"position\":1,\"name\":\"Accueil\",\"item\":\"https:\/\/capefoxx.com\/fr\/\"},{\"@type\":\"ListItem\",\"position\":2,\"name\":\"Software Catalogue\",\"item\":\"https:\/\/capefoxx.com\/used-software-catalogue\/\"},{\"@type\":\"ListItem\",\"position\":3,\"name\":\"VMware* vCenter 8 Server Standard\"}]},{\"@type\":\"WebSite\",\"@id\":\"https:\/\/capefoxx.com\/fr\/#website\",\"url\":\"https:\/\/capefoxx.com\/fr\/\",\"name\":\"Capefoxx AG\",\"description\":\"We sell and buy used software licences\",\"publisher\":{\"@id\":\"https:\/\/capefoxx.com\/fr\/#organization\"},\"potentialAction\":[{\"@type\":\"SearchAction\",\"target\":{\"@type\":\"EntryPoint\",\"urlTemplate\":\"https:\/\/capefoxx.com\/fr\/?s={search_term_string}\"},\"query-input\":{\"@type\":\"PropertyValueSpecification\",\"valueRequired\":true,\"valueName\":\"search_term_string\"}}],\"inLanguage\":\"fr-FR\"},{\"@type\":\"Organization\",\"@id\":\"https:\/\/capefoxx.com\/fr\/#organization\",\"name\":\"Capefoxx AG\",\"url\":\"https:\/\/capefoxx.com\/fr\/\",\"logo\":{\"@type\":\"ImageObject\",\"inLanguage\":\"fr-FR\",\"@id\":\"https:\/\/capefoxx.com\/fr\/#\/schema\/logo\/image\/\",\"url\":\"https:\/\/capefoxx.com\/wp-content\/uploads\/2023\/05\/logo.png\",\"contentUrl\":\"https:\/\/capefoxx.com\/wp-content\/uploads\/2023\/05\/logo.png\",\"width\":130,\"height\":130,\"caption\":\"Capefoxx AG\"},\"image\":{\"@id\":\"https:\/\/capefoxx.com\/fr\/#\/schema\/logo\/image\/\"}}]}<\/script>\n<!-- \/ Yoast SEO plugin. -->","yoast_head_json":{"title":"VMware* vCenter 8 Server Standard - Capefoxx AG","robots":{"index":"noindex","follow":"follow"},"og_locale":"fr_FR","og_type":"article","og_title":"VMware* vCenter 8 Server Standard - Capefoxx AG","og_description":"VMware vCenter 8 Server Standard est la plate-forme de gestion centrale des environnements VMware vSphere, qui offre un contr\u00f4le rationalis\u00e9, une automatisation et une visibilit\u00e9 sur l'ensemble de votre infrastructure virtuelle. Elle simplifie les op\u00e9rations, am\u00e9liore l'utilisation des ressources et garantit une gestion coh\u00e9rente de votre environnement virtualis\u00e9. Principales caract\u00e9ristiques et avantages :  Gestion centralis\u00e9e des environnements vSphere  Automatisation et efficacit\u00e9 op\u00e9rationnelle accrues  Suivi et rapports complets  Allocation des ressources et optimisation simplifi\u00e9es  Int\u00e9gration transparente \u00e0 l'\u00e9cosyst\u00e8me VMware D\u00e9tails de la licence :  Edition : VMware vCenter 8 Server Standard  Type de licence : Par instance Pourquoi choisir VMware vCenter 8 Server Standard ? Cette \u00e9dition est id\u00e9ale pour les organisations qui cherchent \u00e0 simplifier la gestion de leur infrastructure virtualis\u00e9e tout en am\u00e9liorant leur efficacit\u00e9 op\u00e9rationnelle. Avec vCenter 8 Server Standard, vous disposez des outils n\u00e9cessaires pour g\u00e9rer des environnements \u00e0 grande \u00e9chelle avec facilit\u00e9 et pr\u00e9cision.","og_url":"https:\/\/capefoxx.com\/fr\/product\/vmware-vcenter-8-server-standard\/","og_site_name":"Capefoxx AG","og_image":[{"width":140,"height":200,"url":"https:\/\/capefoxx.com\/wp-content\/uploads\/2025\/04\/VMWare-VCenter-8-Server-Standard.png","type":"image\/png"}],"twitter_card":"summary_large_image","schema":{"@context":"https:\/\/schema.org","@graph":[{"@type":"WebPage","@id":"https:\/\/capefoxx.com\/fr\/product\/vmware-vcenter-8-server-standard\/","url":"https:\/\/capefoxx.com\/fr\/product\/vmware-vcenter-8-server-standard\/","name":"VMware* vCenter 8 Server Standard - Capefoxx AG","isPartOf":{"@id":"https:\/\/capefoxx.com\/fr\/#website"},"primaryImageOfPage":{"@id":"https:\/\/capefoxx.com\/fr\/product\/vmware-vcenter-8-server-standard\/#primaryimage"},"image":{"@id":"https:\/\/capefoxx.com\/fr\/product\/vmware-vcenter-8-server-standard\/#primaryimage"},"thumbnailUrl":"https:\/\/capefoxx.com\/wp-content\/uploads\/2025\/04\/VMWare-VCenter-8-Server-Standard.png","datePublished":"2025-04-01T08:37:43+00:00","breadcrumb":{"@id":"https:\/\/capefoxx.com\/fr\/product\/vmware-vcenter-8-server-standard\/#breadcrumb"},"inLanguage":"fr-FR","potentialAction":[{"@type":"ReadAction","target":["https:\/\/capefoxx.com\/fr\/product\/vmware-vcenter-8-server-standard\/"]}]},{"@type":"ImageObject","inLanguage":"fr-FR","@id":"https:\/\/capefoxx.com\/fr\/product\/vmware-vcenter-8-server-standard\/#primaryimage","url":"https:\/\/capefoxx.com\/wp-content\/uploads\/2025\/04\/VMWare-VCenter-8-Server-Standard.png","contentUrl":"https:\/\/capefoxx.com\/wp-content\/uploads\/2025\/04\/VMWare-VCenter-8-Server-Standard.png","width":140,"height":200},{"@type":"BreadcrumbList","@id":"https:\/\/capefoxx.com\/fr\/product\/vmware-vcenter-8-server-standard\/#breadcrumb","itemListElement":[{"@type":"ListItem","position":1,"name":"Accueil","item":"https:\/\/capefoxx.com\/fr\/"},{"@type":"ListItem","position":2,"name":"Software Catalogue","item":"https:\/\/capefoxx.com\/used-software-catalogue\/"},{"@type":"ListItem","position":3,"name":"VMware* vCenter 8 Server Standard"}]},{"@type":"WebSite","@id":"https:\/\/capefoxx.com\/fr\/#website","url":"https:\/\/capefoxx.com\/fr\/","name":"Capefoxx AG","description":"We sell and buy used software licences","publisher":{"@id":"https:\/\/capefoxx.com\/fr\/#organization"},"potentialAction":[{"@type":"SearchAction","target":{"@type":"EntryPoint","urlTemplate":"https:\/\/capefoxx.com\/fr\/?s={search_term_string}"},"query-input":{"@type":"PropertyValueSpecification","valueRequired":true,"valueName":"search_term_string"}}],"inLanguage":"fr-FR"},{"@type":"Organization","@id":"https:\/\/capefoxx.com\/fr\/#organization","name":"Capefoxx AG","url":"https:\/\/capefoxx.com\/fr\/","logo":{"@type":"ImageObject","inLanguage":"fr-FR","@id":"https:\/\/capefoxx.com\/fr\/#\/schema\/logo\/image\/","url":"https:\/\/capefoxx.com\/wp-content\/uploads\/2023\/05\/logo.png","contentUrl":"https:\/\/capefoxx.com\/wp-content\/uploads\/2023\/05\/logo.png","width":130,"height":130,"caption":"Capefoxx AG"},"image":{"@id":"https:\/\/capefoxx.com\/fr\/#\/schema\/logo\/image\/"}}]}},"_links":{"self":[{"href":"https:\/\/capefoxx.com\/fr\/wp-json\/wp\/v2\/product\/12526","targetHints":{"allow":["GET"]}}],"collection":[{"href":"https:\/\/capefoxx.com\/fr\/wp-json\/wp\/v2\/product"}],"about":[{"href":"https:\/\/capefoxx.com\/fr\/wp-json\/wp\/v2\/types\/product"}],"replies":[{"embeddable":true,"href":"https:\/\/capefoxx.com\/fr\/wp-json\/wp\/v2\/comments?post=12526"}],"wp:featuredmedia":[{"embeddable":true,"href":"https:\/\/capefoxx.com\/fr\/wp-json\/wp\/v2\/media\/11752"}],"wp:attachment":[{"href":"https:\/\/capefoxx.com\/fr\/wp-json\/wp\/v2\/media?parent=12526"}],"wp:term":[{"taxonomy":"product_brand","embeddable":true,"href":"https:\/\/capefoxx.com\/fr\/wp-json\/wp\/v2\/product_brand?post=12526"},{"taxonomy":"product_cat","embeddable":true,"href":"https:\/\/capefoxx.com\/fr\/wp-json\/wp\/v2\/product_cat?post=12526"},{"taxonomy":"product_tag","embeddable":true,"href":"https:\/\/capefoxx.com\/fr\/wp-json\/wp\/v2\/product_tag?post=12526"}],"curies":[{"name":"wp","href":"https:\/\/api.w.org\/{rel}","templated":true}]}}