{"id":12525,"date":"2025-04-01T09:52:19","date_gmt":"2025-04-01T07:52:19","guid":{"rendered":"https:\/\/capefoxx.com\/product\/vmware-vsphere-8-enterprise-plus-1-proc\/"},"modified":"2025-04-01T09:52:19","modified_gmt":"2025-04-01T07:52:19","slug":"vmware-vsphere-8-enterprise-plus-1-proc","status":"publish","type":"product","link":"https:\/\/capefoxx.com\/fr\/product\/vmware-vsphere-8-enterprise-plus-1-proc\/","title":{"rendered":"<span style=\"color: #ff0000;\">VMware*<\/span> vSphere 8 Enterprise Plus (1 Proc)"},"content":{"rendered":"","protected":false},"excerpt":{"rendered":"<p>VMware vSphere 8 Enterprise Plus est la plateforme de virtualisation leader du march\u00e9, con\u00e7ue pour optimiser l&rsquo;infrastructure informatique, am\u00e9liorer les performances des charges de travail et garantir une haute disponibilit\u00e9. Cette \u00e9dition propose des fonctionnalit\u00e9s avanc\u00e9es telles que vMotion, Distributed Resource Scheduler (DRS), High Availability (HA) et VM Encryption, ce qui en fait le choix id\u00e9al pour les entreprises cherchant \u00e0 maximiser l&rsquo;efficacit\u00e9, la s\u00e9curit\u00e9 et l&rsquo;\u00e9volutivit\u00e9.<\/p>\n<h4><strong>Principales caract\u00e9ristiques et avantages :<\/strong><\/h4>\n<ul>\n<li>Performances et \u00e9volutivit\u00e9 in\u00e9gal\u00e9es<\/li>\n<li>S\u00e9curit\u00e9 avanc\u00e9e<\/li>\n<li>Haute disponibilit\u00e9 et reprise apr\u00e8s sinistre<\/li>\n<li>Gestion efficace<\/li>\n<li>Mobilit\u00e9 transparente de la charge de travail<\/li>\n<\/ul>\n<h4><strong>D\u00e9tails de la licence :<\/strong><\/h4>\n<ul>\n<li>Edition : VMware vSphere 8 Enterprise Plus &#8211; d&rsquo;occasion<\/li>\n<li>Type de licence : Par processeur (1 CPU)<\/li>\n<\/ul>\n<h4><strong>Pourquoi choisir VMware vSphere 8 Enterprise Plus ?<\/strong><\/h4>\n<p>Cette \u00e9dition est id\u00e9ale pour les organisations qui ont besoin d&rsquo;une virtualisation performante, d&rsquo;une automatisation et d&rsquo;une s\u00e9curit\u00e9 de niveau entreprise. Que vous g\u00e9riez des environnements priv\u00e9s, hybrides ou multiclouds, vSphere 8 Enterprise Plus offre la flexibilit\u00e9 et la fiabilit\u00e9 n\u00e9cessaires \u00e0 la prise en charge des applications strat\u00e9giques.<\/p>\n","protected":false},"featured_media":11772,"comment_status":"closed","ping_status":"closed","template":"","meta":{"_acf_changed":false,"site-sidebar-layout":"default","site-content-layout":"","ast-site-content-layout":"default","site-content-style":"default","site-sidebar-style":"default","ast-global-header-display":"","ast-banner-title-visibility":"","ast-main-header-display":"","ast-hfb-above-header-display":"","ast-hfb-below-header-display":"","ast-hfb-mobile-header-display":"","site-post-title":"","ast-breadcrumbs-content":"","ast-featured-img":"","footer-sml-layout":"","theme-transparent-header-meta":"default","adv-header-id-meta":"","stick-header-meta":"","header-above-stick-meta":"","header-main-stick-meta":"","header-below-stick-meta":"","astra-migrate-meta-layouts":"default","ast-page-background-enabled":"default","ast-page-background-meta":{"desktop":{"background-color":"var(--ast-global-color-4)","background-image":"","background-repeat":"repeat","background-position":"center center","background-size":"auto","background-attachment":"scroll","background-type":"","background-media":"","overlay-type":"","overlay-color":"","overlay-opacity":"","overlay-gradient":""},"tablet":{"background-color":"","background-image":"","background-repeat":"repeat","background-position":"center center","background-size":"auto","background-attachment":"scroll","background-type":"","background-media":"","overlay-type":"","overlay-color":"","overlay-opacity":"","overlay-gradient":""},"mobile":{"background-color":"","background-image":"","background-repeat":"repeat","background-position":"center center","background-size":"auto","background-attachment":"scroll","background-type":"","background-media":"","overlay-type":"","overlay-color":"","overlay-opacity":"","overlay-gradient":""}},"ast-content-background-meta":{"desktop":{"background-color":"var(--ast-global-color-5)","background-image":"","background-repeat":"repeat","background-position":"center center","background-size":"auto","background-attachment":"scroll","background-type":"","background-media":"","overlay-type":"","overlay-color":"","overlay-opacity":"","overlay-gradient":""},"tablet":{"background-color":"var(--ast-global-color-5)","background-image":"","background-repeat":"repeat","background-position":"center center","background-size":"auto","background-attachment":"scroll","background-type":"","background-media":"","overlay-type":"","overlay-color":"","overlay-opacity":"","overlay-gradient":""},"mobile":{"background-color":"var(--ast-global-color-5)","background-image":"","background-repeat":"repeat","background-position":"center center","background-size":"auto","background-attachment":"scroll","background-type":"","background-media":"","overlay-type":"","overlay-color":"","overlay-opacity":"","overlay-gradient":""}}},"product_brand":[],"product_cat":[193],"product_tag":[],"class_list":{"0":"post-12525","1":"product","2":"type-product","3":"status-publish","4":"has-post-thumbnail","6":"product_cat-vmware","7":"desktop-align-left","8":"tablet-align-left","9":"mobile-align-left","11":"first","12":"instock","13":"shipping-taxable","14":"product-type-simple"},"acf":[],"yoast_head":"<!-- This site is optimized with the Yoast SEO plugin v26.0 - https:\/\/yoast.com\/wordpress\/plugins\/seo\/ -->\n<title>VMware* vSphere 8 Enterprise Plus (1 Proc) - Capefoxx AG<\/title>\n<meta name=\"robots\" content=\"noindex, follow\" \/>\n<meta property=\"og:locale\" content=\"fr_FR\" \/>\n<meta property=\"og:type\" content=\"article\" \/>\n<meta property=\"og:title\" content=\"VMware* vSphere 8 Enterprise Plus (1 Proc) - Capefoxx AG\" \/>\n<meta property=\"og:description\" content=\"VMware vSphere 8 Enterprise Plus est la plateforme de virtualisation leader du march\u00e9, con\u00e7ue pour optimiser l&#039;infrastructure informatique, am\u00e9liorer les performances des charges de travail et garantir une haute disponibilit\u00e9. Cette \u00e9dition propose des fonctionnalit\u00e9s avanc\u00e9es telles que vMotion, Distributed Resource Scheduler (DRS), High Availability (HA) et VM Encryption, ce qui en fait le choix id\u00e9al pour les entreprises cherchant \u00e0 maximiser l&#039;efficacit\u00e9, la s\u00e9curit\u00e9 et l&#039;\u00e9volutivit\u00e9. Principales caract\u00e9ristiques et avantages :  Performances et \u00e9volutivit\u00e9 in\u00e9gal\u00e9es  S\u00e9curit\u00e9 avanc\u00e9e  Haute disponibilit\u00e9 et reprise apr\u00e8s sinistre  Gestion efficace  Mobilit\u00e9 transparente de la charge de travail D\u00e9tails de la licence :  Edition : VMware vSphere 8 Enterprise Plus - d&#039;occasion  Type de licence : Par processeur (1 CPU) Pourquoi choisir VMware vSphere 8 Enterprise Plus ? Cette \u00e9dition est id\u00e9ale pour les organisations qui ont besoin d&#039;une virtualisation performante, d&#039;une automatisation et d&#039;une s\u00e9curit\u00e9 de niveau entreprise. Que vous g\u00e9riez des environnements priv\u00e9s, hybrides ou multiclouds, vSphere 8 Enterprise Plus offre la flexibilit\u00e9 et la fiabilit\u00e9 n\u00e9cessaires \u00e0 la prise en charge des applications strat\u00e9giques.\" \/>\n<meta property=\"og:url\" content=\"https:\/\/capefoxx.com\/fr\/product\/vmware-vsphere-8-enterprise-plus-1-proc\/\" \/>\n<meta property=\"og:site_name\" content=\"Capefoxx AG\" \/>\n<meta property=\"og:image\" content=\"https:\/\/capefoxx.com\/wp-content\/uploads\/2025\/04\/VMWare-VSphere-8-Enterprise-Plus-1-Proc.png\" \/>\n\t<meta property=\"og:image:width\" content=\"140\" \/>\n\t<meta property=\"og:image:height\" content=\"200\" \/>\n\t<meta property=\"og:image:type\" content=\"image\/png\" \/>\n<meta name=\"twitter:card\" content=\"summary_large_image\" \/>\n<script type=\"application\/ld+json\" class=\"yoast-schema-graph\">{\"@context\":\"https:\/\/schema.org\",\"@graph\":[{\"@type\":\"WebPage\",\"@id\":\"https:\/\/capefoxx.com\/fr\/product\/vmware-vsphere-8-enterprise-plus-1-proc\/\",\"url\":\"https:\/\/capefoxx.com\/fr\/product\/vmware-vsphere-8-enterprise-plus-1-proc\/\",\"name\":\"VMware* vSphere 8 Enterprise Plus (1 Proc) - Capefoxx AG\",\"isPartOf\":{\"@id\":\"https:\/\/capefoxx.com\/fr\/#website\"},\"primaryImageOfPage\":{\"@id\":\"https:\/\/capefoxx.com\/fr\/product\/vmware-vsphere-8-enterprise-plus-1-proc\/#primaryimage\"},\"image\":{\"@id\":\"https:\/\/capefoxx.com\/fr\/product\/vmware-vsphere-8-enterprise-plus-1-proc\/#primaryimage\"},\"thumbnailUrl\":\"https:\/\/capefoxx.com\/wp-content\/uploads\/2025\/04\/VMWare-VSphere-8-Enterprise-Plus-1-Proc.png\",\"datePublished\":\"2025-04-01T07:52:19+00:00\",\"breadcrumb\":{\"@id\":\"https:\/\/capefoxx.com\/fr\/product\/vmware-vsphere-8-enterprise-plus-1-proc\/#breadcrumb\"},\"inLanguage\":\"fr-FR\",\"potentialAction\":[{\"@type\":\"ReadAction\",\"target\":[\"https:\/\/capefoxx.com\/fr\/product\/vmware-vsphere-8-enterprise-plus-1-proc\/\"]}]},{\"@type\":\"ImageObject\",\"inLanguage\":\"fr-FR\",\"@id\":\"https:\/\/capefoxx.com\/fr\/product\/vmware-vsphere-8-enterprise-plus-1-proc\/#primaryimage\",\"url\":\"https:\/\/capefoxx.com\/wp-content\/uploads\/2025\/04\/VMWare-VSphere-8-Enterprise-Plus-1-Proc.png\",\"contentUrl\":\"https:\/\/capefoxx.com\/wp-content\/uploads\/2025\/04\/VMWare-VSphere-8-Enterprise-Plus-1-Proc.png\",\"width\":140,\"height\":200},{\"@type\":\"BreadcrumbList\",\"@id\":\"https:\/\/capefoxx.com\/fr\/product\/vmware-vsphere-8-enterprise-plus-1-proc\/#breadcrumb\",\"itemListElement\":[{\"@type\":\"ListItem\",\"position\":1,\"name\":\"Accueil\",\"item\":\"https:\/\/capefoxx.com\/fr\/\"},{\"@type\":\"ListItem\",\"position\":2,\"name\":\"Software Catalogue\",\"item\":\"https:\/\/capefoxx.com\/used-software-catalogue\/\"},{\"@type\":\"ListItem\",\"position\":3,\"name\":\"VMware* vSphere 8 Enterprise Plus (1 Proc)\"}]},{\"@type\":\"WebSite\",\"@id\":\"https:\/\/capefoxx.com\/fr\/#website\",\"url\":\"https:\/\/capefoxx.com\/fr\/\",\"name\":\"Capefoxx AG\",\"description\":\"We sell and buy used software licences\",\"publisher\":{\"@id\":\"https:\/\/capefoxx.com\/fr\/#organization\"},\"potentialAction\":[{\"@type\":\"SearchAction\",\"target\":{\"@type\":\"EntryPoint\",\"urlTemplate\":\"https:\/\/capefoxx.com\/fr\/?s={search_term_string}\"},\"query-input\":{\"@type\":\"PropertyValueSpecification\",\"valueRequired\":true,\"valueName\":\"search_term_string\"}}],\"inLanguage\":\"fr-FR\"},{\"@type\":\"Organization\",\"@id\":\"https:\/\/capefoxx.com\/fr\/#organization\",\"name\":\"Capefoxx AG\",\"url\":\"https:\/\/capefoxx.com\/fr\/\",\"logo\":{\"@type\":\"ImageObject\",\"inLanguage\":\"fr-FR\",\"@id\":\"https:\/\/capefoxx.com\/fr\/#\/schema\/logo\/image\/\",\"url\":\"https:\/\/capefoxx.com\/wp-content\/uploads\/2023\/05\/logo.png\",\"contentUrl\":\"https:\/\/capefoxx.com\/wp-content\/uploads\/2023\/05\/logo.png\",\"width\":130,\"height\":130,\"caption\":\"Capefoxx AG\"},\"image\":{\"@id\":\"https:\/\/capefoxx.com\/fr\/#\/schema\/logo\/image\/\"}}]}<\/script>\n<!-- \/ Yoast SEO plugin. -->","yoast_head_json":{"title":"VMware* vSphere 8 Enterprise Plus (1 Proc) - Capefoxx AG","robots":{"index":"noindex","follow":"follow"},"og_locale":"fr_FR","og_type":"article","og_title":"VMware* vSphere 8 Enterprise Plus (1 Proc) - Capefoxx AG","og_description":"VMware vSphere 8 Enterprise Plus est la plateforme de virtualisation leader du march\u00e9, con\u00e7ue pour optimiser l'infrastructure informatique, am\u00e9liorer les performances des charges de travail et garantir une haute disponibilit\u00e9. Cette \u00e9dition propose des fonctionnalit\u00e9s avanc\u00e9es telles que vMotion, Distributed Resource Scheduler (DRS), High Availability (HA) et VM Encryption, ce qui en fait le choix id\u00e9al pour les entreprises cherchant \u00e0 maximiser l'efficacit\u00e9, la s\u00e9curit\u00e9 et l'\u00e9volutivit\u00e9. Principales caract\u00e9ristiques et avantages :  Performances et \u00e9volutivit\u00e9 in\u00e9gal\u00e9es  S\u00e9curit\u00e9 avanc\u00e9e  Haute disponibilit\u00e9 et reprise apr\u00e8s sinistre  Gestion efficace  Mobilit\u00e9 transparente de la charge de travail D\u00e9tails de la licence :  Edition : VMware vSphere 8 Enterprise Plus - d'occasion  Type de licence : Par processeur (1 CPU) Pourquoi choisir VMware vSphere 8 Enterprise Plus ? Cette \u00e9dition est id\u00e9ale pour les organisations qui ont besoin d'une virtualisation performante, d'une automatisation et d'une s\u00e9curit\u00e9 de niveau entreprise. Que vous g\u00e9riez des environnements priv\u00e9s, hybrides ou multiclouds, vSphere 8 Enterprise Plus offre la flexibilit\u00e9 et la fiabilit\u00e9 n\u00e9cessaires \u00e0 la prise en charge des applications strat\u00e9giques.","og_url":"https:\/\/capefoxx.com\/fr\/product\/vmware-vsphere-8-enterprise-plus-1-proc\/","og_site_name":"Capefoxx AG","og_image":[{"width":140,"height":200,"url":"https:\/\/capefoxx.com\/wp-content\/uploads\/2025\/04\/VMWare-VSphere-8-Enterprise-Plus-1-Proc.png","type":"image\/png"}],"twitter_card":"summary_large_image","schema":{"@context":"https:\/\/schema.org","@graph":[{"@type":"WebPage","@id":"https:\/\/capefoxx.com\/fr\/product\/vmware-vsphere-8-enterprise-plus-1-proc\/","url":"https:\/\/capefoxx.com\/fr\/product\/vmware-vsphere-8-enterprise-plus-1-proc\/","name":"VMware* vSphere 8 Enterprise Plus (1 Proc) - Capefoxx AG","isPartOf":{"@id":"https:\/\/capefoxx.com\/fr\/#website"},"primaryImageOfPage":{"@id":"https:\/\/capefoxx.com\/fr\/product\/vmware-vsphere-8-enterprise-plus-1-proc\/#primaryimage"},"image":{"@id":"https:\/\/capefoxx.com\/fr\/product\/vmware-vsphere-8-enterprise-plus-1-proc\/#primaryimage"},"thumbnailUrl":"https:\/\/capefoxx.com\/wp-content\/uploads\/2025\/04\/VMWare-VSphere-8-Enterprise-Plus-1-Proc.png","datePublished":"2025-04-01T07:52:19+00:00","breadcrumb":{"@id":"https:\/\/capefoxx.com\/fr\/product\/vmware-vsphere-8-enterprise-plus-1-proc\/#breadcrumb"},"inLanguage":"fr-FR","potentialAction":[{"@type":"ReadAction","target":["https:\/\/capefoxx.com\/fr\/product\/vmware-vsphere-8-enterprise-plus-1-proc\/"]}]},{"@type":"ImageObject","inLanguage":"fr-FR","@id":"https:\/\/capefoxx.com\/fr\/product\/vmware-vsphere-8-enterprise-plus-1-proc\/#primaryimage","url":"https:\/\/capefoxx.com\/wp-content\/uploads\/2025\/04\/VMWare-VSphere-8-Enterprise-Plus-1-Proc.png","contentUrl":"https:\/\/capefoxx.com\/wp-content\/uploads\/2025\/04\/VMWare-VSphere-8-Enterprise-Plus-1-Proc.png","width":140,"height":200},{"@type":"BreadcrumbList","@id":"https:\/\/capefoxx.com\/fr\/product\/vmware-vsphere-8-enterprise-plus-1-proc\/#breadcrumb","itemListElement":[{"@type":"ListItem","position":1,"name":"Accueil","item":"https:\/\/capefoxx.com\/fr\/"},{"@type":"ListItem","position":2,"name":"Software Catalogue","item":"https:\/\/capefoxx.com\/used-software-catalogue\/"},{"@type":"ListItem","position":3,"name":"VMware* vSphere 8 Enterprise Plus (1 Proc)"}]},{"@type":"WebSite","@id":"https:\/\/capefoxx.com\/fr\/#website","url":"https:\/\/capefoxx.com\/fr\/","name":"Capefoxx AG","description":"We sell and buy used software licences","publisher":{"@id":"https:\/\/capefoxx.com\/fr\/#organization"},"potentialAction":[{"@type":"SearchAction","target":{"@type":"EntryPoint","urlTemplate":"https:\/\/capefoxx.com\/fr\/?s={search_term_string}"},"query-input":{"@type":"PropertyValueSpecification","valueRequired":true,"valueName":"search_term_string"}}],"inLanguage":"fr-FR"},{"@type":"Organization","@id":"https:\/\/capefoxx.com\/fr\/#organization","name":"Capefoxx AG","url":"https:\/\/capefoxx.com\/fr\/","logo":{"@type":"ImageObject","inLanguage":"fr-FR","@id":"https:\/\/capefoxx.com\/fr\/#\/schema\/logo\/image\/","url":"https:\/\/capefoxx.com\/wp-content\/uploads\/2023\/05\/logo.png","contentUrl":"https:\/\/capefoxx.com\/wp-content\/uploads\/2023\/05\/logo.png","width":130,"height":130,"caption":"Capefoxx AG"},"image":{"@id":"https:\/\/capefoxx.com\/fr\/#\/schema\/logo\/image\/"}}]}},"_links":{"self":[{"href":"https:\/\/capefoxx.com\/fr\/wp-json\/wp\/v2\/product\/12525","targetHints":{"allow":["GET"]}}],"collection":[{"href":"https:\/\/capefoxx.com\/fr\/wp-json\/wp\/v2\/product"}],"about":[{"href":"https:\/\/capefoxx.com\/fr\/wp-json\/wp\/v2\/types\/product"}],"replies":[{"embeddable":true,"href":"https:\/\/capefoxx.com\/fr\/wp-json\/wp\/v2\/comments?post=12525"}],"wp:featuredmedia":[{"embeddable":true,"href":"https:\/\/capefoxx.com\/fr\/wp-json\/wp\/v2\/media\/11772"}],"wp:attachment":[{"href":"https:\/\/capefoxx.com\/fr\/wp-json\/wp\/v2\/media?parent=12525"}],"wp:term":[{"taxonomy":"product_brand","embeddable":true,"href":"https:\/\/capefoxx.com\/fr\/wp-json\/wp\/v2\/product_brand?post=12525"},{"taxonomy":"product_cat","embeddable":true,"href":"https:\/\/capefoxx.com\/fr\/wp-json\/wp\/v2\/product_cat?post=12525"},{"taxonomy":"product_tag","embeddable":true,"href":"https:\/\/capefoxx.com\/fr\/wp-json\/wp\/v2\/product_tag?post=12525"}],"curies":[{"name":"wp","href":"https:\/\/api.w.org\/{rel}","templated":true}]}}