{"id":12546,"date":"2023-08-21T11:16:21","date_gmt":"2023-08-21T09:16:21","guid":{"rendered":"https:\/\/capefoxx.com\/product\/ms-exchange-server-2019-standard-user-cal\/"},"modified":"2025-09-18T13:35:29","modified_gmt":"2025-09-18T11:35:29","slug":"ms-exchange-server-2019-standard-user-cal","status":"publish","type":"product","link":"https:\/\/capefoxx.com\/es\/product\/ms-exchange-server-2019-standard-user-cal\/","title":{"rendered":"MS Exchange Server 2019 Standard User CAL"},"content":{"rendered":"<p>En Capefoxx ofrecemos una amplia gama de Software de Microsoft relicenciado, que le permite conseguir un ahorro de costes de hasta el 30% en comparaci\u00f3n con la \u00faltima versi\u00f3n de Microsoft.<\/p>\n<p>Garantizamos el pleno cumplimiento legal de todas las transacciones y proporcionamos una prueba completa de propiedad para cada compra.<\/p>\n<p>Es importante tener en cuenta que con la relicencia de software, usted adquiere los derechos de uso, seg\u00fan la sentencia del Tribunal de Justicia de las Comunidades Europeas.<\/p>\n<p>Para obtener informaci\u00f3n sobre precios, seleccione el producto y la cantidad deseados y env\u00edenos una solicitud. Nuestros expertos se pondr\u00e1n en contacto con usted para facilitarle todos los detalles.<\/p>\n","protected":false},"excerpt":{"rendered":"<p>Cada cliente Exchange debe tener una Licencia de Acceso de Cliente (CAL). Puede adquirir licencias por usuario y no es necesario activar CAL de Exchange en los equipos cliente ni en los hosts de Exchange Server. Se trata de una licencia puramente en papel (legal) necesaria para utilizar legalmente las funciones de Exchange Server.<\/p>\n","protected":false},"featured_media":10079,"comment_status":"closed","ping_status":"closed","template":"","meta":{"_acf_changed":false,"site-sidebar-layout":"default","site-content-layout":"","ast-site-content-layout":"default","site-content-style":"default","site-sidebar-style":"default","ast-global-header-display":"","ast-banner-title-visibility":"","ast-main-header-display":"","ast-hfb-above-header-display":"","ast-hfb-below-header-display":"","ast-hfb-mobile-header-display":"","site-post-title":"","ast-breadcrumbs-content":"","ast-featured-img":"","footer-sml-layout":"","theme-transparent-header-meta":"default","adv-header-id-meta":"","stick-header-meta":"","header-above-stick-meta":"","header-main-stick-meta":"","header-below-stick-meta":"","astra-migrate-meta-layouts":"default","ast-page-background-enabled":"default","ast-page-background-meta":{"desktop":{"background-color":"var(--ast-global-color-4)","background-image":"","background-repeat":"repeat","background-position":"center center","background-size":"auto","background-attachment":"scroll","background-type":"","background-media":"","overlay-type":"","overlay-color":"","overlay-opacity":"","overlay-gradient":""},"tablet":{"background-color":"","background-image":"","background-repeat":"repeat","background-position":"center center","background-size":"auto","background-attachment":"scroll","background-type":"","background-media":"","overlay-type":"","overlay-color":"","overlay-opacity":"","overlay-gradient":""},"mobile":{"background-color":"","background-image":"","background-repeat":"repeat","background-position":"center center","background-size":"auto","background-attachment":"scroll","background-type":"","background-media":"","overlay-type":"","overlay-color":"","overlay-opacity":"","overlay-gradient":""}},"ast-content-background-meta":{"desktop":{"background-color":"var(--ast-global-color-5)","background-image":"","background-repeat":"repeat","background-position":"center center","background-size":"auto","background-attachment":"scroll","background-type":"","background-media":"","overlay-type":"","overlay-color":"","overlay-opacity":"","overlay-gradient":""},"tablet":{"background-color":"var(--ast-global-color-5)","background-image":"","background-repeat":"repeat","background-position":"center center","background-size":"auto","background-attachment":"scroll","background-type":"","background-media":"","overlay-type":"","overlay-color":"","overlay-opacity":"","overlay-gradient":""},"mobile":{"background-color":"var(--ast-global-color-5)","background-image":"","background-repeat":"repeat","background-position":"center center","background-size":"auto","background-attachment":"scroll","background-type":"","background-media":"","overlay-type":"","overlay-color":"","overlay-opacity":"","overlay-gradient":""}}},"product_brand":[],"product_cat":[224,206],"product_tag":[],"class_list":{"0":"post-12546","1":"product","2":"type-product","3":"status-publish","4":"has-post-thumbnail","6":"product_cat-exchange-server-es","7":"product_cat-productos-de-servidor","8":"desktop-align-left","9":"tablet-align-left","10":"mobile-align-left","12":"first","13":"instock","14":"shipping-taxable","15":"product-type-simple"},"acf":[],"yoast_head":"<!-- This site is optimized with the Yoast SEO plugin v26.0 - https:\/\/yoast.com\/wordpress\/plugins\/seo\/ -->\n<title>MS Exchange Server 2019 Standard User CAL - Capefoxx AG<\/title>\n<meta name=\"robots\" content=\"noindex, follow\" \/>\n<meta property=\"og:locale\" content=\"es_ES\" \/>\n<meta property=\"og:type\" content=\"article\" \/>\n<meta property=\"og:title\" content=\"MS Exchange Server 2019 Standard User CAL - Capefoxx AG\" \/>\n<meta property=\"og:description\" content=\"Cada cliente Exchange debe tener una Licencia de Acceso de Cliente (CAL). Puede adquirir licencias por usuario y no es necesario activar CAL de Exchange en los equipos cliente ni en los hosts de Exchange Server. Se trata de una licencia puramente en papel (legal) necesaria para utilizar legalmente las funciones de Exchange Server.\" \/>\n<meta property=\"og:url\" content=\"https:\/\/capefoxx.com\/es\/product\/ms-exchange-server-2019-standard-user-cal\/\" \/>\n<meta property=\"og:site_name\" content=\"Capefoxx AG\" \/>\n<meta property=\"article:modified_time\" content=\"2025-09-18T11:35:29+00:00\" \/>\n<meta property=\"og:image\" content=\"https:\/\/capefoxx.com\/wp-content\/uploads\/2023\/08\/MS_Exchange_Server_2019_Standard_User_CAL.png\" \/>\n\t<meta property=\"og:image:width\" content=\"250\" \/>\n\t<meta property=\"og:image:height\" content=\"358\" \/>\n\t<meta property=\"og:image:type\" content=\"image\/png\" \/>\n<meta name=\"twitter:card\" content=\"summary_large_image\" \/>\n<meta name=\"twitter:label1\" content=\"Tiempo de lectura\" \/>\n\t<meta name=\"twitter:data1\" content=\"1 minuto\" \/>\n<script type=\"application\/ld+json\" class=\"yoast-schema-graph\">{\"@context\":\"https:\/\/schema.org\",\"@graph\":[{\"@type\":\"WebPage\",\"@id\":\"https:\/\/capefoxx.com\/es\/product\/ms-exchange-server-2019-standard-user-cal\/\",\"url\":\"https:\/\/capefoxx.com\/es\/product\/ms-exchange-server-2019-standard-user-cal\/\",\"name\":\"MS Exchange Server 2019 Standard User CAL - Capefoxx AG\",\"isPartOf\":{\"@id\":\"https:\/\/capefoxx.com\/es\/#website\"},\"primaryImageOfPage\":{\"@id\":\"https:\/\/capefoxx.com\/es\/product\/ms-exchange-server-2019-standard-user-cal\/#primaryimage\"},\"image\":{\"@id\":\"https:\/\/capefoxx.com\/es\/product\/ms-exchange-server-2019-standard-user-cal\/#primaryimage\"},\"thumbnailUrl\":\"https:\/\/capefoxx.com\/wp-content\/uploads\/2023\/08\/MS_Exchange_Server_2019_Standard_User_CAL.png\",\"datePublished\":\"2023-08-21T09:16:21+00:00\",\"dateModified\":\"2025-09-18T11:35:29+00:00\",\"breadcrumb\":{\"@id\":\"https:\/\/capefoxx.com\/es\/product\/ms-exchange-server-2019-standard-user-cal\/#breadcrumb\"},\"inLanguage\":\"es\",\"potentialAction\":[{\"@type\":\"ReadAction\",\"target\":[\"https:\/\/capefoxx.com\/es\/product\/ms-exchange-server-2019-standard-user-cal\/\"]}]},{\"@type\":\"ImageObject\",\"inLanguage\":\"es\",\"@id\":\"https:\/\/capefoxx.com\/es\/product\/ms-exchange-server-2019-standard-user-cal\/#primaryimage\",\"url\":\"https:\/\/capefoxx.com\/wp-content\/uploads\/2023\/08\/MS_Exchange_Server_2019_Standard_User_CAL.png\",\"contentUrl\":\"https:\/\/capefoxx.com\/wp-content\/uploads\/2023\/08\/MS_Exchange_Server_2019_Standard_User_CAL.png\",\"width\":250,\"height\":358},{\"@type\":\"BreadcrumbList\",\"@id\":\"https:\/\/capefoxx.com\/es\/product\/ms-exchange-server-2019-standard-user-cal\/#breadcrumb\",\"itemListElement\":[{\"@type\":\"ListItem\",\"position\":1,\"name\":\"Inicio\",\"item\":\"https:\/\/capefoxx.com\/es\/\"},{\"@type\":\"ListItem\",\"position\":2,\"name\":\"Software Catalogue\",\"item\":\"https:\/\/capefoxx.com\/used-software-catalogue\/\"},{\"@type\":\"ListItem\",\"position\":3,\"name\":\"MS Exchange Server 2019 Standard User CAL\"}]},{\"@type\":\"WebSite\",\"@id\":\"https:\/\/capefoxx.com\/es\/#website\",\"url\":\"https:\/\/capefoxx.com\/es\/\",\"name\":\"Capefoxx AG\",\"description\":\"We sell and buy used software licences\",\"publisher\":{\"@id\":\"https:\/\/capefoxx.com\/es\/#organization\"},\"potentialAction\":[{\"@type\":\"SearchAction\",\"target\":{\"@type\":\"EntryPoint\",\"urlTemplate\":\"https:\/\/capefoxx.com\/es\/?s={search_term_string}\"},\"query-input\":{\"@type\":\"PropertyValueSpecification\",\"valueRequired\":true,\"valueName\":\"search_term_string\"}}],\"inLanguage\":\"es\"},{\"@type\":\"Organization\",\"@id\":\"https:\/\/capefoxx.com\/es\/#organization\",\"name\":\"Capefoxx AG\",\"url\":\"https:\/\/capefoxx.com\/es\/\",\"logo\":{\"@type\":\"ImageObject\",\"inLanguage\":\"es\",\"@id\":\"https:\/\/capefoxx.com\/es\/#\/schema\/logo\/image\/\",\"url\":\"https:\/\/capefoxx.com\/wp-content\/uploads\/2023\/05\/logo.png\",\"contentUrl\":\"https:\/\/capefoxx.com\/wp-content\/uploads\/2023\/05\/logo.png\",\"width\":130,\"height\":130,\"caption\":\"Capefoxx AG\"},\"image\":{\"@id\":\"https:\/\/capefoxx.com\/es\/#\/schema\/logo\/image\/\"}}]}<\/script>\n<!-- \/ Yoast SEO plugin. -->","yoast_head_json":{"title":"MS Exchange Server 2019 Standard User CAL - Capefoxx AG","robots":{"index":"noindex","follow":"follow"},"og_locale":"es_ES","og_type":"article","og_title":"MS Exchange Server 2019 Standard User CAL - Capefoxx AG","og_description":"Cada cliente Exchange debe tener una Licencia de Acceso de Cliente (CAL). Puede adquirir licencias por usuario y no es necesario activar CAL de Exchange en los equipos cliente ni en los hosts de Exchange Server. Se trata de una licencia puramente en papel (legal) necesaria para utilizar legalmente las funciones de Exchange Server.","og_url":"https:\/\/capefoxx.com\/es\/product\/ms-exchange-server-2019-standard-user-cal\/","og_site_name":"Capefoxx AG","article_modified_time":"2025-09-18T11:35:29+00:00","og_image":[{"width":250,"height":358,"url":"https:\/\/capefoxx.com\/wp-content\/uploads\/2023\/08\/MS_Exchange_Server_2019_Standard_User_CAL.png","type":"image\/png"}],"twitter_card":"summary_large_image","twitter_misc":{"Tiempo de lectura":"1 minuto"},"schema":{"@context":"https:\/\/schema.org","@graph":[{"@type":"WebPage","@id":"https:\/\/capefoxx.com\/es\/product\/ms-exchange-server-2019-standard-user-cal\/","url":"https:\/\/capefoxx.com\/es\/product\/ms-exchange-server-2019-standard-user-cal\/","name":"MS Exchange Server 2019 Standard User CAL - Capefoxx AG","isPartOf":{"@id":"https:\/\/capefoxx.com\/es\/#website"},"primaryImageOfPage":{"@id":"https:\/\/capefoxx.com\/es\/product\/ms-exchange-server-2019-standard-user-cal\/#primaryimage"},"image":{"@id":"https:\/\/capefoxx.com\/es\/product\/ms-exchange-server-2019-standard-user-cal\/#primaryimage"},"thumbnailUrl":"https:\/\/capefoxx.com\/wp-content\/uploads\/2023\/08\/MS_Exchange_Server_2019_Standard_User_CAL.png","datePublished":"2023-08-21T09:16:21+00:00","dateModified":"2025-09-18T11:35:29+00:00","breadcrumb":{"@id":"https:\/\/capefoxx.com\/es\/product\/ms-exchange-server-2019-standard-user-cal\/#breadcrumb"},"inLanguage":"es","potentialAction":[{"@type":"ReadAction","target":["https:\/\/capefoxx.com\/es\/product\/ms-exchange-server-2019-standard-user-cal\/"]}]},{"@type":"ImageObject","inLanguage":"es","@id":"https:\/\/capefoxx.com\/es\/product\/ms-exchange-server-2019-standard-user-cal\/#primaryimage","url":"https:\/\/capefoxx.com\/wp-content\/uploads\/2023\/08\/MS_Exchange_Server_2019_Standard_User_CAL.png","contentUrl":"https:\/\/capefoxx.com\/wp-content\/uploads\/2023\/08\/MS_Exchange_Server_2019_Standard_User_CAL.png","width":250,"height":358},{"@type":"BreadcrumbList","@id":"https:\/\/capefoxx.com\/es\/product\/ms-exchange-server-2019-standard-user-cal\/#breadcrumb","itemListElement":[{"@type":"ListItem","position":1,"name":"Inicio","item":"https:\/\/capefoxx.com\/es\/"},{"@type":"ListItem","position":2,"name":"Software Catalogue","item":"https:\/\/capefoxx.com\/used-software-catalogue\/"},{"@type":"ListItem","position":3,"name":"MS Exchange Server 2019 Standard User CAL"}]},{"@type":"WebSite","@id":"https:\/\/capefoxx.com\/es\/#website","url":"https:\/\/capefoxx.com\/es\/","name":"Capefoxx AG","description":"We sell and buy used software licences","publisher":{"@id":"https:\/\/capefoxx.com\/es\/#organization"},"potentialAction":[{"@type":"SearchAction","target":{"@type":"EntryPoint","urlTemplate":"https:\/\/capefoxx.com\/es\/?s={search_term_string}"},"query-input":{"@type":"PropertyValueSpecification","valueRequired":true,"valueName":"search_term_string"}}],"inLanguage":"es"},{"@type":"Organization","@id":"https:\/\/capefoxx.com\/es\/#organization","name":"Capefoxx AG","url":"https:\/\/capefoxx.com\/es\/","logo":{"@type":"ImageObject","inLanguage":"es","@id":"https:\/\/capefoxx.com\/es\/#\/schema\/logo\/image\/","url":"https:\/\/capefoxx.com\/wp-content\/uploads\/2023\/05\/logo.png","contentUrl":"https:\/\/capefoxx.com\/wp-content\/uploads\/2023\/05\/logo.png","width":130,"height":130,"caption":"Capefoxx AG"},"image":{"@id":"https:\/\/capefoxx.com\/es\/#\/schema\/logo\/image\/"}}]}},"_links":{"self":[{"href":"https:\/\/capefoxx.com\/es\/wp-json\/wp\/v2\/product\/12546","targetHints":{"allow":["GET"]}}],"collection":[{"href":"https:\/\/capefoxx.com\/es\/wp-json\/wp\/v2\/product"}],"about":[{"href":"https:\/\/capefoxx.com\/es\/wp-json\/wp\/v2\/types\/product"}],"replies":[{"embeddable":true,"href":"https:\/\/capefoxx.com\/es\/wp-json\/wp\/v2\/comments?post=12546"}],"wp:featuredmedia":[{"embeddable":true,"href":"https:\/\/capefoxx.com\/es\/wp-json\/wp\/v2\/media\/10079"}],"wp:attachment":[{"href":"https:\/\/capefoxx.com\/es\/wp-json\/wp\/v2\/media?parent=12546"}],"wp:term":[{"taxonomy":"product_brand","embeddable":true,"href":"https:\/\/capefoxx.com\/es\/wp-json\/wp\/v2\/product_brand?post=12546"},{"taxonomy":"product_cat","embeddable":true,"href":"https:\/\/capefoxx.com\/es\/wp-json\/wp\/v2\/product_cat?post=12546"},{"taxonomy":"product_tag","embeddable":true,"href":"https:\/\/capefoxx.com\/es\/wp-json\/wp\/v2\/product_tag?post=12546"}],"curies":[{"name":"wp","href":"https:\/\/api.w.org\/{rel}","templated":true}]}}