{"id":12530,"date":"2025-04-01T10:48:11","date_gmt":"2025-04-01T08:48:11","guid":{"rendered":"https:\/\/capefoxx.com\/product\/vmware-vsphere-7-standard-1-proc\/"},"modified":"2025-04-01T10:48:11","modified_gmt":"2025-04-01T08:48:11","slug":"vmware-vsphere-7-standard-1-proc","status":"publish","type":"product","link":"https:\/\/capefoxx.com\/es\/product\/vmware-vsphere-7-standard-1-proc\/","title":{"rendered":"<span style=\"color: #ff0000;\">VMware*<\/span> vSphere 7 Est\u00e1ndar (1 Proc)"},"content":{"rendered":"","protected":false},"excerpt":{"rendered":"<p>VMware vSphere 7 Standard es una plataforma de virtualizaci\u00f3n fundamental que permite a las empresas optimizar su infraestructura de TI, mejorar el rendimiento de las cargas de trabajo y garantizar una alta disponibilidad. Esta edici\u00f3n ofrece funciones esenciales como vMotion, alta disponibilidad (HA) y vSphere Replication, lo que la convierte en una opci\u00f3n fiable para peque\u00f1as y medianas empresas.<\/p>\n<h4><strong>Principales caracter\u00edsticas y ventajas:<\/strong><\/h4>\n<ul>\n<li>Rendimiento fiable de la virtualizaci\u00f3n<\/li>\n<li>Alta disponibilidad y recuperaci\u00f3n en caso de cat\u00e1strofe<\/li>\n<li>Utilizaci\u00f3n eficiente de los recursos<\/li>\n<li>Movilidad perfecta de la carga de trabajo con vMotion<\/li>\n<li>Gesti\u00f3n y operaciones simplificadas<\/li>\n<\/ul>\n<h4><strong>Detalles de la licencia:<\/strong><\/h4>\n<ul>\n<li>Edici\u00f3n: VMware vSphere 7 Standard &#8211; de segunda mano<\/li>\n<li>Tipo de licencia: Por procesador (1 CPU)<\/li>\n<\/ul>\n<h4><strong>\u00bfPor qu\u00e9 elegir VMware vSphere 7 Standard?<\/strong><\/h4>\n<p>Esta edici\u00f3n es perfecta para organizaciones que buscan una soluci\u00f3n de virtualizaci\u00f3n rentable que ofrezca funciones esenciales para optimizar la infraestructura de TI. Tanto si gestiona entornos locales como h\u00edbridos, vSphere 7 Standard proporciona las herramientas necesarias para soportar cargas de trabajo cr\u00edticas.<\/p>\n","protected":false},"featured_media":11770,"comment_status":"closed","ping_status":"closed","template":"","meta":{"_acf_changed":false,"site-sidebar-layout":"default","site-content-layout":"","ast-site-content-layout":"default","site-content-style":"default","site-sidebar-style":"default","ast-global-header-display":"","ast-banner-title-visibility":"","ast-main-header-display":"","ast-hfb-above-header-display":"","ast-hfb-below-header-display":"","ast-hfb-mobile-header-display":"","site-post-title":"","ast-breadcrumbs-content":"","ast-featured-img":"","footer-sml-layout":"","theme-transparent-header-meta":"default","adv-header-id-meta":"","stick-header-meta":"","header-above-stick-meta":"","header-main-stick-meta":"","header-below-stick-meta":"","astra-migrate-meta-layouts":"default","ast-page-background-enabled":"default","ast-page-background-meta":{"desktop":{"background-color":"var(--ast-global-color-4)","background-image":"","background-repeat":"repeat","background-position":"center center","background-size":"auto","background-attachment":"scroll","background-type":"","background-media":"","overlay-type":"","overlay-color":"","overlay-opacity":"","overlay-gradient":""},"tablet":{"background-color":"","background-image":"","background-repeat":"repeat","background-position":"center center","background-size":"auto","background-attachment":"scroll","background-type":"","background-media":"","overlay-type":"","overlay-color":"","overlay-opacity":"","overlay-gradient":""},"mobile":{"background-color":"","background-image":"","background-repeat":"repeat","background-position":"center center","background-size":"auto","background-attachment":"scroll","background-type":"","background-media":"","overlay-type":"","overlay-color":"","overlay-opacity":"","overlay-gradient":""}},"ast-content-background-meta":{"desktop":{"background-color":"var(--ast-global-color-5)","background-image":"","background-repeat":"repeat","background-position":"center center","background-size":"auto","background-attachment":"scroll","background-type":"","background-media":"","overlay-type":"","overlay-color":"","overlay-opacity":"","overlay-gradient":""},"tablet":{"background-color":"var(--ast-global-color-5)","background-image":"","background-repeat":"repeat","background-position":"center center","background-size":"auto","background-attachment":"scroll","background-type":"","background-media":"","overlay-type":"","overlay-color":"","overlay-opacity":"","overlay-gradient":""},"mobile":{"background-color":"var(--ast-global-color-5)","background-image":"","background-repeat":"repeat","background-position":"center center","background-size":"auto","background-attachment":"scroll","background-type":"","background-media":"","overlay-type":"","overlay-color":"","overlay-opacity":"","overlay-gradient":""}}},"product_brand":[],"product_cat":[242],"product_tag":[],"class_list":{"0":"post-12530","1":"product","2":"type-product","3":"status-publish","4":"has-post-thumbnail","6":"product_cat-vmware-es","7":"desktop-align-left","8":"tablet-align-left","9":"mobile-align-left","11":"first","12":"instock","13":"shipping-taxable","14":"product-type-simple"},"acf":[],"yoast_head":"<!-- This site is optimized with the Yoast SEO plugin v26.0 - https:\/\/yoast.com\/wordpress\/plugins\/seo\/ -->\n<title>VMware* vSphere 7 Est\u00e1ndar (1 Proc) - Capefoxx AG<\/title>\n<meta name=\"robots\" content=\"noindex, follow\" \/>\n<meta property=\"og:locale\" content=\"es_ES\" \/>\n<meta property=\"og:type\" content=\"article\" \/>\n<meta property=\"og:title\" content=\"VMware* vSphere 7 Est\u00e1ndar (1 Proc) - Capefoxx AG\" \/>\n<meta property=\"og:description\" content=\"VMware vSphere 7 Standard es una plataforma de virtualizaci\u00f3n fundamental que permite a las empresas optimizar su infraestructura de TI, mejorar el rendimiento de las cargas de trabajo y garantizar una alta disponibilidad. Esta edici\u00f3n ofrece funciones esenciales como vMotion, alta disponibilidad (HA) y vSphere Replication, lo que la convierte en una opci\u00f3n fiable para peque\u00f1as y medianas empresas. Principales caracter\u00edsticas y ventajas:  Rendimiento fiable de la virtualizaci\u00f3n  Alta disponibilidad y recuperaci\u00f3n en caso de cat\u00e1strofe  Utilizaci\u00f3n eficiente de los recursos  Movilidad perfecta de la carga de trabajo con vMotion  Gesti\u00f3n y operaciones simplificadas Detalles de la licencia:  Edici\u00f3n: VMware vSphere 7 Standard - de segunda mano  Tipo de licencia: Por procesador (1 CPU) \u00bfPor qu\u00e9 elegir VMware vSphere 7 Standard? Esta edici\u00f3n es perfecta para organizaciones que buscan una soluci\u00f3n de virtualizaci\u00f3n rentable que ofrezca funciones esenciales para optimizar la infraestructura de TI. Tanto si gestiona entornos locales como h\u00edbridos, vSphere 7 Standard proporciona las herramientas necesarias para soportar cargas de trabajo cr\u00edticas.\" \/>\n<meta property=\"og:url\" content=\"https:\/\/capefoxx.com\/es\/product\/vmware-vsphere-7-standard-1-proc\/\" \/>\n<meta property=\"og:site_name\" content=\"Capefoxx AG\" \/>\n<meta property=\"og:image\" content=\"https:\/\/capefoxx.com\/wp-content\/uploads\/2025\/04\/VMware-vSphere-7-Standard-1-Proc.png\" \/>\n\t<meta property=\"og:image:width\" content=\"140\" \/>\n\t<meta property=\"og:image:height\" content=\"200\" \/>\n\t<meta property=\"og:image:type\" content=\"image\/png\" \/>\n<meta name=\"twitter:card\" content=\"summary_large_image\" \/>\n<script type=\"application\/ld+json\" class=\"yoast-schema-graph\">{\"@context\":\"https:\/\/schema.org\",\"@graph\":[{\"@type\":\"WebPage\",\"@id\":\"https:\/\/capefoxx.com\/es\/product\/vmware-vsphere-7-standard-1-proc\/\",\"url\":\"https:\/\/capefoxx.com\/es\/product\/vmware-vsphere-7-standard-1-proc\/\",\"name\":\"VMware* vSphere 7 Est\u00e1ndar (1 Proc) - Capefoxx AG\",\"isPartOf\":{\"@id\":\"https:\/\/capefoxx.com\/es\/#website\"},\"primaryImageOfPage\":{\"@id\":\"https:\/\/capefoxx.com\/es\/product\/vmware-vsphere-7-standard-1-proc\/#primaryimage\"},\"image\":{\"@id\":\"https:\/\/capefoxx.com\/es\/product\/vmware-vsphere-7-standard-1-proc\/#primaryimage\"},\"thumbnailUrl\":\"https:\/\/capefoxx.com\/wp-content\/uploads\/2025\/04\/VMware-vSphere-7-Standard-1-Proc.png\",\"datePublished\":\"2025-04-01T08:48:11+00:00\",\"breadcrumb\":{\"@id\":\"https:\/\/capefoxx.com\/es\/product\/vmware-vsphere-7-standard-1-proc\/#breadcrumb\"},\"inLanguage\":\"es\",\"potentialAction\":[{\"@type\":\"ReadAction\",\"target\":[\"https:\/\/capefoxx.com\/es\/product\/vmware-vsphere-7-standard-1-proc\/\"]}]},{\"@type\":\"ImageObject\",\"inLanguage\":\"es\",\"@id\":\"https:\/\/capefoxx.com\/es\/product\/vmware-vsphere-7-standard-1-proc\/#primaryimage\",\"url\":\"https:\/\/capefoxx.com\/wp-content\/uploads\/2025\/04\/VMware-vSphere-7-Standard-1-Proc.png\",\"contentUrl\":\"https:\/\/capefoxx.com\/wp-content\/uploads\/2025\/04\/VMware-vSphere-7-Standard-1-Proc.png\",\"width\":140,\"height\":200},{\"@type\":\"BreadcrumbList\",\"@id\":\"https:\/\/capefoxx.com\/es\/product\/vmware-vsphere-7-standard-1-proc\/#breadcrumb\",\"itemListElement\":[{\"@type\":\"ListItem\",\"position\":1,\"name\":\"Inicio\",\"item\":\"https:\/\/capefoxx.com\/es\/\"},{\"@type\":\"ListItem\",\"position\":2,\"name\":\"Software Catalogue\",\"item\":\"https:\/\/capefoxx.com\/used-software-catalogue\/\"},{\"@type\":\"ListItem\",\"position\":3,\"name\":\"VMware* vSphere 7 Est\u00e1ndar (1 Proc)\"}]},{\"@type\":\"WebSite\",\"@id\":\"https:\/\/capefoxx.com\/es\/#website\",\"url\":\"https:\/\/capefoxx.com\/es\/\",\"name\":\"Capefoxx AG\",\"description\":\"We sell and buy used software licences\",\"publisher\":{\"@id\":\"https:\/\/capefoxx.com\/es\/#organization\"},\"potentialAction\":[{\"@type\":\"SearchAction\",\"target\":{\"@type\":\"EntryPoint\",\"urlTemplate\":\"https:\/\/capefoxx.com\/es\/?s={search_term_string}\"},\"query-input\":{\"@type\":\"PropertyValueSpecification\",\"valueRequired\":true,\"valueName\":\"search_term_string\"}}],\"inLanguage\":\"es\"},{\"@type\":\"Organization\",\"@id\":\"https:\/\/capefoxx.com\/es\/#organization\",\"name\":\"Capefoxx AG\",\"url\":\"https:\/\/capefoxx.com\/es\/\",\"logo\":{\"@type\":\"ImageObject\",\"inLanguage\":\"es\",\"@id\":\"https:\/\/capefoxx.com\/es\/#\/schema\/logo\/image\/\",\"url\":\"https:\/\/capefoxx.com\/wp-content\/uploads\/2023\/05\/logo.png\",\"contentUrl\":\"https:\/\/capefoxx.com\/wp-content\/uploads\/2023\/05\/logo.png\",\"width\":130,\"height\":130,\"caption\":\"Capefoxx AG\"},\"image\":{\"@id\":\"https:\/\/capefoxx.com\/es\/#\/schema\/logo\/image\/\"}}]}<\/script>\n<!-- \/ Yoast SEO plugin. -->","yoast_head_json":{"title":"VMware* vSphere 7 Est\u00e1ndar (1 Proc) - Capefoxx AG","robots":{"index":"noindex","follow":"follow"},"og_locale":"es_ES","og_type":"article","og_title":"VMware* vSphere 7 Est\u00e1ndar (1 Proc) - Capefoxx AG","og_description":"VMware vSphere 7 Standard es una plataforma de virtualizaci\u00f3n fundamental que permite a las empresas optimizar su infraestructura de TI, mejorar el rendimiento de las cargas de trabajo y garantizar una alta disponibilidad. Esta edici\u00f3n ofrece funciones esenciales como vMotion, alta disponibilidad (HA) y vSphere Replication, lo que la convierte en una opci\u00f3n fiable para peque\u00f1as y medianas empresas. Principales caracter\u00edsticas y ventajas:  Rendimiento fiable de la virtualizaci\u00f3n  Alta disponibilidad y recuperaci\u00f3n en caso de cat\u00e1strofe  Utilizaci\u00f3n eficiente de los recursos  Movilidad perfecta de la carga de trabajo con vMotion  Gesti\u00f3n y operaciones simplificadas Detalles de la licencia:  Edici\u00f3n: VMware vSphere 7 Standard - de segunda mano  Tipo de licencia: Por procesador (1 CPU) \u00bfPor qu\u00e9 elegir VMware vSphere 7 Standard? Esta edici\u00f3n es perfecta para organizaciones que buscan una soluci\u00f3n de virtualizaci\u00f3n rentable que ofrezca funciones esenciales para optimizar la infraestructura de TI. Tanto si gestiona entornos locales como h\u00edbridos, vSphere 7 Standard proporciona las herramientas necesarias para soportar cargas de trabajo cr\u00edticas.","og_url":"https:\/\/capefoxx.com\/es\/product\/vmware-vsphere-7-standard-1-proc\/","og_site_name":"Capefoxx AG","og_image":[{"width":140,"height":200,"url":"https:\/\/capefoxx.com\/wp-content\/uploads\/2025\/04\/VMware-vSphere-7-Standard-1-Proc.png","type":"image\/png"}],"twitter_card":"summary_large_image","schema":{"@context":"https:\/\/schema.org","@graph":[{"@type":"WebPage","@id":"https:\/\/capefoxx.com\/es\/product\/vmware-vsphere-7-standard-1-proc\/","url":"https:\/\/capefoxx.com\/es\/product\/vmware-vsphere-7-standard-1-proc\/","name":"VMware* vSphere 7 Est\u00e1ndar (1 Proc) - Capefoxx AG","isPartOf":{"@id":"https:\/\/capefoxx.com\/es\/#website"},"primaryImageOfPage":{"@id":"https:\/\/capefoxx.com\/es\/product\/vmware-vsphere-7-standard-1-proc\/#primaryimage"},"image":{"@id":"https:\/\/capefoxx.com\/es\/product\/vmware-vsphere-7-standard-1-proc\/#primaryimage"},"thumbnailUrl":"https:\/\/capefoxx.com\/wp-content\/uploads\/2025\/04\/VMware-vSphere-7-Standard-1-Proc.png","datePublished":"2025-04-01T08:48:11+00:00","breadcrumb":{"@id":"https:\/\/capefoxx.com\/es\/product\/vmware-vsphere-7-standard-1-proc\/#breadcrumb"},"inLanguage":"es","potentialAction":[{"@type":"ReadAction","target":["https:\/\/capefoxx.com\/es\/product\/vmware-vsphere-7-standard-1-proc\/"]}]},{"@type":"ImageObject","inLanguage":"es","@id":"https:\/\/capefoxx.com\/es\/product\/vmware-vsphere-7-standard-1-proc\/#primaryimage","url":"https:\/\/capefoxx.com\/wp-content\/uploads\/2025\/04\/VMware-vSphere-7-Standard-1-Proc.png","contentUrl":"https:\/\/capefoxx.com\/wp-content\/uploads\/2025\/04\/VMware-vSphere-7-Standard-1-Proc.png","width":140,"height":200},{"@type":"BreadcrumbList","@id":"https:\/\/capefoxx.com\/es\/product\/vmware-vsphere-7-standard-1-proc\/#breadcrumb","itemListElement":[{"@type":"ListItem","position":1,"name":"Inicio","item":"https:\/\/capefoxx.com\/es\/"},{"@type":"ListItem","position":2,"name":"Software Catalogue","item":"https:\/\/capefoxx.com\/used-software-catalogue\/"},{"@type":"ListItem","position":3,"name":"VMware* vSphere 7 Est\u00e1ndar (1 Proc)"}]},{"@type":"WebSite","@id":"https:\/\/capefoxx.com\/es\/#website","url":"https:\/\/capefoxx.com\/es\/","name":"Capefoxx AG","description":"We sell and buy used software licences","publisher":{"@id":"https:\/\/capefoxx.com\/es\/#organization"},"potentialAction":[{"@type":"SearchAction","target":{"@type":"EntryPoint","urlTemplate":"https:\/\/capefoxx.com\/es\/?s={search_term_string}"},"query-input":{"@type":"PropertyValueSpecification","valueRequired":true,"valueName":"search_term_string"}}],"inLanguage":"es"},{"@type":"Organization","@id":"https:\/\/capefoxx.com\/es\/#organization","name":"Capefoxx AG","url":"https:\/\/capefoxx.com\/es\/","logo":{"@type":"ImageObject","inLanguage":"es","@id":"https:\/\/capefoxx.com\/es\/#\/schema\/logo\/image\/","url":"https:\/\/capefoxx.com\/wp-content\/uploads\/2023\/05\/logo.png","contentUrl":"https:\/\/capefoxx.com\/wp-content\/uploads\/2023\/05\/logo.png","width":130,"height":130,"caption":"Capefoxx AG"},"image":{"@id":"https:\/\/capefoxx.com\/es\/#\/schema\/logo\/image\/"}}]}},"_links":{"self":[{"href":"https:\/\/capefoxx.com\/es\/wp-json\/wp\/v2\/product\/12530","targetHints":{"allow":["GET"]}}],"collection":[{"href":"https:\/\/capefoxx.com\/es\/wp-json\/wp\/v2\/product"}],"about":[{"href":"https:\/\/capefoxx.com\/es\/wp-json\/wp\/v2\/types\/product"}],"replies":[{"embeddable":true,"href":"https:\/\/capefoxx.com\/es\/wp-json\/wp\/v2\/comments?post=12530"}],"wp:featuredmedia":[{"embeddable":true,"href":"https:\/\/capefoxx.com\/es\/wp-json\/wp\/v2\/media\/11770"}],"wp:attachment":[{"href":"https:\/\/capefoxx.com\/es\/wp-json\/wp\/v2\/media?parent=12530"}],"wp:term":[{"taxonomy":"product_brand","embeddable":true,"href":"https:\/\/capefoxx.com\/es\/wp-json\/wp\/v2\/product_brand?post=12530"},{"taxonomy":"product_cat","embeddable":true,"href":"https:\/\/capefoxx.com\/es\/wp-json\/wp\/v2\/product_cat?post=12530"},{"taxonomy":"product_tag","embeddable":true,"href":"https:\/\/capefoxx.com\/es\/wp-json\/wp\/v2\/product_tag?post=12530"}],"curies":[{"name":"wp","href":"https:\/\/api.w.org\/{rel}","templated":true}]}}