{"id":12516,"date":"2025-04-01T10:37:41","date_gmt":"2025-04-01T08:37:41","guid":{"rendered":"https:\/\/capefoxx.com\/product\/vmware-vsphere-7-enterprise-plus-1-proc\/"},"modified":"2025-04-01T10:37:41","modified_gmt":"2025-04-01T08:37:41","slug":"vmware-vsphere-7-enterprise-plus-1-proc","status":"publish","type":"product","link":"https:\/\/capefoxx.com\/es\/product\/vmware-vsphere-7-enterprise-plus-1-proc\/","title":{"rendered":"<span style=\"color: #ff0000;\">VMware*<\/span> vSphere 7 Enterprise Plus (1 Proc)"},"content":{"rendered":"","protected":false},"excerpt":{"rendered":"<p>VMware vSphere 7 Enterprise Plus es una potente plataforma de virtualizaci\u00f3n que permite a las empresas modernizar su infraestructura de TI, mejorar el rendimiento de las cargas de trabajo y garantizar una disponibilidad continua. Esta edici\u00f3n ofrece funciones avanzadas como vMotion, Distributed Resource Scheduler (DRS), alta disponibilidad (HA) y cifrado de m\u00e1quinas virtuales, lo que la convierte en la mejor opci\u00f3n para las empresas que buscan optimizar la eficiencia, la seguridad y la escalabilidad.<\/p>\n<h4><strong>Principales caracter\u00edsticas y ventajas:<\/strong><\/h4>\n<ul>\n<li>Rendimiento de virtualizaci\u00f3n l\u00edder del sector<\/li>\n<li>Mayor seguridad con el cifrado de m\u00e1quinas virtuales<\/li>\n<li>Alta disponibilidad y recuperaci\u00f3n en caso de cat\u00e1strofe<\/li>\n<li>Gesti\u00f3n automatizada de recursos con DRS<\/li>\n<li>Movilidad perfecta de la carga de trabajo con vMotion<\/li>\n<\/ul>\n<h4><strong>Detalles de la licencia:<\/strong><\/h4>\n<ul>\n<li>Edici\u00f3n: VMware vSphere 7 Enterprise Plus &#8211; seminuevo<br \/>\nTipo de licencia: Por procesador (1 CPU)<\/li>\n<\/ul>\n<h4><strong>\u00bfPor qu\u00e9 elegir VMware vSphere 7 Enterprise Plus?<\/strong><\/h4>\n<p>Esta edici\u00f3n es perfecta para organizaciones que exigen virtualizaci\u00f3n de alto rendimiento, automatizaci\u00f3n y seguridad de nivel empresarial. Tanto si gestiona entornos locales, h\u00edbridos o multicloud, vSphere 7 Enterprise Plus proporciona la flexibilidad y fiabilidad necesarias para dar soporte a aplicaciones de misi\u00f3n cr\u00edtica.<\/p>\n","protected":false},"featured_media":11766,"comment_status":"closed","ping_status":"closed","template":"","meta":{"_acf_changed":false,"site-sidebar-layout":"default","site-content-layout":"","ast-site-content-layout":"default","site-content-style":"default","site-sidebar-style":"default","ast-global-header-display":"","ast-banner-title-visibility":"","ast-main-header-display":"","ast-hfb-above-header-display":"","ast-hfb-below-header-display":"","ast-hfb-mobile-header-display":"","site-post-title":"","ast-breadcrumbs-content":"","ast-featured-img":"","footer-sml-layout":"","theme-transparent-header-meta":"default","adv-header-id-meta":"","stick-header-meta":"","header-above-stick-meta":"","header-main-stick-meta":"","header-below-stick-meta":"","astra-migrate-meta-layouts":"default","ast-page-background-enabled":"default","ast-page-background-meta":{"desktop":{"background-color":"var(--ast-global-color-4)","background-image":"","background-repeat":"repeat","background-position":"center center","background-size":"auto","background-attachment":"scroll","background-type":"","background-media":"","overlay-type":"","overlay-color":"","overlay-opacity":"","overlay-gradient":""},"tablet":{"background-color":"","background-image":"","background-repeat":"repeat","background-position":"center center","background-size":"auto","background-attachment":"scroll","background-type":"","background-media":"","overlay-type":"","overlay-color":"","overlay-opacity":"","overlay-gradient":""},"mobile":{"background-color":"","background-image":"","background-repeat":"repeat","background-position":"center center","background-size":"auto","background-attachment":"scroll","background-type":"","background-media":"","overlay-type":"","overlay-color":"","overlay-opacity":"","overlay-gradient":""}},"ast-content-background-meta":{"desktop":{"background-color":"var(--ast-global-color-5)","background-image":"","background-repeat":"repeat","background-position":"center center","background-size":"auto","background-attachment":"scroll","background-type":"","background-media":"","overlay-type":"","overlay-color":"","overlay-opacity":"","overlay-gradient":""},"tablet":{"background-color":"var(--ast-global-color-5)","background-image":"","background-repeat":"repeat","background-position":"center center","background-size":"auto","background-attachment":"scroll","background-type":"","background-media":"","overlay-type":"","overlay-color":"","overlay-opacity":"","overlay-gradient":""},"mobile":{"background-color":"var(--ast-global-color-5)","background-image":"","background-repeat":"repeat","background-position":"center center","background-size":"auto","background-attachment":"scroll","background-type":"","background-media":"","overlay-type":"","overlay-color":"","overlay-opacity":"","overlay-gradient":""}}},"product_brand":[],"product_cat":[242],"product_tag":[],"class_list":{"0":"post-12516","1":"product","2":"type-product","3":"status-publish","4":"has-post-thumbnail","6":"product_cat-vmware-es","7":"desktop-align-left","8":"tablet-align-left","9":"mobile-align-left","11":"first","12":"instock","13":"shipping-taxable","14":"product-type-simple"},"acf":[],"yoast_head":"<!-- This site is optimized with the Yoast SEO plugin v26.0 - https:\/\/yoast.com\/wordpress\/plugins\/seo\/ -->\n<title>VMware* vSphere 7 Enterprise Plus (1 Proc) - Capefoxx AG<\/title>\n<meta name=\"robots\" content=\"noindex, follow\" \/>\n<meta property=\"og:locale\" content=\"es_ES\" \/>\n<meta property=\"og:type\" content=\"article\" \/>\n<meta property=\"og:title\" content=\"VMware* vSphere 7 Enterprise Plus (1 Proc) - Capefoxx AG\" \/>\n<meta property=\"og:description\" content=\"VMware vSphere 7 Enterprise Plus es una potente plataforma de virtualizaci\u00f3n que permite a las empresas modernizar su infraestructura de TI, mejorar el rendimiento de las cargas de trabajo y garantizar una disponibilidad continua. Esta edici\u00f3n ofrece funciones avanzadas como vMotion, Distributed Resource Scheduler (DRS), alta disponibilidad (HA) y cifrado de m\u00e1quinas virtuales, lo que la convierte en la mejor opci\u00f3n para las empresas que buscan optimizar la eficiencia, la seguridad y la escalabilidad. Principales caracter\u00edsticas y ventajas:  Rendimiento de virtualizaci\u00f3n l\u00edder del sector  Mayor seguridad con el cifrado de m\u00e1quinas virtuales  Alta disponibilidad y recuperaci\u00f3n en caso de cat\u00e1strofe  Gesti\u00f3n automatizada de recursos con DRS  Movilidad perfecta de la carga de trabajo con vMotion Detalles de la licencia:  Edici\u00f3n: VMware vSphere 7 Enterprise Plus - seminuevo Tipo de licencia: Por procesador (1 CPU) \u00bfPor qu\u00e9 elegir VMware vSphere 7 Enterprise Plus? Esta edici\u00f3n es perfecta para organizaciones que exigen virtualizaci\u00f3n de alto rendimiento, automatizaci\u00f3n y seguridad de nivel empresarial. Tanto si gestiona entornos locales, h\u00edbridos o multicloud, vSphere 7 Enterprise Plus proporciona la flexibilidad y fiabilidad necesarias para dar soporte a aplicaciones de misi\u00f3n cr\u00edtica.\" \/>\n<meta property=\"og:url\" content=\"https:\/\/capefoxx.com\/es\/product\/vmware-vsphere-7-enterprise-plus-1-proc\/\" \/>\n<meta property=\"og:site_name\" content=\"Capefoxx AG\" \/>\n<meta property=\"og:image\" content=\"https:\/\/capefoxx.com\/wp-content\/uploads\/2025\/04\/VMWare-VSphere-7-Enterprise-Plus-1-Proc.png\" \/>\n\t<meta property=\"og:image:width\" content=\"140\" \/>\n\t<meta property=\"og:image:height\" content=\"200\" \/>\n\t<meta property=\"og:image:type\" content=\"image\/png\" \/>\n<meta name=\"twitter:card\" content=\"summary_large_image\" \/>\n<script type=\"application\/ld+json\" class=\"yoast-schema-graph\">{\"@context\":\"https:\/\/schema.org\",\"@graph\":[{\"@type\":\"WebPage\",\"@id\":\"https:\/\/capefoxx.com\/es\/product\/vmware-vsphere-7-enterprise-plus-1-proc\/\",\"url\":\"https:\/\/capefoxx.com\/es\/product\/vmware-vsphere-7-enterprise-plus-1-proc\/\",\"name\":\"VMware* vSphere 7 Enterprise Plus (1 Proc) - Capefoxx AG\",\"isPartOf\":{\"@id\":\"https:\/\/capefoxx.com\/es\/#website\"},\"primaryImageOfPage\":{\"@id\":\"https:\/\/capefoxx.com\/es\/product\/vmware-vsphere-7-enterprise-plus-1-proc\/#primaryimage\"},\"image\":{\"@id\":\"https:\/\/capefoxx.com\/es\/product\/vmware-vsphere-7-enterprise-plus-1-proc\/#primaryimage\"},\"thumbnailUrl\":\"https:\/\/capefoxx.com\/wp-content\/uploads\/2025\/04\/VMWare-VSphere-7-Enterprise-Plus-1-Proc.png\",\"datePublished\":\"2025-04-01T08:37:41+00:00\",\"breadcrumb\":{\"@id\":\"https:\/\/capefoxx.com\/es\/product\/vmware-vsphere-7-enterprise-plus-1-proc\/#breadcrumb\"},\"inLanguage\":\"es\",\"potentialAction\":[{\"@type\":\"ReadAction\",\"target\":[\"https:\/\/capefoxx.com\/es\/product\/vmware-vsphere-7-enterprise-plus-1-proc\/\"]}]},{\"@type\":\"ImageObject\",\"inLanguage\":\"es\",\"@id\":\"https:\/\/capefoxx.com\/es\/product\/vmware-vsphere-7-enterprise-plus-1-proc\/#primaryimage\",\"url\":\"https:\/\/capefoxx.com\/wp-content\/uploads\/2025\/04\/VMWare-VSphere-7-Enterprise-Plus-1-Proc.png\",\"contentUrl\":\"https:\/\/capefoxx.com\/wp-content\/uploads\/2025\/04\/VMWare-VSphere-7-Enterprise-Plus-1-Proc.png\",\"width\":140,\"height\":200},{\"@type\":\"BreadcrumbList\",\"@id\":\"https:\/\/capefoxx.com\/es\/product\/vmware-vsphere-7-enterprise-plus-1-proc\/#breadcrumb\",\"itemListElement\":[{\"@type\":\"ListItem\",\"position\":1,\"name\":\"Inicio\",\"item\":\"https:\/\/capefoxx.com\/es\/\"},{\"@type\":\"ListItem\",\"position\":2,\"name\":\"Software Catalogue\",\"item\":\"https:\/\/capefoxx.com\/used-software-catalogue\/\"},{\"@type\":\"ListItem\",\"position\":3,\"name\":\"VMware* vSphere 7 Enterprise Plus (1 Proc)\"}]},{\"@type\":\"WebSite\",\"@id\":\"https:\/\/capefoxx.com\/es\/#website\",\"url\":\"https:\/\/capefoxx.com\/es\/\",\"name\":\"Capefoxx AG\",\"description\":\"We sell and buy used software licences\",\"publisher\":{\"@id\":\"https:\/\/capefoxx.com\/es\/#organization\"},\"potentialAction\":[{\"@type\":\"SearchAction\",\"target\":{\"@type\":\"EntryPoint\",\"urlTemplate\":\"https:\/\/capefoxx.com\/es\/?s={search_term_string}\"},\"query-input\":{\"@type\":\"PropertyValueSpecification\",\"valueRequired\":true,\"valueName\":\"search_term_string\"}}],\"inLanguage\":\"es\"},{\"@type\":\"Organization\",\"@id\":\"https:\/\/capefoxx.com\/es\/#organization\",\"name\":\"Capefoxx AG\",\"url\":\"https:\/\/capefoxx.com\/es\/\",\"logo\":{\"@type\":\"ImageObject\",\"inLanguage\":\"es\",\"@id\":\"https:\/\/capefoxx.com\/es\/#\/schema\/logo\/image\/\",\"url\":\"https:\/\/capefoxx.com\/wp-content\/uploads\/2023\/05\/logo.png\",\"contentUrl\":\"https:\/\/capefoxx.com\/wp-content\/uploads\/2023\/05\/logo.png\",\"width\":130,\"height\":130,\"caption\":\"Capefoxx AG\"},\"image\":{\"@id\":\"https:\/\/capefoxx.com\/es\/#\/schema\/logo\/image\/\"}}]}<\/script>\n<!-- \/ Yoast SEO plugin. -->","yoast_head_json":{"title":"VMware* vSphere 7 Enterprise Plus (1 Proc) - Capefoxx AG","robots":{"index":"noindex","follow":"follow"},"og_locale":"es_ES","og_type":"article","og_title":"VMware* vSphere 7 Enterprise Plus (1 Proc) - Capefoxx AG","og_description":"VMware vSphere 7 Enterprise Plus es una potente plataforma de virtualizaci\u00f3n que permite a las empresas modernizar su infraestructura de TI, mejorar el rendimiento de las cargas de trabajo y garantizar una disponibilidad continua. Esta edici\u00f3n ofrece funciones avanzadas como vMotion, Distributed Resource Scheduler (DRS), alta disponibilidad (HA) y cifrado de m\u00e1quinas virtuales, lo que la convierte en la mejor opci\u00f3n para las empresas que buscan optimizar la eficiencia, la seguridad y la escalabilidad. Principales caracter\u00edsticas y ventajas:  Rendimiento de virtualizaci\u00f3n l\u00edder del sector  Mayor seguridad con el cifrado de m\u00e1quinas virtuales  Alta disponibilidad y recuperaci\u00f3n en caso de cat\u00e1strofe  Gesti\u00f3n automatizada de recursos con DRS  Movilidad perfecta de la carga de trabajo con vMotion Detalles de la licencia:  Edici\u00f3n: VMware vSphere 7 Enterprise Plus - seminuevo Tipo de licencia: Por procesador (1 CPU) \u00bfPor qu\u00e9 elegir VMware vSphere 7 Enterprise Plus? Esta edici\u00f3n es perfecta para organizaciones que exigen virtualizaci\u00f3n de alto rendimiento, automatizaci\u00f3n y seguridad de nivel empresarial. Tanto si gestiona entornos locales, h\u00edbridos o multicloud, vSphere 7 Enterprise Plus proporciona la flexibilidad y fiabilidad necesarias para dar soporte a aplicaciones de misi\u00f3n cr\u00edtica.","og_url":"https:\/\/capefoxx.com\/es\/product\/vmware-vsphere-7-enterprise-plus-1-proc\/","og_site_name":"Capefoxx AG","og_image":[{"width":140,"height":200,"url":"https:\/\/capefoxx.com\/wp-content\/uploads\/2025\/04\/VMWare-VSphere-7-Enterprise-Plus-1-Proc.png","type":"image\/png"}],"twitter_card":"summary_large_image","schema":{"@context":"https:\/\/schema.org","@graph":[{"@type":"WebPage","@id":"https:\/\/capefoxx.com\/es\/product\/vmware-vsphere-7-enterprise-plus-1-proc\/","url":"https:\/\/capefoxx.com\/es\/product\/vmware-vsphere-7-enterprise-plus-1-proc\/","name":"VMware* vSphere 7 Enterprise Plus (1 Proc) - Capefoxx AG","isPartOf":{"@id":"https:\/\/capefoxx.com\/es\/#website"},"primaryImageOfPage":{"@id":"https:\/\/capefoxx.com\/es\/product\/vmware-vsphere-7-enterprise-plus-1-proc\/#primaryimage"},"image":{"@id":"https:\/\/capefoxx.com\/es\/product\/vmware-vsphere-7-enterprise-plus-1-proc\/#primaryimage"},"thumbnailUrl":"https:\/\/capefoxx.com\/wp-content\/uploads\/2025\/04\/VMWare-VSphere-7-Enterprise-Plus-1-Proc.png","datePublished":"2025-04-01T08:37:41+00:00","breadcrumb":{"@id":"https:\/\/capefoxx.com\/es\/product\/vmware-vsphere-7-enterprise-plus-1-proc\/#breadcrumb"},"inLanguage":"es","potentialAction":[{"@type":"ReadAction","target":["https:\/\/capefoxx.com\/es\/product\/vmware-vsphere-7-enterprise-plus-1-proc\/"]}]},{"@type":"ImageObject","inLanguage":"es","@id":"https:\/\/capefoxx.com\/es\/product\/vmware-vsphere-7-enterprise-plus-1-proc\/#primaryimage","url":"https:\/\/capefoxx.com\/wp-content\/uploads\/2025\/04\/VMWare-VSphere-7-Enterprise-Plus-1-Proc.png","contentUrl":"https:\/\/capefoxx.com\/wp-content\/uploads\/2025\/04\/VMWare-VSphere-7-Enterprise-Plus-1-Proc.png","width":140,"height":200},{"@type":"BreadcrumbList","@id":"https:\/\/capefoxx.com\/es\/product\/vmware-vsphere-7-enterprise-plus-1-proc\/#breadcrumb","itemListElement":[{"@type":"ListItem","position":1,"name":"Inicio","item":"https:\/\/capefoxx.com\/es\/"},{"@type":"ListItem","position":2,"name":"Software Catalogue","item":"https:\/\/capefoxx.com\/used-software-catalogue\/"},{"@type":"ListItem","position":3,"name":"VMware* vSphere 7 Enterprise Plus (1 Proc)"}]},{"@type":"WebSite","@id":"https:\/\/capefoxx.com\/es\/#website","url":"https:\/\/capefoxx.com\/es\/","name":"Capefoxx AG","description":"We sell and buy used software licences","publisher":{"@id":"https:\/\/capefoxx.com\/es\/#organization"},"potentialAction":[{"@type":"SearchAction","target":{"@type":"EntryPoint","urlTemplate":"https:\/\/capefoxx.com\/es\/?s={search_term_string}"},"query-input":{"@type":"PropertyValueSpecification","valueRequired":true,"valueName":"search_term_string"}}],"inLanguage":"es"},{"@type":"Organization","@id":"https:\/\/capefoxx.com\/es\/#organization","name":"Capefoxx AG","url":"https:\/\/capefoxx.com\/es\/","logo":{"@type":"ImageObject","inLanguage":"es","@id":"https:\/\/capefoxx.com\/es\/#\/schema\/logo\/image\/","url":"https:\/\/capefoxx.com\/wp-content\/uploads\/2023\/05\/logo.png","contentUrl":"https:\/\/capefoxx.com\/wp-content\/uploads\/2023\/05\/logo.png","width":130,"height":130,"caption":"Capefoxx AG"},"image":{"@id":"https:\/\/capefoxx.com\/es\/#\/schema\/logo\/image\/"}}]}},"_links":{"self":[{"href":"https:\/\/capefoxx.com\/es\/wp-json\/wp\/v2\/product\/12516","targetHints":{"allow":["GET"]}}],"collection":[{"href":"https:\/\/capefoxx.com\/es\/wp-json\/wp\/v2\/product"}],"about":[{"href":"https:\/\/capefoxx.com\/es\/wp-json\/wp\/v2\/types\/product"}],"replies":[{"embeddable":true,"href":"https:\/\/capefoxx.com\/es\/wp-json\/wp\/v2\/comments?post=12516"}],"wp:featuredmedia":[{"embeddable":true,"href":"https:\/\/capefoxx.com\/es\/wp-json\/wp\/v2\/media\/11766"}],"wp:attachment":[{"href":"https:\/\/capefoxx.com\/es\/wp-json\/wp\/v2\/media?parent=12516"}],"wp:term":[{"taxonomy":"product_brand","embeddable":true,"href":"https:\/\/capefoxx.com\/es\/wp-json\/wp\/v2\/product_brand?post=12516"},{"taxonomy":"product_cat","embeddable":true,"href":"https:\/\/capefoxx.com\/es\/wp-json\/wp\/v2\/product_cat?post=12516"},{"taxonomy":"product_tag","embeddable":true,"href":"https:\/\/capefoxx.com\/es\/wp-json\/wp\/v2\/product_tag?post=12516"}],"curies":[{"name":"wp","href":"https:\/\/api.w.org\/{rel}","templated":true}]}}