{"id":12065,"date":"2023-02-02T06:36:03","date_gmt":"2023-02-02T04:36:03","guid":{"rendered":"https:\/\/capefoxx.com\/request-quote\/"},"modified":"2025-09-18T08:51:27","modified_gmt":"2025-09-18T06:51:27","slug":"request-quote","status":"publish","type":"page","link":"https:\/\/capefoxx.com\/es\/request-quote\/","title":{"rendered":"Solicitar presupuesto"},"content":{"rendered":"\t\t<div data-elementor-type=\"wp-page\" data-elementor-id=\"12065\" class=\"elementor elementor-12065 elementor-297\" data-elementor-post-type=\"page\">\n\t\t\t\t\t\t<section class=\"elementor-section elementor-top-section elementor-element elementor-element-088d8af elementor-section-full_width elementor-section-height-min-height elementor-section-content-middle elementor-section-height-default elementor-section-items-middle\" data-id=\"088d8af\" data-element_type=\"section\" data-settings=\"{&quot;background_background&quot;:&quot;gradient&quot;}\">\n\t\t\t\t\t\t\t<div class=\"elementor-background-overlay\"><\/div>\n\t\t\t\t\t\t\t<div class=\"elementor-container elementor-column-gap-no\">\n\t\t\t\t\t<div class=\"elementor-column elementor-col-100 elementor-top-column elementor-element elementor-element-5f02a33\" data-id=\"5f02a33\" data-element_type=\"column\">\n\t\t\t<div class=\"elementor-widget-wrap elementor-element-populated\">\n\t\t\t\t\t\t<div class=\"elementor-element elementor-element-0748dea elementor-widget__width-initial elementor-widget elementor-widget-heading\" data-id=\"0748dea\" data-element_type=\"widget\" data-widget_type=\"heading.default\">\n\t\t\t\t<div class=\"elementor-widget-container\">\n\t\t\t\t\t<h2 class=\"elementor-heading-title elementor-size-default\">Consulta de productos<\/h2>\t\t\t\t<\/div>\n\t\t\t\t<\/div>\n\t\t\t\t\t<\/div>\n\t\t<\/div>\n\t\t\t\t\t<\/div>\n\t\t<\/section>\n\t\t\t\t<section class=\"elementor-section elementor-top-section elementor-element elementor-element-117d2000 cf-request-quote-form elementor-section-boxed elementor-section-height-default elementor-section-height-default\" data-id=\"117d2000\" data-element_type=\"section\">\n\t\t\t\t\t\t<div class=\"elementor-container elementor-column-gap-default\">\n\t\t\t\t\t<div class=\"elementor-column elementor-col-100 elementor-top-column elementor-element elementor-element-15ec70a\" data-id=\"15ec70a\" data-element_type=\"column\">\n\t\t\t<div class=\"elementor-widget-wrap elementor-element-populated\">\n\t\t\t\t\t\t<div class=\"elementor-element elementor-element-496a077 elementor-widget elementor-widget-shortcode\" data-id=\"496a077\" data-element_type=\"widget\" data-widget_type=\"shortcode.default\">\n\t\t\t\t<div class=\"elementor-widget-container\">\n\t\t\t\t\t\t\t<div class=\"elementor-shortcode\">\r\n<div class=\"woocommerce ywraq-wrapper ywraq-empty\">\r\n\t\t\t<div id=\"yith-ywraq-message\"><div class=\"ywraq-question-message\">\n\t<\/div>\n<\/div>\r\n\t\t\t\t<div class=\"ywraq-form-table-wrapper vertical\">\r\n        \t<h2>Products<\/h2>\r\n\t\t\t<div class=\"ywraq-before-form\">\r\n\t<p class=\"ywraq_list_empty_message\">Tu lista est\u00e1 vac\u00eda, a\u00f1ade productos a la lista para enviar una solicitud<p><p class=\"return-to-shop\"><a class=\"button wc-backward\" href=\"\/shop\/\">A\u00f1adir m\u00e1s productos<\/a><\/p><\/div>\r\n\t\t\t\t\t<\/div>\r\n\t<\/div>\r\n<\/div>\n\t\t\t\t\t\t<\/div>\n\t\t\t\t<\/div>\n\t\t\t\t\t<\/div>\n\t\t<\/div>\n\t\t\t\t\t<\/div>\n\t\t<\/section>\n\t\t\t\t<section class=\"elementor-section elementor-top-section elementor-element elementor-element-d300a77 hover_card call elementor-section-boxed elementor-section-height-default elementor-section-height-default\" data-id=\"d300a77\" data-element_type=\"section\" data-settings=\"{&quot;background_background&quot;:&quot;classic&quot;}\">\n\t\t\t\t\t\t<div class=\"elementor-container elementor-column-gap-default\">\n\t\t\t\t\t<div class=\"elementor-column elementor-col-100 elementor-top-column elementor-element elementor-element-1addc00\" data-id=\"1addc00\" data-element_type=\"column\">\n\t\t\t<div class=\"elementor-widget-wrap elementor-element-populated\">\n\t\t\t\t\t\t<div class=\"elementor-element elementor-element-a35730d elementor-widget elementor-widget-button\" data-id=\"a35730d\" data-element_type=\"widget\" data-widget_type=\"button.default\">\n\t\t\t\t<div class=\"elementor-widget-container\">\n\t\t\t\t\t\t\t\t\t<div class=\"elementor-button-wrapper\">\n\t\t\t\t\t<a class=\"elementor-button elementor-size-sm\" role=\"button\" id=\"quick-contact\">\n\t\t\t\t\t\t<span class=\"elementor-button-content-wrapper\">\n\t\t\t\t\t\t\t\t\t<span class=\"elementor-button-text\">Pulse aqu\u00ed<\/span>\n\t\t\t\t\t<\/span>\n\t\t\t\t\t<\/a>\n\t\t\t\t<\/div>\n\t\t\t\t\t\t\t\t<\/div>\n\t\t\t\t<\/div>\n\t\t\t\t<div class=\"elementor-element elementor-element-fa35c08 elementor-widget__width-initial elementor-widget elementor-widget-text-editor\" data-id=\"fa35c08\" data-element_type=\"widget\" data-widget_type=\"text-editor.default\">\n\t\t\t\t<div class=\"elementor-widget-container\">\n\t\t\t\t\t\t\t\t\tHablemos de sus oportunidades\t\t\t\t\t\t\t\t<\/div>\n\t\t\t\t<\/div>\n\t\t\t\t<div class=\"elementor-element elementor-element-71ebcc5 contact-popup elementor-hidden-desktop elementor-hidden-tablet elementor-widget elementor-widget-image\" data-id=\"71ebcc5\" data-element_type=\"widget\" data-widget_type=\"image.default\">\n\t\t\t\t<div class=\"elementor-widget-container\">\n\t\t\t\t\t\t\t\t\t\t\t\t\t\t\t<img decoding=\"async\" src=\"https:\/\/capefoxx.com\/wp-content\/uploads\/2023\/03\/schedule-a-call.svg\" class=\"attachment-full size-full wp-image-1333\" alt=\"\" \/>\t\t\t\t\t\t\t\t\t\t\t\t\t\t\t<\/div>\n\t\t\t\t<\/div>\n\t\t\t\t\t<\/div>\n\t\t<\/div>\n\t\t\t\t\t<\/div>\n\t\t<\/section>\n\t\t\t\t<\/div>\n\t\t","protected":false},"excerpt":{"rendered":"<p>Consulta de productos Pulse aqu\u00ed Hablemos de sus oportunidades<\/p>\n","protected":false},"author":1,"featured_media":0,"parent":0,"menu_order":0,"comment_status":"closed","ping_status":"closed","template":"","meta":{"_acf_changed":false,"site-sidebar-layout":"no-sidebar","site-content-layout":"page-builder","ast-site-content-layout":"default","site-content-style":"default","site-sidebar-style":"default","ast-global-header-display":"","ast-banner-title-visibility":"","ast-main-header-display":"","ast-hfb-above-header-display":"","ast-hfb-below-header-display":"","ast-hfb-mobile-header-display":"","site-post-title":"","ast-breadcrumbs-content":"","ast-featured-img":"","footer-sml-layout":"","theme-transparent-header-meta":"default","adv-header-id-meta":"","stick-header-meta":"","header-above-stick-meta":"","header-main-stick-meta":"","header-below-stick-meta":"","astra-migrate-meta-layouts":"default","ast-page-background-enabled":"default","ast-page-background-meta":{"desktop":{"background-color":"var(--ast-global-color-4)","background-image":"","background-repeat":"repeat","background-position":"center center","background-size":"auto","background-attachment":"scroll","background-type":"","background-media":"","overlay-type":"","overlay-color":"","overlay-opacity":"","overlay-gradient":""},"tablet":{"background-color":"","background-image":"","background-repeat":"repeat","background-position":"center center","background-size":"auto","background-attachment":"scroll","background-type":"","background-media":"","overlay-type":"","overlay-color":"","overlay-opacity":"","overlay-gradient":""},"mobile":{"background-color":"","background-image":"","background-repeat":"repeat","background-position":"center center","background-size":"auto","background-attachment":"scroll","background-type":"","background-media":"","overlay-type":"","overlay-color":"","overlay-opacity":"","overlay-gradient":""}},"ast-content-background-meta":{"desktop":{"background-color":"var(--ast-global-color-5)","background-image":"","background-repeat":"repeat","background-position":"center center","background-size":"auto","background-attachment":"scroll","background-type":"","background-media":"","overlay-type":"","overlay-color":"","overlay-opacity":"","overlay-gradient":""},"tablet":{"background-color":"var(--ast-global-color-5)","background-image":"","background-repeat":"repeat","background-position":"center center","background-size":"auto","background-attachment":"scroll","background-type":"","background-media":"","overlay-type":"","overlay-color":"","overlay-opacity":"","overlay-gradient":""},"mobile":{"background-color":"var(--ast-global-color-5)","background-image":"","background-repeat":"repeat","background-position":"center center","background-size":"auto","background-attachment":"scroll","background-type":"","background-media":"","overlay-type":"","overlay-color":"","overlay-opacity":"","overlay-gradient":""}},"footnotes":""},"class_list":["post-12065","page","type-page","status-publish","hentry"],"acf":[],"yoast_head":"<!-- This site is optimized with the Yoast SEO plugin v26.0 - https:\/\/yoast.com\/wordpress\/plugins\/seo\/ -->\n<title>Solicitar presupuesto - Capefoxx AG<\/title>\n<meta name=\"robots\" content=\"index, follow, max-snippet:-1, max-image-preview:large, max-video-preview:-1\" \/>\n<link rel=\"canonical\" href=\"https:\/\/capefoxx.com\/es\/request-quote\/\" \/>\n<meta property=\"og:locale\" content=\"es_ES\" \/>\n<meta property=\"og:type\" content=\"article\" \/>\n<meta property=\"og:title\" content=\"Solicitar presupuesto - Capefoxx AG\" \/>\n<meta property=\"og:description\" content=\"Consulta de productos Pulse aqu\u00ed Hablemos de sus oportunidades\" \/>\n<meta property=\"og:url\" content=\"https:\/\/capefoxx.com\/es\/request-quote\/\" \/>\n<meta property=\"og:site_name\" content=\"Capefoxx AG\" \/>\n<meta property=\"article:modified_time\" content=\"2025-09-18T06:51:27+00:00\" \/>\n<meta name=\"twitter:card\" content=\"summary_large_image\" \/>\n<script type=\"application\/ld+json\" class=\"yoast-schema-graph\">{\"@context\":\"https:\/\/schema.org\",\"@graph\":[{\"@type\":\"WebPage\",\"@id\":\"https:\/\/capefoxx.com\/es\/request-quote\/\",\"url\":\"https:\/\/capefoxx.com\/es\/request-quote\/\",\"name\":\"Solicitar presupuesto - Capefoxx AG\",\"isPartOf\":{\"@id\":\"https:\/\/capefoxx.com\/es\/#website\"},\"primaryImageOfPage\":{\"@id\":\"https:\/\/capefoxx.com\/es\/request-quote\/#primaryimage\"},\"image\":{\"@id\":\"https:\/\/capefoxx.com\/es\/request-quote\/#primaryimage\"},\"thumbnailUrl\":\"https:\/\/capefoxx.com\/wp-content\/uploads\/2023\/03\/schedule-a-call.svg\",\"datePublished\":\"2023-02-02T04:36:03+00:00\",\"dateModified\":\"2025-09-18T06:51:27+00:00\",\"breadcrumb\":{\"@id\":\"https:\/\/capefoxx.com\/es\/request-quote\/#breadcrumb\"},\"inLanguage\":\"es\",\"potentialAction\":[{\"@type\":\"ReadAction\",\"target\":[\"https:\/\/capefoxx.com\/es\/request-quote\/\"]}]},{\"@type\":\"ImageObject\",\"inLanguage\":\"es\",\"@id\":\"https:\/\/capefoxx.com\/es\/request-quote\/#primaryimage\",\"url\":\"https:\/\/capefoxx.com\/wp-content\/uploads\/2023\/03\/schedule-a-call.svg\",\"contentUrl\":\"https:\/\/capefoxx.com\/wp-content\/uploads\/2023\/03\/schedule-a-call.svg\"},{\"@type\":\"BreadcrumbList\",\"@id\":\"https:\/\/capefoxx.com\/es\/request-quote\/#breadcrumb\",\"itemListElement\":[{\"@type\":\"ListItem\",\"position\":1,\"name\":\"Inicio\",\"item\":\"https:\/\/capefoxx.com\/es\/\"},{\"@type\":\"ListItem\",\"position\":2,\"name\":\"Solicitar presupuesto\"}]},{\"@type\":\"WebSite\",\"@id\":\"https:\/\/capefoxx.com\/es\/#website\",\"url\":\"https:\/\/capefoxx.com\/es\/\",\"name\":\"Capefoxx AG\",\"description\":\"We sell and buy used software licences\",\"publisher\":{\"@id\":\"https:\/\/capefoxx.com\/es\/#organization\"},\"potentialAction\":[{\"@type\":\"SearchAction\",\"target\":{\"@type\":\"EntryPoint\",\"urlTemplate\":\"https:\/\/capefoxx.com\/es\/?s={search_term_string}\"},\"query-input\":{\"@type\":\"PropertyValueSpecification\",\"valueRequired\":true,\"valueName\":\"search_term_string\"}}],\"inLanguage\":\"es\"},{\"@type\":\"Organization\",\"@id\":\"https:\/\/capefoxx.com\/es\/#organization\",\"name\":\"Capefoxx AG\",\"url\":\"https:\/\/capefoxx.com\/es\/\",\"logo\":{\"@type\":\"ImageObject\",\"inLanguage\":\"es\",\"@id\":\"https:\/\/capefoxx.com\/es\/#\/schema\/logo\/image\/\",\"url\":\"https:\/\/capefoxx.com\/wp-content\/uploads\/2023\/05\/logo.png\",\"contentUrl\":\"https:\/\/capefoxx.com\/wp-content\/uploads\/2023\/05\/logo.png\",\"width\":130,\"height\":130,\"caption\":\"Capefoxx AG\"},\"image\":{\"@id\":\"https:\/\/capefoxx.com\/es\/#\/schema\/logo\/image\/\"}}]}<\/script>\n<!-- \/ Yoast SEO plugin. -->","yoast_head_json":{"title":"Solicitar presupuesto - Capefoxx AG","robots":{"index":"index","follow":"follow","max-snippet":"max-snippet:-1","max-image-preview":"max-image-preview:large","max-video-preview":"max-video-preview:-1"},"canonical":"https:\/\/capefoxx.com\/es\/request-quote\/","og_locale":"es_ES","og_type":"article","og_title":"Solicitar presupuesto - Capefoxx AG","og_description":"Consulta de productos Pulse aqu\u00ed Hablemos de sus oportunidades","og_url":"https:\/\/capefoxx.com\/es\/request-quote\/","og_site_name":"Capefoxx AG","article_modified_time":"2025-09-18T06:51:27+00:00","twitter_card":"summary_large_image","schema":{"@context":"https:\/\/schema.org","@graph":[{"@type":"WebPage","@id":"https:\/\/capefoxx.com\/es\/request-quote\/","url":"https:\/\/capefoxx.com\/es\/request-quote\/","name":"Solicitar presupuesto - Capefoxx AG","isPartOf":{"@id":"https:\/\/capefoxx.com\/es\/#website"},"primaryImageOfPage":{"@id":"https:\/\/capefoxx.com\/es\/request-quote\/#primaryimage"},"image":{"@id":"https:\/\/capefoxx.com\/es\/request-quote\/#primaryimage"},"thumbnailUrl":"https:\/\/capefoxx.com\/wp-content\/uploads\/2023\/03\/schedule-a-call.svg","datePublished":"2023-02-02T04:36:03+00:00","dateModified":"2025-09-18T06:51:27+00:00","breadcrumb":{"@id":"https:\/\/capefoxx.com\/es\/request-quote\/#breadcrumb"},"inLanguage":"es","potentialAction":[{"@type":"ReadAction","target":["https:\/\/capefoxx.com\/es\/request-quote\/"]}]},{"@type":"ImageObject","inLanguage":"es","@id":"https:\/\/capefoxx.com\/es\/request-quote\/#primaryimage","url":"https:\/\/capefoxx.com\/wp-content\/uploads\/2023\/03\/schedule-a-call.svg","contentUrl":"https:\/\/capefoxx.com\/wp-content\/uploads\/2023\/03\/schedule-a-call.svg"},{"@type":"BreadcrumbList","@id":"https:\/\/capefoxx.com\/es\/request-quote\/#breadcrumb","itemListElement":[{"@type":"ListItem","position":1,"name":"Inicio","item":"https:\/\/capefoxx.com\/es\/"},{"@type":"ListItem","position":2,"name":"Solicitar presupuesto"}]},{"@type":"WebSite","@id":"https:\/\/capefoxx.com\/es\/#website","url":"https:\/\/capefoxx.com\/es\/","name":"Capefoxx AG","description":"We sell and buy used software licences","publisher":{"@id":"https:\/\/capefoxx.com\/es\/#organization"},"potentialAction":[{"@type":"SearchAction","target":{"@type":"EntryPoint","urlTemplate":"https:\/\/capefoxx.com\/es\/?s={search_term_string}"},"query-input":{"@type":"PropertyValueSpecification","valueRequired":true,"valueName":"search_term_string"}}],"inLanguage":"es"},{"@type":"Organization","@id":"https:\/\/capefoxx.com\/es\/#organization","name":"Capefoxx AG","url":"https:\/\/capefoxx.com\/es\/","logo":{"@type":"ImageObject","inLanguage":"es","@id":"https:\/\/capefoxx.com\/es\/#\/schema\/logo\/image\/","url":"https:\/\/capefoxx.com\/wp-content\/uploads\/2023\/05\/logo.png","contentUrl":"https:\/\/capefoxx.com\/wp-content\/uploads\/2023\/05\/logo.png","width":130,"height":130,"caption":"Capefoxx AG"},"image":{"@id":"https:\/\/capefoxx.com\/es\/#\/schema\/logo\/image\/"}}]}},"_links":{"self":[{"href":"https:\/\/capefoxx.com\/es\/wp-json\/wp\/v2\/pages\/12065","targetHints":{"allow":["GET"]}}],"collection":[{"href":"https:\/\/capefoxx.com\/es\/wp-json\/wp\/v2\/pages"}],"about":[{"href":"https:\/\/capefoxx.com\/es\/wp-json\/wp\/v2\/types\/page"}],"author":[{"embeddable":true,"href":"https:\/\/capefoxx.com\/es\/wp-json\/wp\/v2\/users\/1"}],"replies":[{"embeddable":true,"href":"https:\/\/capefoxx.com\/es\/wp-json\/wp\/v2\/comments?post=12065"}],"version-history":[{"count":3,"href":"https:\/\/capefoxx.com\/es\/wp-json\/wp\/v2\/pages\/12065\/revisions"}],"predecessor-version":[{"id":12492,"href":"https:\/\/capefoxx.com\/es\/wp-json\/wp\/v2\/pages\/12065\/revisions\/12492"}],"wp:attachment":[{"href":"https:\/\/capefoxx.com\/es\/wp-json\/wp\/v2\/media?parent=12065"}],"curies":[{"name":"wp","href":"https:\/\/api.w.org\/{rel}","templated":true}]}}