{"id":12603,"date":"2023-08-21T11:15:37","date_gmt":"2023-08-21T09:15:37","guid":{"rendered":"https:\/\/capefoxx.com\/product\/ms-windows-10-professional-upgrade\/"},"modified":"2023-08-21T11:15:37","modified_gmt":"2023-08-21T09:15:37","slug":"ms-windows-10-professional-upgrade","status":"publish","type":"product","link":"https:\/\/capefoxx.com\/de\/product\/ms-windows-10-professional-upgrade\/","title":{"rendered":"MS Windows 10 Professional Upgrade"},"content":{"rendered":"<p>Bei Capefoxx bieten wir Ihnen eine gro\u00dfe Auswahl an relicensed Microsoft Software, die Ihnen Kosteneinsparungen von bis zu 30% im Vergleich zur aktuellen Microsoft Version erm\u00f6glicht.<\/p>\n<p>Wir garantieren Ihnen die Einhaltung gesetzlicher Vorschriften und stellen Ihnen f\u00fcr jeden Kauf einen vollst\u00e4ndigen Eigentumsnachweis zur Verf\u00fcgung.<\/p>\n<p>Bitte beachten Sie, dass Sie mit relicensed Software die Nutzungsrechte gem\u00e4\u00df dem Urteil des Europ\u00e4ischen Gerichtshofs erwerben.<\/p>\n<p>F\u00fcr Preisinformationen w\u00e4hlen Sie bitte das gew\u00fcnschte Produkt und die gew\u00fcnschte Menge aus und senden uns eine Anfrage. Unsere Experten werden sich mit Ihnen in Verbindung setzen und Ihnen alle Einzelheiten mitteilen. &#8222;<\/p>\n","protected":false},"excerpt":{"rendered":"<p>MS Windows 10 Professional ist ein leistungsstarkes Betriebssystem von Microsoft, das f\u00fcr den Einsatz in Unternehmensumgebungen optimiert ist. Es bietet die neuesten Sicherheitsfunktionen, eine neu gestaltete Benutzeroberfl\u00e4che und Unterst\u00fctzung f\u00fcr die neueste Hardware und Software. <\/p>\n","protected":false},"featured_media":10140,"comment_status":"closed","ping_status":"closed","template":"","meta":{"_acf_changed":false,"site-sidebar-layout":"default","site-content-layout":"","ast-site-content-layout":"default","site-content-style":"default","site-sidebar-style":"default","ast-global-header-display":"","ast-banner-title-visibility":"","ast-main-header-display":"","ast-hfb-above-header-display":"","ast-hfb-below-header-display":"","ast-hfb-mobile-header-display":"","site-post-title":"","ast-breadcrumbs-content":"","ast-featured-img":"","footer-sml-layout":"","theme-transparent-header-meta":"default","adv-header-id-meta":"","stick-header-meta":"","header-above-stick-meta":"","header-main-stick-meta":"","header-below-stick-meta":"","astra-migrate-meta-layouts":"default","ast-page-background-enabled":"default","ast-page-background-meta":{"desktop":{"background-color":"var(--ast-global-color-4)","background-image":"","background-repeat":"repeat","background-position":"center center","background-size":"auto","background-attachment":"scroll","background-type":"","background-media":"","overlay-type":"","overlay-color":"","overlay-opacity":"","overlay-gradient":""},"tablet":{"background-color":"","background-image":"","background-repeat":"repeat","background-position":"center center","background-size":"auto","background-attachment":"scroll","background-type":"","background-media":"","overlay-type":"","overlay-color":"","overlay-opacity":"","overlay-gradient":""},"mobile":{"background-color":"","background-image":"","background-repeat":"repeat","background-position":"center center","background-size":"auto","background-attachment":"scroll","background-type":"","background-media":"","overlay-type":"","overlay-color":"","overlay-opacity":"","overlay-gradient":""}},"ast-content-background-meta":{"desktop":{"background-color":"var(--ast-global-color-5)","background-image":"","background-repeat":"repeat","background-position":"center center","background-size":"auto","background-attachment":"scroll","background-type":"","background-media":"","overlay-type":"","overlay-color":"","overlay-opacity":"","overlay-gradient":""},"tablet":{"background-color":"var(--ast-global-color-5)","background-image":"","background-repeat":"repeat","background-position":"center center","background-size":"auto","background-attachment":"scroll","background-type":"","background-media":"","overlay-type":"","overlay-color":"","overlay-opacity":"","overlay-gradient":""},"mobile":{"background-color":"var(--ast-global-color-5)","background-image":"","background-repeat":"repeat","background-position":"center center","background-size":"auto","background-attachment":"scroll","background-type":"","background-media":"","overlay-type":"","overlay-color":"","overlay-opacity":"","overlay-gradient":""}}},"product_brand":[],"product_cat":[115,116],"product_tag":[],"class_list":{"0":"post-12603","1":"product","2":"type-product","3":"status-publish","4":"has-post-thumbnail","6":"product_cat-operating-system","7":"product_cat-windows","8":"desktop-align-left","9":"tablet-align-left","10":"mobile-align-left","12":"first","13":"instock","14":"shipping-taxable","15":"product-type-simple"},"acf":[],"yoast_head":"<!-- This site is optimized with the Yoast SEO plugin v26.0 - https:\/\/yoast.com\/wordpress\/plugins\/seo\/ -->\n<title>MS Windows 10 Professional Upgrade - Capefoxx AG<\/title>\n<meta name=\"robots\" content=\"noindex, follow\" \/>\n<meta property=\"og:locale\" content=\"de_DE\" \/>\n<meta property=\"og:type\" content=\"article\" \/>\n<meta property=\"og:title\" content=\"MS Windows 10 Professional Upgrade - Capefoxx AG\" \/>\n<meta property=\"og:description\" content=\"MS Windows 10 Professional ist ein leistungsstarkes Betriebssystem von Microsoft, das f\u00fcr den Einsatz in Unternehmensumgebungen optimiert ist. Es bietet die neuesten Sicherheitsfunktionen, eine neu gestaltete Benutzeroberfl\u00e4che und Unterst\u00fctzung f\u00fcr die neueste Hardware und Software.\" \/>\n<meta property=\"og:url\" content=\"https:\/\/capefoxx.com\/de\/product\/ms-windows-10-professional-upgrade\/\" \/>\n<meta property=\"og:site_name\" content=\"Capefoxx AG\" \/>\n<meta property=\"og:image\" content=\"https:\/\/capefoxx.com\/wp-content\/uploads\/2024\/05\/MS_Windows_10_Professional_Upgrade.png\" \/>\n\t<meta property=\"og:image:width\" content=\"250\" \/>\n\t<meta property=\"og:image:height\" content=\"358\" \/>\n\t<meta property=\"og:image:type\" content=\"image\/png\" \/>\n<meta name=\"twitter:card\" content=\"summary_large_image\" \/>\n<meta name=\"twitter:label1\" content=\"Gesch\u00e4tzte Lesezeit\" \/>\n\t<meta name=\"twitter:data1\" content=\"1\u00a0Minute\" \/>\n<script type=\"application\/ld+json\" class=\"yoast-schema-graph\">{\"@context\":\"https:\/\/schema.org\",\"@graph\":[{\"@type\":\"WebPage\",\"@id\":\"https:\/\/capefoxx.com\/de\/product\/ms-windows-10-professional-upgrade\/\",\"url\":\"https:\/\/capefoxx.com\/de\/product\/ms-windows-10-professional-upgrade\/\",\"name\":\"MS Windows 10 Professional Upgrade - Capefoxx AG\",\"isPartOf\":{\"@id\":\"https:\/\/capefoxx.com\/de\/#website\"},\"primaryImageOfPage\":{\"@id\":\"https:\/\/capefoxx.com\/de\/product\/ms-windows-10-professional-upgrade\/#primaryimage\"},\"image\":{\"@id\":\"https:\/\/capefoxx.com\/de\/product\/ms-windows-10-professional-upgrade\/#primaryimage\"},\"thumbnailUrl\":\"https:\/\/capefoxx.com\/wp-content\/uploads\/2024\/05\/MS_Windows_10_Professional_Upgrade.png\",\"datePublished\":\"2023-08-21T09:15:37+00:00\",\"breadcrumb\":{\"@id\":\"https:\/\/capefoxx.com\/de\/product\/ms-windows-10-professional-upgrade\/#breadcrumb\"},\"inLanguage\":\"de\",\"potentialAction\":[{\"@type\":\"ReadAction\",\"target\":[\"https:\/\/capefoxx.com\/de\/product\/ms-windows-10-professional-upgrade\/\"]}]},{\"@type\":\"ImageObject\",\"inLanguage\":\"de\",\"@id\":\"https:\/\/capefoxx.com\/de\/product\/ms-windows-10-professional-upgrade\/#primaryimage\",\"url\":\"https:\/\/capefoxx.com\/wp-content\/uploads\/2024\/05\/MS_Windows_10_Professional_Upgrade.png\",\"contentUrl\":\"https:\/\/capefoxx.com\/wp-content\/uploads\/2024\/05\/MS_Windows_10_Professional_Upgrade.png\",\"width\":250,\"height\":358},{\"@type\":\"BreadcrumbList\",\"@id\":\"https:\/\/capefoxx.com\/de\/product\/ms-windows-10-professional-upgrade\/#breadcrumb\",\"itemListElement\":[{\"@type\":\"ListItem\",\"position\":1,\"name\":\"Startseite\",\"item\":\"https:\/\/capefoxx.com\/de\/\"},{\"@type\":\"ListItem\",\"position\":2,\"name\":\"Software Catalogue\",\"item\":\"https:\/\/capefoxx.com\/used-software-catalogue\/\"},{\"@type\":\"ListItem\",\"position\":3,\"name\":\"MS Windows 10 Professional Upgrade\"}]},{\"@type\":\"WebSite\",\"@id\":\"https:\/\/capefoxx.com\/de\/#website\",\"url\":\"https:\/\/capefoxx.com\/de\/\",\"name\":\"Capefoxx AG\",\"description\":\"We sell and buy used software licences\",\"publisher\":{\"@id\":\"https:\/\/capefoxx.com\/de\/#organization\"},\"potentialAction\":[{\"@type\":\"SearchAction\",\"target\":{\"@type\":\"EntryPoint\",\"urlTemplate\":\"https:\/\/capefoxx.com\/de\/?s={search_term_string}\"},\"query-input\":{\"@type\":\"PropertyValueSpecification\",\"valueRequired\":true,\"valueName\":\"search_term_string\"}}],\"inLanguage\":\"de\"},{\"@type\":\"Organization\",\"@id\":\"https:\/\/capefoxx.com\/de\/#organization\",\"name\":\"Capefoxx AG\",\"url\":\"https:\/\/capefoxx.com\/de\/\",\"logo\":{\"@type\":\"ImageObject\",\"inLanguage\":\"de\",\"@id\":\"https:\/\/capefoxx.com\/de\/#\/schema\/logo\/image\/\",\"url\":\"https:\/\/capefoxx.com\/wp-content\/uploads\/2023\/05\/logo.png\",\"contentUrl\":\"https:\/\/capefoxx.com\/wp-content\/uploads\/2023\/05\/logo.png\",\"width\":130,\"height\":130,\"caption\":\"Capefoxx AG\"},\"image\":{\"@id\":\"https:\/\/capefoxx.com\/de\/#\/schema\/logo\/image\/\"}}]}<\/script>\n<!-- \/ Yoast SEO plugin. -->","yoast_head_json":{"title":"MS Windows 10 Professional Upgrade - Capefoxx AG","robots":{"index":"noindex","follow":"follow"},"og_locale":"de_DE","og_type":"article","og_title":"MS Windows 10 Professional Upgrade - Capefoxx AG","og_description":"MS Windows 10 Professional ist ein leistungsstarkes Betriebssystem von Microsoft, das f\u00fcr den Einsatz in Unternehmensumgebungen optimiert ist. Es bietet die neuesten Sicherheitsfunktionen, eine neu gestaltete Benutzeroberfl\u00e4che und Unterst\u00fctzung f\u00fcr die neueste Hardware und Software.","og_url":"https:\/\/capefoxx.com\/de\/product\/ms-windows-10-professional-upgrade\/","og_site_name":"Capefoxx AG","og_image":[{"width":250,"height":358,"url":"https:\/\/capefoxx.com\/wp-content\/uploads\/2024\/05\/MS_Windows_10_Professional_Upgrade.png","type":"image\/png"}],"twitter_card":"summary_large_image","twitter_misc":{"Gesch\u00e4tzte Lesezeit":"1\u00a0Minute"},"schema":{"@context":"https:\/\/schema.org","@graph":[{"@type":"WebPage","@id":"https:\/\/capefoxx.com\/de\/product\/ms-windows-10-professional-upgrade\/","url":"https:\/\/capefoxx.com\/de\/product\/ms-windows-10-professional-upgrade\/","name":"MS Windows 10 Professional Upgrade - Capefoxx AG","isPartOf":{"@id":"https:\/\/capefoxx.com\/de\/#website"},"primaryImageOfPage":{"@id":"https:\/\/capefoxx.com\/de\/product\/ms-windows-10-professional-upgrade\/#primaryimage"},"image":{"@id":"https:\/\/capefoxx.com\/de\/product\/ms-windows-10-professional-upgrade\/#primaryimage"},"thumbnailUrl":"https:\/\/capefoxx.com\/wp-content\/uploads\/2024\/05\/MS_Windows_10_Professional_Upgrade.png","datePublished":"2023-08-21T09:15:37+00:00","breadcrumb":{"@id":"https:\/\/capefoxx.com\/de\/product\/ms-windows-10-professional-upgrade\/#breadcrumb"},"inLanguage":"de","potentialAction":[{"@type":"ReadAction","target":["https:\/\/capefoxx.com\/de\/product\/ms-windows-10-professional-upgrade\/"]}]},{"@type":"ImageObject","inLanguage":"de","@id":"https:\/\/capefoxx.com\/de\/product\/ms-windows-10-professional-upgrade\/#primaryimage","url":"https:\/\/capefoxx.com\/wp-content\/uploads\/2024\/05\/MS_Windows_10_Professional_Upgrade.png","contentUrl":"https:\/\/capefoxx.com\/wp-content\/uploads\/2024\/05\/MS_Windows_10_Professional_Upgrade.png","width":250,"height":358},{"@type":"BreadcrumbList","@id":"https:\/\/capefoxx.com\/de\/product\/ms-windows-10-professional-upgrade\/#breadcrumb","itemListElement":[{"@type":"ListItem","position":1,"name":"Startseite","item":"https:\/\/capefoxx.com\/de\/"},{"@type":"ListItem","position":2,"name":"Software Catalogue","item":"https:\/\/capefoxx.com\/used-software-catalogue\/"},{"@type":"ListItem","position":3,"name":"MS Windows 10 Professional Upgrade"}]},{"@type":"WebSite","@id":"https:\/\/capefoxx.com\/de\/#website","url":"https:\/\/capefoxx.com\/de\/","name":"Capefoxx AG","description":"We sell and buy used software licences","publisher":{"@id":"https:\/\/capefoxx.com\/de\/#organization"},"potentialAction":[{"@type":"SearchAction","target":{"@type":"EntryPoint","urlTemplate":"https:\/\/capefoxx.com\/de\/?s={search_term_string}"},"query-input":{"@type":"PropertyValueSpecification","valueRequired":true,"valueName":"search_term_string"}}],"inLanguage":"de"},{"@type":"Organization","@id":"https:\/\/capefoxx.com\/de\/#organization","name":"Capefoxx AG","url":"https:\/\/capefoxx.com\/de\/","logo":{"@type":"ImageObject","inLanguage":"de","@id":"https:\/\/capefoxx.com\/de\/#\/schema\/logo\/image\/","url":"https:\/\/capefoxx.com\/wp-content\/uploads\/2023\/05\/logo.png","contentUrl":"https:\/\/capefoxx.com\/wp-content\/uploads\/2023\/05\/logo.png","width":130,"height":130,"caption":"Capefoxx AG"},"image":{"@id":"https:\/\/capefoxx.com\/de\/#\/schema\/logo\/image\/"}}]}},"_links":{"self":[{"href":"https:\/\/capefoxx.com\/de\/wp-json\/wp\/v2\/product\/12603","targetHints":{"allow":["GET"]}}],"collection":[{"href":"https:\/\/capefoxx.com\/de\/wp-json\/wp\/v2\/product"}],"about":[{"href":"https:\/\/capefoxx.com\/de\/wp-json\/wp\/v2\/types\/product"}],"replies":[{"embeddable":true,"href":"https:\/\/capefoxx.com\/de\/wp-json\/wp\/v2\/comments?post=12603"}],"wp:featuredmedia":[{"embeddable":true,"href":"https:\/\/capefoxx.com\/de\/wp-json\/wp\/v2\/media\/10140"}],"wp:attachment":[{"href":"https:\/\/capefoxx.com\/de\/wp-json\/wp\/v2\/media?parent=12603"}],"wp:term":[{"taxonomy":"product_brand","embeddable":true,"href":"https:\/\/capefoxx.com\/de\/wp-json\/wp\/v2\/product_brand?post=12603"},{"taxonomy":"product_cat","embeddable":true,"href":"https:\/\/capefoxx.com\/de\/wp-json\/wp\/v2\/product_cat?post=12603"},{"taxonomy":"product_tag","embeddable":true,"href":"https:\/\/capefoxx.com\/de\/wp-json\/wp\/v2\/product_tag?post=12603"}],"curies":[{"name":"wp","href":"https:\/\/api.w.org\/{rel}","templated":true}]}}