{"id":12568,"date":"2023-08-21T11:16:09","date_gmt":"2023-08-21T09:16:09","guid":{"rendered":"https:\/\/capefoxx.com\/product\/ms-exchange-server-2019-enterprise\/"},"modified":"2025-09-18T13:37:41","modified_gmt":"2025-09-18T11:37:41","slug":"ms-exchange-server-2019-enterprise","status":"publish","type":"product","link":"https:\/\/capefoxx.com\/de\/product\/ms-exchange-server-2019-enterprise\/","title":{"rendered":"MS Exchange Server 2019 Enterprise"},"content":{"rendered":"<p>Bei Capefoxx bieten wir Ihnen eine gro\u00dfe Auswahl an re-lizenzierter Microsoft Software, die Ihnen Kosteneinsparungen von bis zu 30% im Vergleich zur aktuellen Microsoft Version erm\u00f6glicht.<\/p>\n<p>Wir garantieren die Einhaltung gesetzlicher Vorschriften bei allen Transaktionen und liefern einen vollst\u00e4ndigen Eigentumsnachweis f\u00fcr jeden Kauf.<\/p>\n<p>Es ist wichtig zu wissen, dass Sie mit der Neulizenzierung von Software die Nutzungsrechte gem\u00e4\u00df dem Urteil des Europ\u00e4ischen Gerichtshofs erwerben.<\/p>\n<p>Um Preisinformationen zu erhalten, w\u00e4hlen Sie bitte das gew\u00fcnschte Produkt und die gew\u00fcnschte Menge aus und senden Sie uns eine Anfrage. Unsere Experten werden sich mit Ihnen in Verbindung setzen und Ihnen alle Einzelheiten mitteilen.<\/p>\n","protected":false},"excerpt":{"rendered":"<p>Die Exchange Server Enterprise Edition ist f\u00fcr gro\u00dfe Unternehmen gedacht und unterscheidet sich von der Standard Edition vor allem durch die Skalierbarkeit auf bis zu 100 verbundene Datenbanken pro Server.<\/p>\n","protected":false},"featured_media":10066,"comment_status":"closed","ping_status":"closed","template":"","meta":{"_acf_changed":false,"site-sidebar-layout":"default","site-content-layout":"","ast-site-content-layout":"default","site-content-style":"default","site-sidebar-style":"default","ast-global-header-display":"","ast-banner-title-visibility":"","ast-main-header-display":"","ast-hfb-above-header-display":"","ast-hfb-below-header-display":"","ast-hfb-mobile-header-display":"","site-post-title":"","ast-breadcrumbs-content":"","ast-featured-img":"","footer-sml-layout":"","theme-transparent-header-meta":"default","adv-header-id-meta":"","stick-header-meta":"","header-above-stick-meta":"","header-main-stick-meta":"","header-below-stick-meta":"","astra-migrate-meta-layouts":"default","ast-page-background-enabled":"default","ast-page-background-meta":{"desktop":{"background-color":"var(--ast-global-color-4)","background-image":"","background-repeat":"repeat","background-position":"center center","background-size":"auto","background-attachment":"scroll","background-type":"","background-media":"","overlay-type":"","overlay-color":"","overlay-opacity":"","overlay-gradient":""},"tablet":{"background-color":"","background-image":"","background-repeat":"repeat","background-position":"center center","background-size":"auto","background-attachment":"scroll","background-type":"","background-media":"","overlay-type":"","overlay-color":"","overlay-opacity":"","overlay-gradient":""},"mobile":{"background-color":"","background-image":"","background-repeat":"repeat","background-position":"center center","background-size":"auto","background-attachment":"scroll","background-type":"","background-media":"","overlay-type":"","overlay-color":"","overlay-opacity":"","overlay-gradient":""}},"ast-content-background-meta":{"desktop":{"background-color":"var(--ast-global-color-5)","background-image":"","background-repeat":"repeat","background-position":"center center","background-size":"auto","background-attachment":"scroll","background-type":"","background-media":"","overlay-type":"","overlay-color":"","overlay-opacity":"","overlay-gradient":""},"tablet":{"background-color":"var(--ast-global-color-5)","background-image":"","background-repeat":"repeat","background-position":"center center","background-size":"auto","background-attachment":"scroll","background-type":"","background-media":"","overlay-type":"","overlay-color":"","overlay-opacity":"","overlay-gradient":""},"mobile":{"background-color":"var(--ast-global-color-5)","background-image":"","background-repeat":"repeat","background-position":"center center","background-size":"auto","background-attachment":"scroll","background-type":"","background-media":"","overlay-type":"","overlay-color":"","overlay-opacity":"","overlay-gradient":""}}},"product_brand":[],"product_cat":[223,205],"product_tag":[],"class_list":{"0":"post-12568","1":"product","2":"type-product","3":"status-publish","4":"has-post-thumbnail","6":"product_cat-exchange-server-de","7":"product_cat-serverprodukte","8":"desktop-align-left","9":"tablet-align-left","10":"mobile-align-left","12":"first","13":"instock","14":"shipping-taxable","15":"product-type-simple"},"acf":[],"yoast_head":"<!-- This site is optimized with the Yoast SEO plugin v26.0 - https:\/\/yoast.com\/wordpress\/plugins\/seo\/ -->\n<title>MS Exchange Server 2019 Enterprise - Capefoxx AG<\/title>\n<meta name=\"robots\" content=\"noindex, follow\" \/>\n<meta property=\"og:locale\" content=\"de_DE\" \/>\n<meta property=\"og:type\" content=\"article\" \/>\n<meta property=\"og:title\" content=\"MS Exchange Server 2019 Enterprise - Capefoxx AG\" \/>\n<meta property=\"og:description\" content=\"Die Exchange Server Enterprise Edition ist f\u00fcr gro\u00dfe Unternehmen gedacht und unterscheidet sich von der Standard Edition vor allem durch die Skalierbarkeit auf bis zu 100 verbundene Datenbanken pro Server.\" \/>\n<meta property=\"og:url\" content=\"https:\/\/capefoxx.com\/de\/product\/ms-exchange-server-2019-enterprise\/\" \/>\n<meta property=\"og:site_name\" content=\"Capefoxx AG\" \/>\n<meta property=\"article:modified_time\" content=\"2025-09-18T11:37:41+00:00\" \/>\n<meta property=\"og:image\" content=\"https:\/\/capefoxx.com\/wp-content\/uploads\/2023\/08\/MS_Exchange_Server_2019_Enterprise.png\" \/>\n\t<meta property=\"og:image:width\" content=\"250\" \/>\n\t<meta property=\"og:image:height\" content=\"358\" \/>\n\t<meta property=\"og:image:type\" content=\"image\/png\" \/>\n<meta name=\"twitter:card\" content=\"summary_large_image\" \/>\n<meta name=\"twitter:label1\" content=\"Gesch\u00e4tzte Lesezeit\" \/>\n\t<meta name=\"twitter:data1\" content=\"1\u00a0Minute\" \/>\n<script type=\"application\/ld+json\" class=\"yoast-schema-graph\">{\"@context\":\"https:\/\/schema.org\",\"@graph\":[{\"@type\":\"WebPage\",\"@id\":\"https:\/\/capefoxx.com\/de\/product\/ms-exchange-server-2019-enterprise\/\",\"url\":\"https:\/\/capefoxx.com\/de\/product\/ms-exchange-server-2019-enterprise\/\",\"name\":\"MS Exchange Server 2019 Enterprise - Capefoxx AG\",\"isPartOf\":{\"@id\":\"https:\/\/capefoxx.com\/de\/#website\"},\"primaryImageOfPage\":{\"@id\":\"https:\/\/capefoxx.com\/de\/product\/ms-exchange-server-2019-enterprise\/#primaryimage\"},\"image\":{\"@id\":\"https:\/\/capefoxx.com\/de\/product\/ms-exchange-server-2019-enterprise\/#primaryimage\"},\"thumbnailUrl\":\"https:\/\/capefoxx.com\/wp-content\/uploads\/2023\/08\/MS_Exchange_Server_2019_Enterprise.png\",\"datePublished\":\"2023-08-21T09:16:09+00:00\",\"dateModified\":\"2025-09-18T11:37:41+00:00\",\"breadcrumb\":{\"@id\":\"https:\/\/capefoxx.com\/de\/product\/ms-exchange-server-2019-enterprise\/#breadcrumb\"},\"inLanguage\":\"de\",\"potentialAction\":[{\"@type\":\"ReadAction\",\"target\":[\"https:\/\/capefoxx.com\/de\/product\/ms-exchange-server-2019-enterprise\/\"]}]},{\"@type\":\"ImageObject\",\"inLanguage\":\"de\",\"@id\":\"https:\/\/capefoxx.com\/de\/product\/ms-exchange-server-2019-enterprise\/#primaryimage\",\"url\":\"https:\/\/capefoxx.com\/wp-content\/uploads\/2023\/08\/MS_Exchange_Server_2019_Enterprise.png\",\"contentUrl\":\"https:\/\/capefoxx.com\/wp-content\/uploads\/2023\/08\/MS_Exchange_Server_2019_Enterprise.png\",\"width\":250,\"height\":358},{\"@type\":\"BreadcrumbList\",\"@id\":\"https:\/\/capefoxx.com\/de\/product\/ms-exchange-server-2019-enterprise\/#breadcrumb\",\"itemListElement\":[{\"@type\":\"ListItem\",\"position\":1,\"name\":\"Startseite\",\"item\":\"https:\/\/capefoxx.com\/de\/\"},{\"@type\":\"ListItem\",\"position\":2,\"name\":\"Software Catalogue\",\"item\":\"https:\/\/capefoxx.com\/used-software-catalogue\/\"},{\"@type\":\"ListItem\",\"position\":3,\"name\":\"MS Exchange Server 2019 Enterprise\"}]},{\"@type\":\"WebSite\",\"@id\":\"https:\/\/capefoxx.com\/de\/#website\",\"url\":\"https:\/\/capefoxx.com\/de\/\",\"name\":\"Capefoxx AG\",\"description\":\"We sell and buy used software licences\",\"publisher\":{\"@id\":\"https:\/\/capefoxx.com\/de\/#organization\"},\"potentialAction\":[{\"@type\":\"SearchAction\",\"target\":{\"@type\":\"EntryPoint\",\"urlTemplate\":\"https:\/\/capefoxx.com\/de\/?s={search_term_string}\"},\"query-input\":{\"@type\":\"PropertyValueSpecification\",\"valueRequired\":true,\"valueName\":\"search_term_string\"}}],\"inLanguage\":\"de\"},{\"@type\":\"Organization\",\"@id\":\"https:\/\/capefoxx.com\/de\/#organization\",\"name\":\"Capefoxx AG\",\"url\":\"https:\/\/capefoxx.com\/de\/\",\"logo\":{\"@type\":\"ImageObject\",\"inLanguage\":\"de\",\"@id\":\"https:\/\/capefoxx.com\/de\/#\/schema\/logo\/image\/\",\"url\":\"https:\/\/capefoxx.com\/wp-content\/uploads\/2023\/05\/logo.png\",\"contentUrl\":\"https:\/\/capefoxx.com\/wp-content\/uploads\/2023\/05\/logo.png\",\"width\":130,\"height\":130,\"caption\":\"Capefoxx AG\"},\"image\":{\"@id\":\"https:\/\/capefoxx.com\/de\/#\/schema\/logo\/image\/\"}}]}<\/script>\n<!-- \/ Yoast SEO plugin. -->","yoast_head_json":{"title":"MS Exchange Server 2019 Enterprise - Capefoxx AG","robots":{"index":"noindex","follow":"follow"},"og_locale":"de_DE","og_type":"article","og_title":"MS Exchange Server 2019 Enterprise - Capefoxx AG","og_description":"Die Exchange Server Enterprise Edition ist f\u00fcr gro\u00dfe Unternehmen gedacht und unterscheidet sich von der Standard Edition vor allem durch die Skalierbarkeit auf bis zu 100 verbundene Datenbanken pro Server.","og_url":"https:\/\/capefoxx.com\/de\/product\/ms-exchange-server-2019-enterprise\/","og_site_name":"Capefoxx AG","article_modified_time":"2025-09-18T11:37:41+00:00","og_image":[{"width":250,"height":358,"url":"https:\/\/capefoxx.com\/wp-content\/uploads\/2023\/08\/MS_Exchange_Server_2019_Enterprise.png","type":"image\/png"}],"twitter_card":"summary_large_image","twitter_misc":{"Gesch\u00e4tzte Lesezeit":"1\u00a0Minute"},"schema":{"@context":"https:\/\/schema.org","@graph":[{"@type":"WebPage","@id":"https:\/\/capefoxx.com\/de\/product\/ms-exchange-server-2019-enterprise\/","url":"https:\/\/capefoxx.com\/de\/product\/ms-exchange-server-2019-enterprise\/","name":"MS Exchange Server 2019 Enterprise - Capefoxx AG","isPartOf":{"@id":"https:\/\/capefoxx.com\/de\/#website"},"primaryImageOfPage":{"@id":"https:\/\/capefoxx.com\/de\/product\/ms-exchange-server-2019-enterprise\/#primaryimage"},"image":{"@id":"https:\/\/capefoxx.com\/de\/product\/ms-exchange-server-2019-enterprise\/#primaryimage"},"thumbnailUrl":"https:\/\/capefoxx.com\/wp-content\/uploads\/2023\/08\/MS_Exchange_Server_2019_Enterprise.png","datePublished":"2023-08-21T09:16:09+00:00","dateModified":"2025-09-18T11:37:41+00:00","breadcrumb":{"@id":"https:\/\/capefoxx.com\/de\/product\/ms-exchange-server-2019-enterprise\/#breadcrumb"},"inLanguage":"de","potentialAction":[{"@type":"ReadAction","target":["https:\/\/capefoxx.com\/de\/product\/ms-exchange-server-2019-enterprise\/"]}]},{"@type":"ImageObject","inLanguage":"de","@id":"https:\/\/capefoxx.com\/de\/product\/ms-exchange-server-2019-enterprise\/#primaryimage","url":"https:\/\/capefoxx.com\/wp-content\/uploads\/2023\/08\/MS_Exchange_Server_2019_Enterprise.png","contentUrl":"https:\/\/capefoxx.com\/wp-content\/uploads\/2023\/08\/MS_Exchange_Server_2019_Enterprise.png","width":250,"height":358},{"@type":"BreadcrumbList","@id":"https:\/\/capefoxx.com\/de\/product\/ms-exchange-server-2019-enterprise\/#breadcrumb","itemListElement":[{"@type":"ListItem","position":1,"name":"Startseite","item":"https:\/\/capefoxx.com\/de\/"},{"@type":"ListItem","position":2,"name":"Software Catalogue","item":"https:\/\/capefoxx.com\/used-software-catalogue\/"},{"@type":"ListItem","position":3,"name":"MS Exchange Server 2019 Enterprise"}]},{"@type":"WebSite","@id":"https:\/\/capefoxx.com\/de\/#website","url":"https:\/\/capefoxx.com\/de\/","name":"Capefoxx AG","description":"We sell and buy used software licences","publisher":{"@id":"https:\/\/capefoxx.com\/de\/#organization"},"potentialAction":[{"@type":"SearchAction","target":{"@type":"EntryPoint","urlTemplate":"https:\/\/capefoxx.com\/de\/?s={search_term_string}"},"query-input":{"@type":"PropertyValueSpecification","valueRequired":true,"valueName":"search_term_string"}}],"inLanguage":"de"},{"@type":"Organization","@id":"https:\/\/capefoxx.com\/de\/#organization","name":"Capefoxx AG","url":"https:\/\/capefoxx.com\/de\/","logo":{"@type":"ImageObject","inLanguage":"de","@id":"https:\/\/capefoxx.com\/de\/#\/schema\/logo\/image\/","url":"https:\/\/capefoxx.com\/wp-content\/uploads\/2023\/05\/logo.png","contentUrl":"https:\/\/capefoxx.com\/wp-content\/uploads\/2023\/05\/logo.png","width":130,"height":130,"caption":"Capefoxx AG"},"image":{"@id":"https:\/\/capefoxx.com\/de\/#\/schema\/logo\/image\/"}}]}},"_links":{"self":[{"href":"https:\/\/capefoxx.com\/de\/wp-json\/wp\/v2\/product\/12568","targetHints":{"allow":["GET"]}}],"collection":[{"href":"https:\/\/capefoxx.com\/de\/wp-json\/wp\/v2\/product"}],"about":[{"href":"https:\/\/capefoxx.com\/de\/wp-json\/wp\/v2\/types\/product"}],"replies":[{"embeddable":true,"href":"https:\/\/capefoxx.com\/de\/wp-json\/wp\/v2\/comments?post=12568"}],"wp:featuredmedia":[{"embeddable":true,"href":"https:\/\/capefoxx.com\/de\/wp-json\/wp\/v2\/media\/10066"}],"wp:attachment":[{"href":"https:\/\/capefoxx.com\/de\/wp-json\/wp\/v2\/media?parent=12568"}],"wp:term":[{"taxonomy":"product_brand","embeddable":true,"href":"https:\/\/capefoxx.com\/de\/wp-json\/wp\/v2\/product_brand?post=12568"},{"taxonomy":"product_cat","embeddable":true,"href":"https:\/\/capefoxx.com\/de\/wp-json\/wp\/v2\/product_cat?post=12568"},{"taxonomy":"product_tag","embeddable":true,"href":"https:\/\/capefoxx.com\/de\/wp-json\/wp\/v2\/product_tag?post=12568"}],"curies":[{"name":"wp","href":"https:\/\/api.w.org\/{rel}","templated":true}]}}