{"id":12523,"date":"2025-04-01T09:52:19","date_gmt":"2025-04-01T07:52:19","guid":{"rendered":"https:\/\/capefoxx.com\/product\/vmware-vsphere-8-enterprise-plus-1-proc\/"},"modified":"2025-04-01T09:52:19","modified_gmt":"2025-04-01T07:52:19","slug":"vmware-vsphere-8-enterprise-plus-1-proc","status":"publish","type":"product","link":"https:\/\/capefoxx.com\/de\/product\/vmware-vsphere-8-enterprise-plus-1-proc\/","title":{"rendered":"<span style=\"color: #ff0000;\">VMware*<\/span> vSphere 8 Enterprise Plus (1 Proc)"},"content":{"rendered":"","protected":false},"excerpt":{"rendered":"<p>VMware vSphere 8 Enterprise Plus ist die branchenf\u00fchrende Virtualisierungsplattform zur Optimierung der IT-Infrastruktur, Verbesserung der Workload-Performance und Gew\u00e4hrleistung der Hochverf\u00fcgbarkeit. Diese Edition bietet erweiterte Funktionen wie vMotion, Distributed Resource Scheduler (DRS), High Availability (HA) und VM Encryption und ist damit die ideale Wahl f\u00fcr Unternehmen, die Effizienz, Sicherheit und Skalierbarkeit maximieren m\u00f6chten.<\/p>\n<h4><strong>Hauptmerkmale und Vorteile:<\/strong><\/h4>\n<ul>\n<li>Unerreichte Leistung und Skalierbarkeit<\/li>\n<li>Erweiterte Sicherheit<\/li>\n<li>Hohe Verf\u00fcgbarkeit und Disaster Recovery<\/li>\n<li>Effizientes Management<\/li>\n<li>Nahtlose Workload-Mobilit\u00e4t<\/li>\n<\/ul>\n<h4><strong>Lizenz-Details:<\/strong><\/h4>\n<ul>\n<li>Ausgabe: VMware vSphere 8 Enterprise Plus &#8211; aus Vorbesitz<\/li>\n<li>Lizenz-Typ: Pro Prozessor (1 CPU)<\/li>\n<\/ul>\n<h4><strong>Warum VMware vSphere 8 Enterprise Plus w\u00e4hlen?<\/strong><\/h4>\n<p>Diese Edition ist ideal f\u00fcr Unternehmen, die eine leistungsstarke Virtualisierung, Automatisierung und Sicherheit auf Unternehmensniveau ben\u00f6tigen. Ganz gleich, ob Sie private, hybride oder Multi-Cloud-Umgebungen verwalten, vSphere 8 Enterprise Plus bietet die Flexibilit\u00e4t und Zuverl\u00e4ssigkeit, die Sie f\u00fcr die Unterst\u00fctzung gesch\u00e4ftskritischer Anwendungen ben\u00f6tigen.<\/p>\n","protected":false},"featured_media":11773,"comment_status":"closed","ping_status":"closed","template":"","meta":{"_acf_changed":false,"site-sidebar-layout":"default","site-content-layout":"","ast-site-content-layout":"default","site-content-style":"default","site-sidebar-style":"default","ast-global-header-display":"","ast-banner-title-visibility":"","ast-main-header-display":"","ast-hfb-above-header-display":"","ast-hfb-below-header-display":"","ast-hfb-mobile-header-display":"","site-post-title":"","ast-breadcrumbs-content":"","ast-featured-img":"","footer-sml-layout":"","theme-transparent-header-meta":"default","adv-header-id-meta":"","stick-header-meta":"","header-above-stick-meta":"","header-main-stick-meta":"","header-below-stick-meta":"","astra-migrate-meta-layouts":"default","ast-page-background-enabled":"default","ast-page-background-meta":{"desktop":{"background-color":"var(--ast-global-color-4)","background-image":"","background-repeat":"repeat","background-position":"center center","background-size":"auto","background-attachment":"scroll","background-type":"","background-media":"","overlay-type":"","overlay-color":"","overlay-opacity":"","overlay-gradient":""},"tablet":{"background-color":"","background-image":"","background-repeat":"repeat","background-position":"center center","background-size":"auto","background-attachment":"scroll","background-type":"","background-media":"","overlay-type":"","overlay-color":"","overlay-opacity":"","overlay-gradient":""},"mobile":{"background-color":"","background-image":"","background-repeat":"repeat","background-position":"center center","background-size":"auto","background-attachment":"scroll","background-type":"","background-media":"","overlay-type":"","overlay-color":"","overlay-opacity":"","overlay-gradient":""}},"ast-content-background-meta":{"desktop":{"background-color":"var(--ast-global-color-5)","background-image":"","background-repeat":"repeat","background-position":"center center","background-size":"auto","background-attachment":"scroll","background-type":"","background-media":"","overlay-type":"","overlay-color":"","overlay-opacity":"","overlay-gradient":""},"tablet":{"background-color":"var(--ast-global-color-5)","background-image":"","background-repeat":"repeat","background-position":"center center","background-size":"auto","background-attachment":"scroll","background-type":"","background-media":"","overlay-type":"","overlay-color":"","overlay-opacity":"","overlay-gradient":""},"mobile":{"background-color":"var(--ast-global-color-5)","background-image":"","background-repeat":"repeat","background-position":"center center","background-size":"auto","background-attachment":"scroll","background-type":"","background-media":"","overlay-type":"","overlay-color":"","overlay-opacity":"","overlay-gradient":""}}},"product_brand":[],"product_cat":[193],"product_tag":[],"class_list":{"0":"post-12523","1":"product","2":"type-product","3":"status-publish","4":"has-post-thumbnail","6":"product_cat-vmware","7":"desktop-align-left","8":"tablet-align-left","9":"mobile-align-left","11":"first","12":"instock","13":"shipping-taxable","14":"product-type-simple"},"acf":[],"yoast_head":"<!-- This site is optimized with the Yoast SEO plugin v26.0 - https:\/\/yoast.com\/wordpress\/plugins\/seo\/ -->\n<title>VMware* vSphere 8 Enterprise Plus (1 Proc) - Capefoxx AG<\/title>\n<meta name=\"robots\" content=\"noindex, follow\" \/>\n<meta property=\"og:locale\" content=\"de_DE\" \/>\n<meta property=\"og:type\" content=\"article\" \/>\n<meta property=\"og:title\" content=\"VMware* vSphere 8 Enterprise Plus (1 Proc) - Capefoxx AG\" \/>\n<meta property=\"og:description\" content=\"VMware vSphere 8 Enterprise Plus ist die branchenf\u00fchrende Virtualisierungsplattform zur Optimierung der IT-Infrastruktur, Verbesserung der Workload-Performance und Gew\u00e4hrleistung der Hochverf\u00fcgbarkeit. Diese Edition bietet erweiterte Funktionen wie vMotion, Distributed Resource Scheduler (DRS), High Availability (HA) und VM Encryption und ist damit die ideale Wahl f\u00fcr Unternehmen, die Effizienz, Sicherheit und Skalierbarkeit maximieren m\u00f6chten. Hauptmerkmale und Vorteile:  Unerreichte Leistung und Skalierbarkeit  Erweiterte Sicherheit  Hohe Verf\u00fcgbarkeit und Disaster Recovery  Effizientes Management  Nahtlose Workload-Mobilit\u00e4t Lizenz-Details:  Ausgabe: VMware vSphere 8 Enterprise Plus - aus Vorbesitz  Lizenz-Typ: Pro Prozessor (1 CPU) Warum VMware vSphere 8 Enterprise Plus w\u00e4hlen? Diese Edition ist ideal f\u00fcr Unternehmen, die eine leistungsstarke Virtualisierung, Automatisierung und Sicherheit auf Unternehmensniveau ben\u00f6tigen. Ganz gleich, ob Sie private, hybride oder Multi-Cloud-Umgebungen verwalten, vSphere 8 Enterprise Plus bietet die Flexibilit\u00e4t und Zuverl\u00e4ssigkeit, die Sie f\u00fcr die Unterst\u00fctzung gesch\u00e4ftskritischer Anwendungen ben\u00f6tigen.\" \/>\n<meta property=\"og:url\" content=\"https:\/\/capefoxx.com\/de\/product\/vmware-vsphere-8-enterprise-plus-1-proc\/\" \/>\n<meta property=\"og:site_name\" content=\"Capefoxx AG\" \/>\n<meta property=\"og:image\" content=\"https:\/\/capefoxx.com\/wp-content\/uploads\/2025\/04\/VMWare-VSphere-8-Enterprise-Plus-1-Proc.png\" \/>\n\t<meta property=\"og:image:width\" content=\"140\" \/>\n\t<meta property=\"og:image:height\" content=\"200\" \/>\n\t<meta property=\"og:image:type\" content=\"image\/png\" \/>\n<meta name=\"twitter:card\" content=\"summary_large_image\" \/>\n<script type=\"application\/ld+json\" class=\"yoast-schema-graph\">{\"@context\":\"https:\/\/schema.org\",\"@graph\":[{\"@type\":\"WebPage\",\"@id\":\"https:\/\/capefoxx.com\/de\/product\/vmware-vsphere-8-enterprise-plus-1-proc\/\",\"url\":\"https:\/\/capefoxx.com\/de\/product\/vmware-vsphere-8-enterprise-plus-1-proc\/\",\"name\":\"VMware* vSphere 8 Enterprise Plus (1 Proc) - Capefoxx AG\",\"isPartOf\":{\"@id\":\"https:\/\/capefoxx.com\/de\/#website\"},\"primaryImageOfPage\":{\"@id\":\"https:\/\/capefoxx.com\/de\/product\/vmware-vsphere-8-enterprise-plus-1-proc\/#primaryimage\"},\"image\":{\"@id\":\"https:\/\/capefoxx.com\/de\/product\/vmware-vsphere-8-enterprise-plus-1-proc\/#primaryimage\"},\"thumbnailUrl\":\"https:\/\/capefoxx.com\/wp-content\/uploads\/2025\/04\/VMWare-VSphere-8-Enterprise-Plus-1-Proc.png\",\"datePublished\":\"2025-04-01T07:52:19+00:00\",\"breadcrumb\":{\"@id\":\"https:\/\/capefoxx.com\/de\/product\/vmware-vsphere-8-enterprise-plus-1-proc\/#breadcrumb\"},\"inLanguage\":\"de\",\"potentialAction\":[{\"@type\":\"ReadAction\",\"target\":[\"https:\/\/capefoxx.com\/de\/product\/vmware-vsphere-8-enterprise-plus-1-proc\/\"]}]},{\"@type\":\"ImageObject\",\"inLanguage\":\"de\",\"@id\":\"https:\/\/capefoxx.com\/de\/product\/vmware-vsphere-8-enterprise-plus-1-proc\/#primaryimage\",\"url\":\"https:\/\/capefoxx.com\/wp-content\/uploads\/2025\/04\/VMWare-VSphere-8-Enterprise-Plus-1-Proc.png\",\"contentUrl\":\"https:\/\/capefoxx.com\/wp-content\/uploads\/2025\/04\/VMWare-VSphere-8-Enterprise-Plus-1-Proc.png\",\"width\":140,\"height\":200},{\"@type\":\"BreadcrumbList\",\"@id\":\"https:\/\/capefoxx.com\/de\/product\/vmware-vsphere-8-enterprise-plus-1-proc\/#breadcrumb\",\"itemListElement\":[{\"@type\":\"ListItem\",\"position\":1,\"name\":\"Startseite\",\"item\":\"https:\/\/capefoxx.com\/de\/\"},{\"@type\":\"ListItem\",\"position\":2,\"name\":\"Software Catalogue\",\"item\":\"https:\/\/capefoxx.com\/used-software-catalogue\/\"},{\"@type\":\"ListItem\",\"position\":3,\"name\":\"VMware* vSphere 8 Enterprise Plus (1 Proc)\"}]},{\"@type\":\"WebSite\",\"@id\":\"https:\/\/capefoxx.com\/de\/#website\",\"url\":\"https:\/\/capefoxx.com\/de\/\",\"name\":\"Capefoxx AG\",\"description\":\"We sell and buy used software licences\",\"publisher\":{\"@id\":\"https:\/\/capefoxx.com\/de\/#organization\"},\"potentialAction\":[{\"@type\":\"SearchAction\",\"target\":{\"@type\":\"EntryPoint\",\"urlTemplate\":\"https:\/\/capefoxx.com\/de\/?s={search_term_string}\"},\"query-input\":{\"@type\":\"PropertyValueSpecification\",\"valueRequired\":true,\"valueName\":\"search_term_string\"}}],\"inLanguage\":\"de\"},{\"@type\":\"Organization\",\"@id\":\"https:\/\/capefoxx.com\/de\/#organization\",\"name\":\"Capefoxx AG\",\"url\":\"https:\/\/capefoxx.com\/de\/\",\"logo\":{\"@type\":\"ImageObject\",\"inLanguage\":\"de\",\"@id\":\"https:\/\/capefoxx.com\/de\/#\/schema\/logo\/image\/\",\"url\":\"https:\/\/capefoxx.com\/wp-content\/uploads\/2023\/05\/logo.png\",\"contentUrl\":\"https:\/\/capefoxx.com\/wp-content\/uploads\/2023\/05\/logo.png\",\"width\":130,\"height\":130,\"caption\":\"Capefoxx AG\"},\"image\":{\"@id\":\"https:\/\/capefoxx.com\/de\/#\/schema\/logo\/image\/\"}}]}<\/script>\n<!-- \/ Yoast SEO plugin. -->","yoast_head_json":{"title":"VMware* vSphere 8 Enterprise Plus (1 Proc) - Capefoxx AG","robots":{"index":"noindex","follow":"follow"},"og_locale":"de_DE","og_type":"article","og_title":"VMware* vSphere 8 Enterprise Plus (1 Proc) - Capefoxx AG","og_description":"VMware vSphere 8 Enterprise Plus ist die branchenf\u00fchrende Virtualisierungsplattform zur Optimierung der IT-Infrastruktur, Verbesserung der Workload-Performance und Gew\u00e4hrleistung der Hochverf\u00fcgbarkeit. Diese Edition bietet erweiterte Funktionen wie vMotion, Distributed Resource Scheduler (DRS), High Availability (HA) und VM Encryption und ist damit die ideale Wahl f\u00fcr Unternehmen, die Effizienz, Sicherheit und Skalierbarkeit maximieren m\u00f6chten. Hauptmerkmale und Vorteile:  Unerreichte Leistung und Skalierbarkeit  Erweiterte Sicherheit  Hohe Verf\u00fcgbarkeit und Disaster Recovery  Effizientes Management  Nahtlose Workload-Mobilit\u00e4t Lizenz-Details:  Ausgabe: VMware vSphere 8 Enterprise Plus - aus Vorbesitz  Lizenz-Typ: Pro Prozessor (1 CPU) Warum VMware vSphere 8 Enterprise Plus w\u00e4hlen? Diese Edition ist ideal f\u00fcr Unternehmen, die eine leistungsstarke Virtualisierung, Automatisierung und Sicherheit auf Unternehmensniveau ben\u00f6tigen. Ganz gleich, ob Sie private, hybride oder Multi-Cloud-Umgebungen verwalten, vSphere 8 Enterprise Plus bietet die Flexibilit\u00e4t und Zuverl\u00e4ssigkeit, die Sie f\u00fcr die Unterst\u00fctzung gesch\u00e4ftskritischer Anwendungen ben\u00f6tigen.","og_url":"https:\/\/capefoxx.com\/de\/product\/vmware-vsphere-8-enterprise-plus-1-proc\/","og_site_name":"Capefoxx AG","og_image":[{"width":140,"height":200,"url":"https:\/\/capefoxx.com\/wp-content\/uploads\/2025\/04\/VMWare-VSphere-8-Enterprise-Plus-1-Proc.png","type":"image\/png"}],"twitter_card":"summary_large_image","schema":{"@context":"https:\/\/schema.org","@graph":[{"@type":"WebPage","@id":"https:\/\/capefoxx.com\/de\/product\/vmware-vsphere-8-enterprise-plus-1-proc\/","url":"https:\/\/capefoxx.com\/de\/product\/vmware-vsphere-8-enterprise-plus-1-proc\/","name":"VMware* vSphere 8 Enterprise Plus (1 Proc) - Capefoxx AG","isPartOf":{"@id":"https:\/\/capefoxx.com\/de\/#website"},"primaryImageOfPage":{"@id":"https:\/\/capefoxx.com\/de\/product\/vmware-vsphere-8-enterprise-plus-1-proc\/#primaryimage"},"image":{"@id":"https:\/\/capefoxx.com\/de\/product\/vmware-vsphere-8-enterprise-plus-1-proc\/#primaryimage"},"thumbnailUrl":"https:\/\/capefoxx.com\/wp-content\/uploads\/2025\/04\/VMWare-VSphere-8-Enterprise-Plus-1-Proc.png","datePublished":"2025-04-01T07:52:19+00:00","breadcrumb":{"@id":"https:\/\/capefoxx.com\/de\/product\/vmware-vsphere-8-enterprise-plus-1-proc\/#breadcrumb"},"inLanguage":"de","potentialAction":[{"@type":"ReadAction","target":["https:\/\/capefoxx.com\/de\/product\/vmware-vsphere-8-enterprise-plus-1-proc\/"]}]},{"@type":"ImageObject","inLanguage":"de","@id":"https:\/\/capefoxx.com\/de\/product\/vmware-vsphere-8-enterprise-plus-1-proc\/#primaryimage","url":"https:\/\/capefoxx.com\/wp-content\/uploads\/2025\/04\/VMWare-VSphere-8-Enterprise-Plus-1-Proc.png","contentUrl":"https:\/\/capefoxx.com\/wp-content\/uploads\/2025\/04\/VMWare-VSphere-8-Enterprise-Plus-1-Proc.png","width":140,"height":200},{"@type":"BreadcrumbList","@id":"https:\/\/capefoxx.com\/de\/product\/vmware-vsphere-8-enterprise-plus-1-proc\/#breadcrumb","itemListElement":[{"@type":"ListItem","position":1,"name":"Startseite","item":"https:\/\/capefoxx.com\/de\/"},{"@type":"ListItem","position":2,"name":"Software Catalogue","item":"https:\/\/capefoxx.com\/used-software-catalogue\/"},{"@type":"ListItem","position":3,"name":"VMware* vSphere 8 Enterprise Plus (1 Proc)"}]},{"@type":"WebSite","@id":"https:\/\/capefoxx.com\/de\/#website","url":"https:\/\/capefoxx.com\/de\/","name":"Capefoxx AG","description":"We sell and buy used software licences","publisher":{"@id":"https:\/\/capefoxx.com\/de\/#organization"},"potentialAction":[{"@type":"SearchAction","target":{"@type":"EntryPoint","urlTemplate":"https:\/\/capefoxx.com\/de\/?s={search_term_string}"},"query-input":{"@type":"PropertyValueSpecification","valueRequired":true,"valueName":"search_term_string"}}],"inLanguage":"de"},{"@type":"Organization","@id":"https:\/\/capefoxx.com\/de\/#organization","name":"Capefoxx AG","url":"https:\/\/capefoxx.com\/de\/","logo":{"@type":"ImageObject","inLanguage":"de","@id":"https:\/\/capefoxx.com\/de\/#\/schema\/logo\/image\/","url":"https:\/\/capefoxx.com\/wp-content\/uploads\/2023\/05\/logo.png","contentUrl":"https:\/\/capefoxx.com\/wp-content\/uploads\/2023\/05\/logo.png","width":130,"height":130,"caption":"Capefoxx AG"},"image":{"@id":"https:\/\/capefoxx.com\/de\/#\/schema\/logo\/image\/"}}]}},"_links":{"self":[{"href":"https:\/\/capefoxx.com\/de\/wp-json\/wp\/v2\/product\/12523","targetHints":{"allow":["GET"]}}],"collection":[{"href":"https:\/\/capefoxx.com\/de\/wp-json\/wp\/v2\/product"}],"about":[{"href":"https:\/\/capefoxx.com\/de\/wp-json\/wp\/v2\/types\/product"}],"replies":[{"embeddable":true,"href":"https:\/\/capefoxx.com\/de\/wp-json\/wp\/v2\/comments?post=12523"}],"wp:featuredmedia":[{"embeddable":true,"href":"https:\/\/capefoxx.com\/de\/wp-json\/wp\/v2\/media\/11773"}],"wp:attachment":[{"href":"https:\/\/capefoxx.com\/de\/wp-json\/wp\/v2\/media?parent=12523"}],"wp:term":[{"taxonomy":"product_brand","embeddable":true,"href":"https:\/\/capefoxx.com\/de\/wp-json\/wp\/v2\/product_brand?post=12523"},{"taxonomy":"product_cat","embeddable":true,"href":"https:\/\/capefoxx.com\/de\/wp-json\/wp\/v2\/product_cat?post=12523"},{"taxonomy":"product_tag","embeddable":true,"href":"https:\/\/capefoxx.com\/de\/wp-json\/wp\/v2\/product_tag?post=12523"}],"curies":[{"name":"wp","href":"https:\/\/api.w.org\/{rel}","templated":true}]}}