{"id":7689,"date":"2023-05-02T13:48:30","date_gmt":"2023-05-02T11:48:30","guid":{"rendered":"https:\/\/capefoxx.com\/imprint\/"},"modified":"2025-04-07T14:13:33","modified_gmt":"2025-04-07T12:13:33","slug":"imprint","status":"publish","type":"page","link":"https:\/\/capefoxx.com\/de\/imprint\/","title":{"rendered":"Impressum"},"content":{"rendered":"\t\t<div data-elementor-type=\"wp-page\" data-elementor-id=\"7689\" class=\"elementor elementor-7689 elementor-3634\" data-elementor-post-type=\"page\">\n\t\t\t\t\t\t<section class=\"elementor-section elementor-top-section elementor-element elementor-element-13d6c8ff elementor-section-full_width elementor-section-height-min-height elementor-section-content-middle elementor-section-height-default elementor-section-items-middle\" data-id=\"13d6c8ff\" data-element_type=\"section\" data-settings=\"{&quot;background_background&quot;:&quot;gradient&quot;}\">\n\t\t\t\t\t\t\t<div class=\"elementor-background-overlay\"><\/div>\n\t\t\t\t\t\t\t<div class=\"elementor-container elementor-column-gap-no\">\n\t\t\t\t\t<div class=\"elementor-column elementor-col-100 elementor-top-column elementor-element elementor-element-1b2e9fc2\" data-id=\"1b2e9fc2\" data-element_type=\"column\">\n\t\t\t<div class=\"elementor-widget-wrap elementor-element-populated\">\n\t\t\t\t\t\t<section class=\"elementor-section elementor-inner-section elementor-element elementor-element-6056c15 elementor-section-content-bottom elementor-section-full_width elementor-section-height-default elementor-section-height-default\" data-id=\"6056c15\" data-element_type=\"section\">\n\t\t\t\t\t\t<div class=\"elementor-container elementor-column-gap-no\">\n\t\t\t\t\t<div class=\"elementor-column elementor-col-100 elementor-inner-column elementor-element elementor-element-5200dd9c\" data-id=\"5200dd9c\" data-element_type=\"column\">\n\t\t\t<div class=\"elementor-widget-wrap elementor-element-populated\">\n\t\t\t\t\t\t<div class=\"elementor-element elementor-element-5efa7ac elementor-widget__width-initial elementor-widget elementor-widget-heading\" data-id=\"5efa7ac\" data-element_type=\"widget\" data-widget_type=\"heading.default\">\n\t\t\t\t<div class=\"elementor-widget-container\">\n\t\t\t\t\t<h2 class=\"elementor-heading-title elementor-size-default\">Impressum<\/h2>\t\t\t\t<\/div>\n\t\t\t\t<\/div>\n\t\t\t\t\t<\/div>\n\t\t<\/div>\n\t\t\t\t\t<\/div>\n\t\t<\/section>\n\t\t\t\t\t<\/div>\n\t\t<\/div>\n\t\t\t\t\t<\/div>\n\t\t<\/section>\n\t\t\t\t<section class=\"elementor-section elementor-top-section elementor-element elementor-element-e7d7681 elementor-section-boxed elementor-section-height-default elementor-section-height-default\" data-id=\"e7d7681\" data-element_type=\"section\">\n\t\t\t\t\t\t<div class=\"elementor-container elementor-column-gap-default\">\n\t\t\t\t\t<div class=\"elementor-column elementor-col-50 elementor-top-column elementor-element elementor-element-41479872\" data-id=\"41479872\" data-element_type=\"column\">\n\t\t\t<div class=\"elementor-widget-wrap elementor-element-populated\">\n\t\t\t\t\t\t<div class=\"elementor-element elementor-element-7ba58ace elementor-widget__width-initial elementor-widget elementor-widget-heading\" data-id=\"7ba58ace\" data-element_type=\"widget\" data-widget_type=\"heading.default\">\n\t\t\t\t<div class=\"elementor-widget-container\">\n\t\t\t\t\t<h3 class=\"elementor-heading-title elementor-size-default\">Site Notice<\/h3>\t\t\t\t<\/div>\n\t\t\t\t<\/div>\n\t\t\t\t\t<\/div>\n\t\t<\/div>\n\t\t\t\t<div class=\"elementor-column elementor-col-50 elementor-top-column elementor-element elementor-element-670f07be\" data-id=\"670f07be\" data-element_type=\"column\">\n\t\t\t<div class=\"elementor-widget-wrap elementor-element-populated\">\n\t\t\t\t\t\t<div class=\"elementor-element elementor-element-10520a6e elementor-widget elementor-widget-image-box\" data-id=\"10520a6e\" data-element_type=\"widget\" data-widget_type=\"image-box.default\">\n\t\t\t\t<div class=\"elementor-widget-container\">\n\t\t\t\t\t<div class=\"elementor-image-box-wrapper\"><div class=\"elementor-image-box-content\"><h3 class=\"elementor-image-box-title\">CAPEFOXX AG<\/h3><p class=\"elementor-image-box-description\">M\u00fchlegasse 18\n6340 Baar\nSwitzerland\n<br><br>Tel.: +41 41 763 60-00<br>Fax.: +41 41 763 60-04<br>info@capefoxx.com<br><br><br><strong>Registration<\/strong><br>Commercial register of canton Zug, CHE-466.000.151<br><br>Chairman: Thomas Huth<br>VAT Id number: CHE-466.000.151 MWST<\/p><\/div><\/div>\t\t\t\t<\/div>\n\t\t\t\t<\/div>\n\t\t\t\t<div class=\"elementor-element elementor-element-51c3316 elementor-widget elementor-widget-image-box\" data-id=\"51c3316\" data-element_type=\"widget\" data-widget_type=\"image-box.default\">\n\t\t\t\t<div class=\"elementor-widget-container\">\n\t\t\t\t\t<div class=\"elementor-image-box-wrapper\"><div class=\"elementor-image-box-content\"><h3 class=\"elementor-image-box-title\">Capefoxx Relicense GmbH<\/h3><p class=\"elementor-image-box-description\">T\u00f6lzer Stra\u00dfe 1\n82031 Gr\u00fcnwald\nGermany<br><br><br>Tel.: +49 89 2020 88 88-0<br>info@capefoxx.com<br><br><br><strong>Registration<\/strong><br>Amtsgericht M\u00fcnchen, HRB 264 659<br>Chairman: Thomas Huth<br>VAT Id number: DE 261400530<\/p><\/div><\/div>\t\t\t\t<\/div>\n\t\t\t\t<\/div>\n\t\t\t\t\t<\/div>\n\t\t<\/div>\n\t\t\t\t\t<\/div>\n\t\t<\/section>\n\t\t\t\t<section class=\"elementor-section elementor-top-section elementor-element elementor-element-0487243 elementor-section-boxed elementor-section-height-default elementor-section-height-default\" data-id=\"0487243\" data-element_type=\"section\">\n\t\t\t\t\t\t<div class=\"elementor-container elementor-column-gap-default\">\n\t\t\t\t\t<div class=\"elementor-column elementor-col-50 elementor-top-column elementor-element elementor-element-baf20e2\" data-id=\"baf20e2\" data-element_type=\"column\">\n\t\t\t<div class=\"elementor-widget-wrap elementor-element-populated\">\n\t\t\t\t\t\t<div class=\"elementor-element elementor-element-d25084d elementor-widget__width-initial elementor-widget elementor-widget-heading\" data-id=\"d25084d\" data-element_type=\"widget\" data-widget_type=\"heading.default\">\n\t\t\t\t<div class=\"elementor-widget-container\">\n\t\t\t\t\t<h3 class=\"elementor-heading-title elementor-size-default\">Legal Disclaimer<\/h3>\t\t\t\t<\/div>\n\t\t\t\t<\/div>\n\t\t\t\t\t<\/div>\n\t\t<\/div>\n\t\t\t\t<div class=\"elementor-column elementor-col-50 elementor-top-column elementor-element elementor-element-d535ad7\" data-id=\"d535ad7\" data-element_type=\"column\">\n\t\t\t<div class=\"elementor-widget-wrap elementor-element-populated\">\n\t\t\t\t\t\t<div class=\"elementor-element elementor-element-4f80749 elementor-widget elementor-widget-image-box\" data-id=\"4f80749\" data-element_type=\"widget\" data-widget_type=\"image-box.default\">\n\t\t\t\t<div class=\"elementor-widget-container\">\n\t\t\t\t\t<div class=\"elementor-image-box-wrapper\"><div class=\"elementor-image-box-content\"><h3 class=\"elementor-image-box-title\">Liability for contents<\/h3><p class=\"elementor-image-box-description\">As service providers, we are liable for own contents of these websites. However, service providers are not obligated to permanently monitor submitted or stored information or to search for evidence that indicate illegal activities. Legal obligations to remove information or to block the use of information remain unchallenged. In this case, liability is only possible at the time of knowledge about a specific violation of law. Illegal content will be removed immediately at the time we get knowledge of them.    <\/p><\/div><\/div>\t\t\t\t<\/div>\n\t\t\t\t<\/div>\n\t\t\t\t<div class=\"elementor-element elementor-element-f17203d elementor-widget elementor-widget-image-box\" data-id=\"f17203d\" data-element_type=\"widget\" data-widget_type=\"image-box.default\">\n\t\t\t\t<div class=\"elementor-widget-container\">\n\t\t\t\t\t<div class=\"elementor-image-box-wrapper\"><div class=\"elementor-image-box-content\"><h3 class=\"elementor-image-box-title\">Copyright<\/h3><p class=\"elementor-image-box-description\">Content and compilations published on these websites by the providers are subject to German copyright laws. Reproduction, editing, distribution as well as the use of any kind outside the scope of the copyright law require a written permission of the author or originator. Downloads and copies of these websites are permitted for private use only. The commercial use of our content without permission of the originator is prohibited.   \n\nCopyright laws of third parties are respected as long as the content on these websites do not originate from the provider. Contributions of third parties on this site are indicated as such. However, if you notice any violations of copyright law, please inform us. Such content will be removed immediately.   <\/p><\/div><\/div>\t\t\t\t<\/div>\n\t\t\t\t<\/div>\n\t\t\t\t<div class=\"elementor-element elementor-element-8dfa9a0 elementor-widget elementor-widget-image-box\" data-id=\"8dfa9a0\" data-element_type=\"widget\" data-widget_type=\"image-box.default\">\n\t\t\t\t<div class=\"elementor-widget-container\">\n\t\t\t\t\t<div class=\"elementor-image-box-wrapper\"><div class=\"elementor-image-box-content\"><h3 class=\"elementor-image-box-title\">Liability for links<\/h3><p class=\"elementor-image-box-description\">Our offer includes links to external third-party websites. We have no influence on the contents of those websites, therefore we cannot guarantee for this content. Providers or administrators of linked websites are always responsible for their own content.  \n<br><br>The linked websites was checked for possible violations of law at the time of the establishment of the link. Illegal content were not detected at the time of linking. A permanent monitoring of the content of linked websites cannot be imposed without reasonable indications that there has been a violation of law. Illegal links will be removed immediately at the time we get knowledge of them.   <\/p><\/div><\/div>\t\t\t\t<\/div>\n\t\t\t\t<\/div>\n\t\t\t\t\t<\/div>\n\t\t<\/div>\n\t\t\t\t\t<\/div>\n\t\t<\/section>\n\t\t\t\t<section class=\"elementor-section elementor-top-section elementor-element elementor-element-e4bbe9f hover_card call elementor-section-boxed elementor-section-height-default elementor-section-height-default\" data-id=\"e4bbe9f\" data-element_type=\"section\" data-settings=\"{&quot;background_background&quot;:&quot;classic&quot;}\">\n\t\t\t\t\t\t<div class=\"elementor-container elementor-column-gap-default\">\n\t\t\t\t\t<div class=\"elementor-column elementor-col-100 elementor-top-column elementor-element elementor-element-e63601f\" data-id=\"e63601f\" data-element_type=\"column\">\n\t\t\t<div class=\"elementor-widget-wrap elementor-element-populated\">\n\t\t\t\t\t\t<div class=\"elementor-element elementor-element-43237c8 elementor-widget elementor-widget-button\" data-id=\"43237c8\" data-element_type=\"widget\" data-widget_type=\"button.default\">\n\t\t\t\t<div class=\"elementor-widget-container\">\n\t\t\t\t\t\t\t\t\t<div class=\"elementor-button-wrapper\">\n\t\t\t\t\t<a class=\"elementor-button elementor-size-sm\" role=\"button\" id=\"quick-contact\">\n\t\t\t\t\t\t<span class=\"elementor-button-content-wrapper\">\n\t\t\t\t\t\t\t\t\t<span class=\"elementor-button-text\">Vereinbaren Sie ein Gespr\u00e4ch<\/span>\n\t\t\t\t\t<\/span>\n\t\t\t\t\t<\/a>\n\t\t\t\t<\/div>\n\t\t\t\t\t\t\t\t<\/div>\n\t\t\t\t<\/div>\n\t\t\t\t<div class=\"elementor-element elementor-element-3f80193 elementor-widget__width-initial elementor-widget elementor-widget-text-editor\" data-id=\"3f80193\" data-element_type=\"widget\" data-widget_type=\"text-editor.default\">\n\t\t\t\t<div class=\"elementor-widget-container\">\n\t\t\t\t\t\t\t\t\t<p>Lassen Sie uns \u00fcber Ihre M\u00f6glichkeiten sprechen.<\/p>\n\t\t\t\t\t\t\t\t<\/div>\n\t\t\t\t<\/div>\n\t\t\t\t<div class=\"elementor-element elementor-element-89a5c1e contact-popup elementor-hidden-desktop elementor-hidden-tablet elementor-widget elementor-widget-image\" data-id=\"89a5c1e\" data-element_type=\"widget\" data-widget_type=\"image.default\">\n\t\t\t\t<div class=\"elementor-widget-container\">\n\t\t\t\t\t\t\t\t\t\t\t\t\t\t\t<img decoding=\"async\" src=\"https:\/\/capefoxx.com\/wp-content\/uploads\/2023\/03\/schedule-a-call.svg\" class=\"attachment-full size-full wp-image-1332\" alt=\"\" \/>\t\t\t\t\t\t\t\t\t\t\t\t\t\t\t<\/div>\n\t\t\t\t<\/div>\n\t\t\t\t\t<\/div>\n\t\t<\/div>\n\t\t\t\t\t<\/div>\n\t\t<\/section>\n\t\t\t\t<\/div>\n\t\t","protected":false},"excerpt":{"rendered":"<p>Site Notice CAPEFOXX AG M\u00fchlegasse 18 6340 Baar Switzerland Tel.: +41 41 763 60-00Fax.: +41 41 763 60-04info@capefoxx.com RegistrationCommercial register of canton Zug, CHE-466.000.151 Chairman: Thomas HuthVAT Id number: CHE-466.000.151 MWST Capefoxx Relicense GmbH T\u00f6lzer Stra\u00dfe 1 82031 Gr\u00fcnwald Germany Tel.: +49 89 2020 88 88-0info@capefoxx.com RegistrationAmtsgericht M\u00fcnchen, HRB 264 659Chairman: Thomas HuthVAT Id number: [&hellip;]<\/p>\n","protected":false},"author":1,"featured_media":0,"parent":0,"menu_order":0,"comment_status":"closed","ping_status":"closed","template":"","meta":{"_acf_changed":false,"site-sidebar-layout":"no-sidebar","site-content-layout":"page-builder","ast-site-content-layout":"default","site-content-style":"default","site-sidebar-style":"default","ast-global-header-display":"","ast-banner-title-visibility":"","ast-main-header-display":"","ast-hfb-above-header-display":"","ast-hfb-below-header-display":"","ast-hfb-mobile-header-display":"","site-post-title":"disabled","ast-breadcrumbs-content":"","ast-featured-img":"disabled","footer-sml-layout":"","theme-transparent-header-meta":"default","adv-header-id-meta":"","stick-header-meta":"","header-above-stick-meta":"","header-main-stick-meta":"","header-below-stick-meta":"","astra-migrate-meta-layouts":"set","ast-page-background-enabled":"default","ast-page-background-meta":{"desktop":{"background-color":"var(--ast-global-color-4)","background-image":"","background-repeat":"repeat","background-position":"center center","background-size":"auto","background-attachment":"scroll","background-type":"","background-media":"","overlay-type":"","overlay-color":"","overlay-opacity":"","overlay-gradient":""},"tablet":{"background-color":"","background-image":"","background-repeat":"repeat","background-position":"center center","background-size":"auto","background-attachment":"scroll","background-type":"","background-media":"","overlay-type":"","overlay-color":"","overlay-opacity":"","overlay-gradient":""},"mobile":{"background-color":"","background-image":"","background-repeat":"repeat","background-position":"center center","background-size":"auto","background-attachment":"scroll","background-type":"","background-media":"","overlay-type":"","overlay-color":"","overlay-opacity":"","overlay-gradient":""}},"ast-content-background-meta":{"desktop":{"background-color":"var(--ast-global-color-5)","background-image":"","background-repeat":"repeat","background-position":"center center","background-size":"auto","background-attachment":"scroll","background-type":"","background-media":"","overlay-type":"","overlay-color":"","overlay-opacity":"","overlay-gradient":""},"tablet":{"background-color":"var(--ast-global-color-5)","background-image":"","background-repeat":"repeat","background-position":"center center","background-size":"auto","background-attachment":"scroll","background-type":"","background-media":"","overlay-type":"","overlay-color":"","overlay-opacity":"","overlay-gradient":""},"mobile":{"background-color":"var(--ast-global-color-5)","background-image":"","background-repeat":"repeat","background-position":"center center","background-size":"auto","background-attachment":"scroll","background-type":"","background-media":"","overlay-type":"","overlay-color":"","overlay-opacity":"","overlay-gradient":""}},"footnotes":""},"class_list":["post-7689","page","type-page","status-publish","hentry"],"acf":[],"yoast_head":"<!-- This site is optimized with the Yoast SEO plugin v26.0 - https:\/\/yoast.com\/wordpress\/plugins\/seo\/ -->\n<title>Impressum - Capefoxx AG<\/title>\n<meta name=\"robots\" content=\"index, follow, max-snippet:-1, max-image-preview:large, max-video-preview:-1\" \/>\n<link rel=\"canonical\" href=\"https:\/\/capefoxx.com\/de\/imprint\/\" \/>\n<meta property=\"og:locale\" content=\"de_DE\" \/>\n<meta property=\"og:type\" content=\"article\" \/>\n<meta property=\"og:title\" content=\"Impressum - Capefoxx AG\" \/>\n<meta property=\"og:description\" content=\"Site Notice CAPEFOXX AG M\u00fchlegasse 18 6340 Baar Switzerland Tel.: +41 41 763 60-00Fax.: +41 41 763 60-04info@capefoxx.com RegistrationCommercial register of canton Zug, CHE-466.000.151 Chairman: Thomas HuthVAT Id number: CHE-466.000.151 MWST Capefoxx Relicense GmbH T\u00f6lzer Stra\u00dfe 1 82031 Gr\u00fcnwald Germany Tel.: +49 89 2020 88 88-0info@capefoxx.com RegistrationAmtsgericht M\u00fcnchen, HRB 264 659Chairman: Thomas HuthVAT Id number: [&hellip;]\" \/>\n<meta property=\"og:url\" content=\"https:\/\/capefoxx.com\/de\/imprint\/\" \/>\n<meta property=\"og:site_name\" content=\"Capefoxx AG\" \/>\n<meta property=\"article:modified_time\" content=\"2025-04-07T12:13:33+00:00\" \/>\n<meta property=\"og:image\" content=\"https:\/\/capefoxx.com\/wp-content\/uploads\/2023\/03\/schedule-a-call.svg\" \/>\n<meta name=\"twitter:card\" content=\"summary_large_image\" \/>\n<meta name=\"twitter:label1\" content=\"Gesch\u00e4tzte Lesezeit\" \/>\n\t<meta name=\"twitter:data1\" content=\"2\u00a0Minuten\" \/>\n<script type=\"application\/ld+json\" class=\"yoast-schema-graph\">{\"@context\":\"https:\/\/schema.org\",\"@graph\":[{\"@type\":\"WebPage\",\"@id\":\"https:\/\/capefoxx.com\/de\/imprint\/\",\"url\":\"https:\/\/capefoxx.com\/de\/imprint\/\",\"name\":\"Impressum - Capefoxx AG\",\"isPartOf\":{\"@id\":\"https:\/\/capefoxx.com\/de\/#website\"},\"primaryImageOfPage\":{\"@id\":\"https:\/\/capefoxx.com\/de\/imprint\/#primaryimage\"},\"image\":{\"@id\":\"https:\/\/capefoxx.com\/de\/imprint\/#primaryimage\"},\"thumbnailUrl\":\"https:\/\/capefoxx.com\/wp-content\/uploads\/2023\/03\/schedule-a-call.svg\",\"datePublished\":\"2023-05-02T11:48:30+00:00\",\"dateModified\":\"2025-04-07T12:13:33+00:00\",\"breadcrumb\":{\"@id\":\"https:\/\/capefoxx.com\/de\/imprint\/#breadcrumb\"},\"inLanguage\":\"de\",\"potentialAction\":[{\"@type\":\"ReadAction\",\"target\":[\"https:\/\/capefoxx.com\/de\/imprint\/\"]}]},{\"@type\":\"ImageObject\",\"inLanguage\":\"de\",\"@id\":\"https:\/\/capefoxx.com\/de\/imprint\/#primaryimage\",\"url\":\"https:\/\/capefoxx.com\/wp-content\/uploads\/2023\/03\/schedule-a-call.svg\",\"contentUrl\":\"https:\/\/capefoxx.com\/wp-content\/uploads\/2023\/03\/schedule-a-call.svg\"},{\"@type\":\"BreadcrumbList\",\"@id\":\"https:\/\/capefoxx.com\/de\/imprint\/#breadcrumb\",\"itemListElement\":[{\"@type\":\"ListItem\",\"position\":1,\"name\":\"Startseite\",\"item\":\"https:\/\/capefoxx.com\/de\/\"},{\"@type\":\"ListItem\",\"position\":2,\"name\":\"Impressum\"}]},{\"@type\":\"WebSite\",\"@id\":\"https:\/\/capefoxx.com\/de\/#website\",\"url\":\"https:\/\/capefoxx.com\/de\/\",\"name\":\"Capefoxx AG\",\"description\":\"We sell and buy used software licences\",\"publisher\":{\"@id\":\"https:\/\/capefoxx.com\/de\/#organization\"},\"potentialAction\":[{\"@type\":\"SearchAction\",\"target\":{\"@type\":\"EntryPoint\",\"urlTemplate\":\"https:\/\/capefoxx.com\/de\/?s={search_term_string}\"},\"query-input\":{\"@type\":\"PropertyValueSpecification\",\"valueRequired\":true,\"valueName\":\"search_term_string\"}}],\"inLanguage\":\"de\"},{\"@type\":\"Organization\",\"@id\":\"https:\/\/capefoxx.com\/de\/#organization\",\"name\":\"Capefoxx AG\",\"url\":\"https:\/\/capefoxx.com\/de\/\",\"logo\":{\"@type\":\"ImageObject\",\"inLanguage\":\"de\",\"@id\":\"https:\/\/capefoxx.com\/de\/#\/schema\/logo\/image\/\",\"url\":\"https:\/\/capefoxx.com\/wp-content\/uploads\/2023\/05\/logo.png\",\"contentUrl\":\"https:\/\/capefoxx.com\/wp-content\/uploads\/2023\/05\/logo.png\",\"width\":130,\"height\":130,\"caption\":\"Capefoxx AG\"},\"image\":{\"@id\":\"https:\/\/capefoxx.com\/de\/#\/schema\/logo\/image\/\"}}]}<\/script>\n<!-- \/ Yoast SEO plugin. -->","yoast_head_json":{"title":"Impressum - Capefoxx AG","robots":{"index":"index","follow":"follow","max-snippet":"max-snippet:-1","max-image-preview":"max-image-preview:large","max-video-preview":"max-video-preview:-1"},"canonical":"https:\/\/capefoxx.com\/de\/imprint\/","og_locale":"de_DE","og_type":"article","og_title":"Impressum - Capefoxx AG","og_description":"Site Notice CAPEFOXX AG M\u00fchlegasse 18 6340 Baar Switzerland Tel.: +41 41 763 60-00Fax.: +41 41 763 60-04info@capefoxx.com RegistrationCommercial register of canton Zug, CHE-466.000.151 Chairman: Thomas HuthVAT Id number: CHE-466.000.151 MWST Capefoxx Relicense GmbH T\u00f6lzer Stra\u00dfe 1 82031 Gr\u00fcnwald Germany Tel.: +49 89 2020 88 88-0info@capefoxx.com RegistrationAmtsgericht M\u00fcnchen, HRB 264 659Chairman: Thomas HuthVAT Id number: [&hellip;]","og_url":"https:\/\/capefoxx.com\/de\/imprint\/","og_site_name":"Capefoxx AG","article_modified_time":"2025-04-07T12:13:33+00:00","og_image":[{"url":"https:\/\/capefoxx.com\/wp-content\/uploads\/2023\/03\/schedule-a-call.svg","type":"","width":"","height":""}],"twitter_card":"summary_large_image","twitter_misc":{"Gesch\u00e4tzte Lesezeit":"2\u00a0Minuten"},"schema":{"@context":"https:\/\/schema.org","@graph":[{"@type":"WebPage","@id":"https:\/\/capefoxx.com\/de\/imprint\/","url":"https:\/\/capefoxx.com\/de\/imprint\/","name":"Impressum - Capefoxx AG","isPartOf":{"@id":"https:\/\/capefoxx.com\/de\/#website"},"primaryImageOfPage":{"@id":"https:\/\/capefoxx.com\/de\/imprint\/#primaryimage"},"image":{"@id":"https:\/\/capefoxx.com\/de\/imprint\/#primaryimage"},"thumbnailUrl":"https:\/\/capefoxx.com\/wp-content\/uploads\/2023\/03\/schedule-a-call.svg","datePublished":"2023-05-02T11:48:30+00:00","dateModified":"2025-04-07T12:13:33+00:00","breadcrumb":{"@id":"https:\/\/capefoxx.com\/de\/imprint\/#breadcrumb"},"inLanguage":"de","potentialAction":[{"@type":"ReadAction","target":["https:\/\/capefoxx.com\/de\/imprint\/"]}]},{"@type":"ImageObject","inLanguage":"de","@id":"https:\/\/capefoxx.com\/de\/imprint\/#primaryimage","url":"https:\/\/capefoxx.com\/wp-content\/uploads\/2023\/03\/schedule-a-call.svg","contentUrl":"https:\/\/capefoxx.com\/wp-content\/uploads\/2023\/03\/schedule-a-call.svg"},{"@type":"BreadcrumbList","@id":"https:\/\/capefoxx.com\/de\/imprint\/#breadcrumb","itemListElement":[{"@type":"ListItem","position":1,"name":"Startseite","item":"https:\/\/capefoxx.com\/de\/"},{"@type":"ListItem","position":2,"name":"Impressum"}]},{"@type":"WebSite","@id":"https:\/\/capefoxx.com\/de\/#website","url":"https:\/\/capefoxx.com\/de\/","name":"Capefoxx AG","description":"We sell and buy used software licences","publisher":{"@id":"https:\/\/capefoxx.com\/de\/#organization"},"potentialAction":[{"@type":"SearchAction","target":{"@type":"EntryPoint","urlTemplate":"https:\/\/capefoxx.com\/de\/?s={search_term_string}"},"query-input":{"@type":"PropertyValueSpecification","valueRequired":true,"valueName":"search_term_string"}}],"inLanguage":"de"},{"@type":"Organization","@id":"https:\/\/capefoxx.com\/de\/#organization","name":"Capefoxx AG","url":"https:\/\/capefoxx.com\/de\/","logo":{"@type":"ImageObject","inLanguage":"de","@id":"https:\/\/capefoxx.com\/de\/#\/schema\/logo\/image\/","url":"https:\/\/capefoxx.com\/wp-content\/uploads\/2023\/05\/logo.png","contentUrl":"https:\/\/capefoxx.com\/wp-content\/uploads\/2023\/05\/logo.png","width":130,"height":130,"caption":"Capefoxx AG"},"image":{"@id":"https:\/\/capefoxx.com\/de\/#\/schema\/logo\/image\/"}}]}},"_links":{"self":[{"href":"https:\/\/capefoxx.com\/de\/wp-json\/wp\/v2\/pages\/7689","targetHints":{"allow":["GET"]}}],"collection":[{"href":"https:\/\/capefoxx.com\/de\/wp-json\/wp\/v2\/pages"}],"about":[{"href":"https:\/\/capefoxx.com\/de\/wp-json\/wp\/v2\/types\/page"}],"author":[{"embeddable":true,"href":"https:\/\/capefoxx.com\/de\/wp-json\/wp\/v2\/users\/1"}],"replies":[{"embeddable":true,"href":"https:\/\/capefoxx.com\/de\/wp-json\/wp\/v2\/comments?post=7689"}],"version-history":[{"count":2,"href":"https:\/\/capefoxx.com\/de\/wp-json\/wp\/v2\/pages\/7689\/revisions"}],"predecessor-version":[{"id":11810,"href":"https:\/\/capefoxx.com\/de\/wp-json\/wp\/v2\/pages\/7689\/revisions\/11810"}],"wp:attachment":[{"href":"https:\/\/capefoxx.com\/de\/wp-json\/wp\/v2\/media?parent=7689"}],"curies":[{"name":"wp","href":"https:\/\/api.w.org\/{rel}","templated":true}]}}